{"id":36837,"date":"2021-02-04T07:52:30","date_gmt":"2021-02-04T06:52:30","guid":{"rendered":"https:\/\/labotera.com\/vins\/lot-de-vins-contra-el-cancer\/"},"modified":"2021-08-13T12:18:33","modified_gmt":"2021-08-13T10:18:33","slug":"lot-de-vins-contra-el-cancer","status":"publish","type":"product","link":"https:\/\/labotera.com\/en\/vins\/lot-de-vins-contra-el-cancer\/","title":{"rendered":"Lot de &#8220;Vins contra el C\u00e0ncer&#8221;"},"content":{"rendered":"","protected":false},"excerpt":{"rendered":"<p><strong>Lot de vins solidaris del Celler La Botera per contribuir a La lluita contra el C\u00e0ncer.<\/strong><\/p>\n<p>Celler la Botera hem seleccionat 6 botelles de 4 dels nostres vins:<\/p>\n<ul>\n<li><a href=\"https:\/\/labotera.com\/vins\/vilaclosa-rubor-fitxa\/\" target=\"_blank\" rel=\"noopener noreferrer\">Vila\u00b7Closa rosat<\/a><\/li>\n<li><a href=\"https:\/\/labotera.com\/vins\/vila-closa-chardonnay\/\" target=\"_blank\" rel=\"noopener noreferrer\">Vila\u00b7Closa Chardonnay<\/a><\/li>\n<li><a href=\"https:\/\/labotera.com\/vins\/vila-closa-garnatxa-peluda\/\" target=\"_blank\" rel=\"noopener noreferrer\">Vila\u00b7Closa Garnatxa Peluda<\/a><\/li>\n<li><a href=\"https:\/\/labotera.com\/vins\/mudefer-fitxa\/\" target=\"_blank\" rel=\"noopener noreferrer\">Mud\u00e8fer<\/a><\/li>\n<li><a href=\"https:\/\/labotera.com\/vins\/bateador\/\" target=\"_blank\" rel=\"noopener noreferrer\">Vermut Lo Batead&#8217;Or<\/a><\/li>\n<li><a href=\"https:\/\/labotera.com\/vins\/bruna-blanc\/\" target=\"_blank\" rel=\"noopener noreferrer\">Bruna Dol\u00e7or Blanc<\/a><\/li>\n<\/ul>\n<p>Feu-ne un tast i col\u00b7laborem junts en una acci\u00f3 tan humana.<\/p>\n<p><strong>Amb la compra d&#8217;aquest Lot de Vins, farem donaci\u00f3 del 10% del seu preu a la Lliga contra el C\u00e0ncer.<\/strong><\/p>\n<p><em>I A M\u00c9S, <strong>ELS PORTS S\u00d3N GRATU\u00cfTS !<\/strong><\/em><\/p>\n<p><strong><em>Gr\u00e0cies per ajudar-nos a ser solidaris i SALUT per a tothom!<\/em><\/strong><\/p>\n","protected":false},"featured_media":35066,"template":"","meta":{"_joinchat":[]},"product_brand":[],"product_cat":[660],"product_tag":[670,671,672,673],"class_list":{"0":"post-36837","1":"product","2":"type-product","3":"status-publish","4":"has-post-thumbnail","6":"product_cat-packs-especials-en","7":"product_tag-lot-de-vins-en","8":"product_tag-pack-de-vins-en","9":"product_tag-terra-alta-en","10":"product_tag-vi-solidari-en","11":"product_shipping_class-gratis-en","12":"description-off","14":"first","15":"instock","16":"taxable","17":"shipping-taxable","18":"purchasable","19":"product-type-simple"},"yoast_head":"<!-- This site is optimized with the Yoast SEO plugin v25.5 - https:\/\/yoast.com\/wordpress\/plugins\/seo\/ -->\n<title>Lot de &quot;Vins contra el C\u00e0ncer&quot; - Celler La Botera - Terra Alta<\/title>\n<meta name=\"description\" content=\"Pack solidari de vins del celler La Botera per a contribuir a la lluita pel Covid-19.\" \/>\n<meta name=\"robots\" content=\"index, follow, max-snippet:-1, max-image-preview:large, max-video-preview:-1\" \/>\n<link rel=\"canonical\" href=\"https:\/\/labotera.com\/en\/vins\/lot-de-vins-contra-el-cancer\/\" \/>\n<meta property=\"og:locale\" content=\"en_US\" \/>\n<meta property=\"og:type\" content=\"article\" \/>\n<meta property=\"og:title\" content=\"Lot de &quot;Vins contra el C\u00e0ncer&quot; - Celler La Botera - Terra Alta\" \/>\n<meta property=\"og:description\" content=\"Pack solidari de vins del celler La Botera per a contribuir a la lluita pel Covid-19.\" \/>\n<meta property=\"og:url\" content=\"https:\/\/labotera.com\/en\/vins\/lot-de-vins-contra-el-cancer\/\" \/>\n<meta property=\"og:site_name\" content=\"Celler La Botera - Terra Alta\" \/>\n<meta property=\"article:modified_time\" content=\"2021-08-13T10:18:33+00:00\" \/>\n<meta property=\"og:image\" content=\"https:\/\/labotera.com\/wp-content\/uploads\/2021\/04\/labotera-lot-cancer-1200x1200px-2.jpg\" \/>\n\t<meta property=\"og:image:width\" content=\"1200\" \/>\n\t<meta property=\"og:image:height\" content=\"1200\" \/>\n\t<meta property=\"og:image:type\" content=\"image\/jpeg\" \/>\n<meta name=\"twitter:card\" content=\"summary_large_image\" \/>\n<script type=\"application\/ld+json\" class=\"yoast-schema-graph\">{\"@context\":\"https:\/\/schema.org\",\"@graph\":[{\"@type\":\"WebPage\",\"@id\":\"https:\/\/labotera.com\/en\/vins\/lot-de-vins-contra-el-cancer\/\",\"url\":\"https:\/\/labotera.com\/en\/vins\/lot-de-vins-contra-el-cancer\/\",\"name\":\"Lot de \\\"Vins contra el C\u00e0ncer\\\" - Celler La Botera - Terra Alta\",\"isPartOf\":{\"@id\":\"https:\/\/labotera.com\/en\/#website\"},\"primaryImageOfPage\":{\"@id\":\"https:\/\/labotera.com\/en\/vins\/lot-de-vins-contra-el-cancer\/#primaryimage\"},\"image\":{\"@id\":\"https:\/\/labotera.com\/en\/vins\/lot-de-vins-contra-el-cancer\/#primaryimage\"},\"thumbnailUrl\":\"https:\/\/labotera.com\/wp-content\/uploads\/2021\/04\/labotera-lot-cancer-1200x1200px-2.jpg\",\"datePublished\":\"2021-02-04T06:52:30+00:00\",\"dateModified\":\"2021-08-13T10:18:33+00:00\",\"description\":\"Pack solidari de vins del celler La Botera per a contribuir a la lluita pel Covid-19.\",\"breadcrumb\":{\"@id\":\"https:\/\/labotera.com\/en\/vins\/lot-de-vins-contra-el-cancer\/#breadcrumb\"},\"inLanguage\":\"en-US\",\"potentialAction\":[{\"@type\":\"ReadAction\",\"target\":[\"https:\/\/labotera.com\/en\/vins\/lot-de-vins-contra-el-cancer\/\"]}]},{\"@type\":\"ImageObject\",\"inLanguage\":\"en-US\",\"@id\":\"https:\/\/labotera.com\/en\/vins\/lot-de-vins-contra-el-cancer\/#primaryimage\",\"url\":\"https:\/\/labotera.com\/wp-content\/uploads\/2021\/04\/labotera-lot-cancer-1200x1200px-2.jpg\",\"contentUrl\":\"https:\/\/labotera.com\/wp-content\/uploads\/2021\/04\/labotera-lot-cancer-1200x1200px-2.jpg\",\"width\":1200,\"height\":1200},{\"@type\":\"BreadcrumbList\",\"@id\":\"https:\/\/labotera.com\/en\/vins\/lot-de-vins-contra-el-cancer\/#breadcrumb\",\"itemListElement\":[{\"@type\":\"ListItem\",\"position\":1,\"name\":\"Portada\",\"item\":\"https:\/\/labotera.com\/en\/\"},{\"@type\":\"ListItem\",\"position\":2,\"name\":\"Products\",\"item\":\"https:\/\/labotera.com\/en\/shop\/\"},{\"@type\":\"ListItem\",\"position\":3,\"name\":\"Lot de &#8220;Vins contra el C\u00e0ncer&#8221;\"}]},{\"@type\":\"WebSite\",\"@id\":\"https:\/\/labotera.com\/en\/#website\",\"url\":\"https:\/\/labotera.com\/en\/\",\"name\":\"Celler La Botera - Terra Alta\",\"description\":\"\",\"publisher\":{\"@id\":\"https:\/\/labotera.com\/en\/#organization\"},\"potentialAction\":[{\"@type\":\"SearchAction\",\"target\":{\"@type\":\"EntryPoint\",\"urlTemplate\":\"https:\/\/labotera.com\/en\/?s={search_term_string}\"},\"query-input\":{\"@type\":\"PropertyValueSpecification\",\"valueRequired\":true,\"valueName\":\"search_term_string\"}}],\"inLanguage\":\"en-US\"},{\"@type\":\"Organization\",\"@id\":\"https:\/\/labotera.com\/en\/#organization\",\"name\":\"Celler La Botera\",\"url\":\"https:\/\/labotera.com\/en\/\",\"logo\":{\"@type\":\"ImageObject\",\"inLanguage\":\"en-US\",\"@id\":\"https:\/\/labotera.com\/en\/#\/schema\/logo\/image\/\",\"url\":\"https:\/\/labotera.com\/wp-content\/uploads\/2019\/07\/logo-labotera-facturas.png\",\"contentUrl\":\"https:\/\/labotera.com\/wp-content\/uploads\/2019\/07\/logo-labotera-facturas.png\",\"width\":208,\"height\":40,\"caption\":\"Celler La Botera\"},\"image\":{\"@id\":\"https:\/\/labotera.com\/en\/#\/schema\/logo\/image\/\"}}]}<\/script>\n<!-- \/ Yoast SEO plugin. -->","yoast_head_json":{"title":"Lot de \"Vins contra el C\u00e0ncer\" - Celler La Botera - Terra Alta","description":"Pack solidari de vins del celler La Botera per a contribuir a la lluita pel Covid-19.","robots":{"index":"index","follow":"follow","max-snippet":"max-snippet:-1","max-image-preview":"max-image-preview:large","max-video-preview":"max-video-preview:-1"},"canonical":"https:\/\/labotera.com\/en\/vins\/lot-de-vins-contra-el-cancer\/","og_locale":"en_US","og_type":"article","og_title":"Lot de \"Vins contra el C\u00e0ncer\" - Celler La Botera - Terra Alta","og_description":"Pack solidari de vins del celler La Botera per a contribuir a la lluita pel Covid-19.","og_url":"https:\/\/labotera.com\/en\/vins\/lot-de-vins-contra-el-cancer\/","og_site_name":"Celler La Botera - Terra Alta","article_modified_time":"2021-08-13T10:18:33+00:00","og_image":[{"width":1200,"height":1200,"url":"https:\/\/labotera.com\/wp-content\/uploads\/2021\/04\/labotera-lot-cancer-1200x1200px-2.jpg","type":"image\/jpeg"}],"twitter_card":"summary_large_image","schema":{"@context":"https:\/\/schema.org","@graph":[{"@type":"WebPage","@id":"https:\/\/labotera.com\/en\/vins\/lot-de-vins-contra-el-cancer\/","url":"https:\/\/labotera.com\/en\/vins\/lot-de-vins-contra-el-cancer\/","name":"Lot de \"Vins contra el C\u00e0ncer\" - Celler La Botera - Terra Alta","isPartOf":{"@id":"https:\/\/labotera.com\/en\/#website"},"primaryImageOfPage":{"@id":"https:\/\/labotera.com\/en\/vins\/lot-de-vins-contra-el-cancer\/#primaryimage"},"image":{"@id":"https:\/\/labotera.com\/en\/vins\/lot-de-vins-contra-el-cancer\/#primaryimage"},"thumbnailUrl":"https:\/\/labotera.com\/wp-content\/uploads\/2021\/04\/labotera-lot-cancer-1200x1200px-2.jpg","datePublished":"2021-02-04T06:52:30+00:00","dateModified":"2021-08-13T10:18:33+00:00","description":"Pack solidari de vins del celler La Botera per a contribuir a la lluita pel Covid-19.","breadcrumb":{"@id":"https:\/\/labotera.com\/en\/vins\/lot-de-vins-contra-el-cancer\/#breadcrumb"},"inLanguage":"en-US","potentialAction":[{"@type":"ReadAction","target":["https:\/\/labotera.com\/en\/vins\/lot-de-vins-contra-el-cancer\/"]}]},{"@type":"ImageObject","inLanguage":"en-US","@id":"https:\/\/labotera.com\/en\/vins\/lot-de-vins-contra-el-cancer\/#primaryimage","url":"https:\/\/labotera.com\/wp-content\/uploads\/2021\/04\/labotera-lot-cancer-1200x1200px-2.jpg","contentUrl":"https:\/\/labotera.com\/wp-content\/uploads\/2021\/04\/labotera-lot-cancer-1200x1200px-2.jpg","width":1200,"height":1200},{"@type":"BreadcrumbList","@id":"https:\/\/labotera.com\/en\/vins\/lot-de-vins-contra-el-cancer\/#breadcrumb","itemListElement":[{"@type":"ListItem","position":1,"name":"Portada","item":"https:\/\/labotera.com\/en\/"},{"@type":"ListItem","position":2,"name":"Products","item":"https:\/\/labotera.com\/en\/shop\/"},{"@type":"ListItem","position":3,"name":"Lot de &#8220;Vins contra el C\u00e0ncer&#8221;"}]},{"@type":"WebSite","@id":"https:\/\/labotera.com\/en\/#website","url":"https:\/\/labotera.com\/en\/","name":"Celler La Botera - Terra Alta","description":"","publisher":{"@id":"https:\/\/labotera.com\/en\/#organization"},"potentialAction":[{"@type":"SearchAction","target":{"@type":"EntryPoint","urlTemplate":"https:\/\/labotera.com\/en\/?s={search_term_string}"},"query-input":{"@type":"PropertyValueSpecification","valueRequired":true,"valueName":"search_term_string"}}],"inLanguage":"en-US"},{"@type":"Organization","@id":"https:\/\/labotera.com\/en\/#organization","name":"Celler La Botera","url":"https:\/\/labotera.com\/en\/","logo":{"@type":"ImageObject","inLanguage":"en-US","@id":"https:\/\/labotera.com\/en\/#\/schema\/logo\/image\/","url":"https:\/\/labotera.com\/wp-content\/uploads\/2019\/07\/logo-labotera-facturas.png","contentUrl":"https:\/\/labotera.com\/wp-content\/uploads\/2019\/07\/logo-labotera-facturas.png","width":208,"height":40,"caption":"Celler La Botera"},"image":{"@id":"https:\/\/labotera.com\/en\/#\/schema\/logo\/image\/"}}]}},"jetpack_sharing_enabled":true,"_links":{"self":[{"href":"https:\/\/labotera.com\/en\/wp-json\/wp\/v2\/product\/36837","targetHints":{"allow":["GET"]}}],"collection":[{"href":"https:\/\/labotera.com\/en\/wp-json\/wp\/v2\/product"}],"about":[{"href":"https:\/\/labotera.com\/en\/wp-json\/wp\/v2\/types\/product"}],"wp:featuredmedia":[{"embeddable":true,"href":"https:\/\/labotera.com\/en\/wp-json\/wp\/v2\/media\/35066"}],"wp:attachment":[{"href":"https:\/\/labotera.com\/en\/wp-json\/wp\/v2\/media?parent=36837"}],"wp:term":[{"taxonomy":"product_brand","embeddable":true,"href":"https:\/\/labotera.com\/en\/wp-json\/wp\/v2\/product_brand?post=36837"},{"taxonomy":"product_cat","embeddable":true,"href":"https:\/\/labotera.com\/en\/wp-json\/wp\/v2\/product_cat?post=36837"},{"taxonomy":"product_tag","embeddable":true,"href":"https:\/\/labotera.com\/en\/wp-json\/wp\/v2\/product_tag?post=36837"}],"curies":[{"name":"wp","href":"https:\/\/api.w.org\/{rel}","templated":true}]}}