{"id":2767,"date":"2018-11-16T15:08:23","date_gmt":"2018-11-16T14:08:23","guid":{"rendered":"https:\/\/labotera.com\/politica-de-cookies\/"},"modified":"2019-06-27T09:33:32","modified_gmt":"2019-06-27T07:33:32","slug":"politica-de-cookies","status":"publish","type":"page","link":"https:\/\/labotera.com\/es\/politica-de-cookies\/","title":{"rendered":"Pol\u00edtica de cookies"},"content":{"rendered":"<div class=\"wpb-content-wrapper\"><p>[vc_row][vc_column][vc_column_text]<strong>Pol\u00edtica de Cookies<\/strong><\/p>\n<p><strong>En relaci\u00f3n a las cookies durante la navegaci\u00f3n.<\/strong> Una cookie (o galleta inform\u00e1tica) es una peque\u00f1a informaci\u00f3n enviada por un sitio web y almacenada en el navegador del usuario, por lo que el sitio web puede consultar la actividad previa del usuario.<\/p>\n<p><strong>Sus principales funciones son:<\/strong> Llevar el control de usuarios: cuando un usuario introduce su nombre de usuario y contrase\u00f1a, se almacena una cookie para que no tenga que estar introduci\u00e9ndolas para cada p\u00e1gina del servidor. Sin embargo, una cookie no identifica s\u00f3lo a una persona, sino a una combinaci\u00f3n de ordenador &#8211; navegador &#8211; usuario. Consigue informaci\u00f3n sobre los h\u00e1bitos de navegaci\u00f3n del usuario, entre otros.<\/p>\n<p>ESTA WEB UTILIZA COOKIES PROPIAS<\/p>\n<table>\n<tbody>\n<tr>\n<td width=\"210\"><strong>Tipo de <em>cookie<\/em><\/strong><\/td>\n<td width=\"200\"><strong>Finalidad<\/strong><\/td>\n<td width=\"200\"><strong>Duraci\u00f3n<\/strong><\/td>\n<\/tr>\n<tr>\n<td><strong>wordpress_<\/strong><\/td>\n<td>Recordatorio de Sesi\u00f3n<\/td>\n<td>Sesi\u00f3n<\/td>\n<\/tr>\n<tr>\n<td><strong>wordpress_logged_in_<\/strong><\/td>\n<td>Recordatorio de Sesi\u00f3n<\/td>\n<td>Sesi\u00f3n<\/td>\n<\/tr>\n<tr>\n<td><strong>wordpress_test_<\/strong><\/td>\n<td>Recordatorio de Sesi\u00f3n<\/td>\n<td>Sesi\u00f3n<\/td>\n<\/tr>\n<tr>\n<td><strong>wordpress_test_cookie<\/strong><\/td>\n<td>WordPress Test Cookies<\/td>\n<td>Sesi\u00f3n<\/td>\n<\/tr>\n<tr>\n<td><strong>wp-settings-[UID]<\/strong><\/td>\n<td>Se utiliza para personalizar la interfaz de usuario.<\/td>\n<td>1 a\u00f1o<\/td>\n<\/tr>\n<tr>\n<td><strong>wp-settings-time-[UID]<\/strong><\/td>\n<td>Almacena el aspecto de la interfaz de administraci\u00f3n y del sitio principal.<\/td>\n<td>1 a\u00f1o<\/td>\n<\/tr>\n<\/tbody>\n<\/table>\n<p>COOKIES DE TERCEROS<\/p>\n<table>\n<tbody>\n<tr>\n<td width=\"110\"><strong>Tipo de\u00a0<em>cookie<\/em><\/strong><\/td>\n<td width=\"100\"><strong>Empresa<\/strong><\/td>\n<td width=\"200\"><strong>Finalidad<\/strong><\/td>\n<td width=\"200\"><strong>M\u00e1s Informaci\u00f3n<\/strong><\/td>\n<\/tr>\n<tr>\n<td><strong>_utma<br \/>\n_utmb<br \/>\n_utmc<br \/>\n_utmz<\/strong><\/td>\n<td><strong>Google<\/strong><\/td>\n<td>Navegaci\u00f3n de manera an\u00f3nima que permite saber qu\u00e9 se consulta y c\u00f3mo se navega<\/td>\n<td>http:\/\/www.google.es\/intl\/es\/analytics\/privacyoverview.html<\/td>\n<\/tr>\n<\/tbody>\n<\/table>\n<p>GESTIONAR COOKIES<\/p>\n<p><strong>Usted puede permitir, bloquear o eliminar las cookies instaladas en su equipo<\/strong>\u00a0mediante la configuraci\u00f3n de las opciones del navegador en su ordenador. Si no est\u00e1 seguro sobre qu\u00e9 tipo y versi\u00f3n de navegador utiliza para acceder a Internet: Para Windows: click en &#8216;Ayuda&#8217; en la parte superior de la ventana de su navegador y seleccione la opci\u00f3n &#8216;Acerca de&#8217;. Para Mac: con la venta del navegador abierta, clic en el men\u00fa de Apple y seleccione la opci\u00f3n &#8216;Sobre &#8230;&#8217;.<\/p>\n<p>\u00bfC\u00d3MO GESTIONAR LAS GALLETAS EN WINDOWS?<\/p>\n<p><strong>Google Chrome<\/strong><\/p>\n<p>Haz clic en el men\u00fa de Chrome en la barra de herramientas del navegador. Selecciona \u00ab<strong>Configuraci\u00f3n<\/strong>\u00ab. Haz clic en \u00ab<strong>Mostrar opciones avanzadas<\/strong> &#8230;\u00bb En la secci\u00f3n \u00ab<strong>Privacidad<\/strong>\u00ab, haga clic en el bot\u00f3n \u00ab<strong>Configuraci\u00f3n de contenido<\/strong> &#8230;\u00bb. En la secci\u00f3n \u00ab<strong>Cookies<\/strong>\u00ab, puedes configurar las opciones que se indican a continuaci\u00f3n: Eliminar cookies, bloquear o permitir las cookies por defecto, incluir excepciones de cookies de dominios o sitios web espec\u00edficos. Para m\u00e1s detalle consulta la ayuda de <strong>Google Chrome<\/strong>.<\/p>\n<p><strong>Microsoft Internet Explorer 7.0 y 8.0<\/strong><\/p>\n<p>Haga clic en el bot\u00f3n \u00ab<strong>Herramientas<\/strong>\u00bb y luego en \u00ab<strong>Opciones de Internet<\/strong>\u00ab. Haga clic en la ficha \u00ab<strong>Privacidad<\/strong>\u00bb y, a continuaci\u00f3n, mueva el control deslizante a una posici\u00f3n intermedia entre los extremos superior e inferior, de modo que no se bloqueen ni permitan todas las cookies. Haga clic en \u00ab<strong>Lugares<\/strong>\u00ab. En el cuadro \u00ab<strong>Direcci\u00f3n del sitio web<\/strong>\u00ab, escriba la direcci\u00f3n de un sitio web y, despu\u00e9s, haga clic en \u00ab<strong>Bloquear<\/strong>\u00bb o \u00ab<strong>Permitir<\/strong>\u00ab. Mientras escriba, ir\u00e1 apareciendo una lista de las p\u00e1ginas web que ya haya visitado. Si hace clic en un elemento de la lista, se mostrar\u00e1 en el cuadro Direcci\u00f3n del sitio web. Al terminar, haga clic en \u00ab<strong>Aceptar<\/strong>\u00ab. Vuelva a colocar el control deslizante en su posici\u00f3n original y haga clic en \u00ab<strong>Aceptar<\/strong>\u00ab. Puedes consultar la ayuda de Windows para m\u00e1s informaci\u00f3n.<\/p>\n<p><strong>\u00a0<\/strong><\/p>\n<p><strong>Mozilla Firefox<\/strong><\/p>\n<p>Haga clic en el bot\u00f3n \u00ab<strong>Herramientas<\/strong>\u00bb y luego en \u00ab<strong>Opciones de Internet<\/strong>\u00ab. Haga clic en la ficha \u00ab<strong>Privacidad<\/strong>\u00bb y, a continuaci\u00f3n, mueva el control deslizante a una posici\u00f3n intermedia entre los extremos superior e inferior, de modo que no se bloqueen ni permitan todas las cookies. Haga clic en \u00ab<strong>Lugares<\/strong>\u00ab. En el cuadro \u00ab<strong>Direcci\u00f3n del sitio we<\/strong>b\u00bb, escriba la direcci\u00f3n de un sitio web y, despu\u00e9s, haga clic en \u00ab<strong>Bloquear<\/strong>\u00bb o \u00ab<strong>Permitir<\/strong>\u00ab. Mientras escriba, ir\u00e1 apareciendo una lista de las p\u00e1ginas web que ya haya visitado. Si hace clic en un elemento de la lista, se mostrar\u00e1 en el cuadro Direcci\u00f3n del sitio web. Al terminar, haga clic en \u00ab<strong>Aceptar<\/strong>\u00ab. Vuelva a colocar el control deslizante en su posici\u00f3n original y haga clic en \u00ab<strong>Aceptar<\/strong>\u00ab. Puedes consultar la ayuda de Windows para m\u00e1s informaci\u00f3n.<\/p>\n<p>&nbsp;<\/p>\n<p><strong>Safari<\/strong><\/p>\n<p>Haga clic en \u00ab<strong>Safari<\/strong>\u00bb en la parte superior de la ventana de su navegador y seleccione la opci\u00f3n &#8216;<strong>Preferencias<\/strong>&#8216;. Haga clic en \u00ab<strong>Privacidad<\/strong>\u00ab. En el apartado \u00ab<strong>Bloquear cookies<\/strong>\u00bb seleccione una de las siguientes opciones seg\u00fan le interese: \u00ab<strong>De publicidad y terceros<\/strong>\u00ab, \u00ab<strong>Siempre<\/strong>\u00ab, o \u00ab<strong>Nunca<\/strong>\u00ab.<\/p>\n<p><strong>Opera<\/strong><\/p>\n<p>Haga clic en \u00ab<strong>Configuraci\u00f3n<\/strong>\u00bb en la parte superior de la ventana del navegador y seleccione &#8216;<strong>Opciones<\/strong>&#8216;. A continuaci\u00f3n seleccione la pesta\u00f1a \u00ab<strong>Avanzado<\/strong>\u00bb y en la lista de la izquierda seleccionar \u00ab<strong>Cookies<\/strong>\u00ab. A continuaci\u00f3n, seleccione \u00ab<strong>Aceptar cookies<\/strong>\u00ab. Dispone de tres opciones seg\u00fan su preferencia: \u00ab<strong>Aceptar cookies<\/strong>\u00ab.[\/vc_column_text][\/vc_column][\/vc_row]<\/p>\n<\/div>","protected":false},"excerpt":{"rendered":"<p>[vc_row][vc_column][vc_column_text]Pol\u00edtica de Cookies En relaci\u00f3n a las cookies durante la navegaci\u00f3n. Una cookie (o galleta inform\u00e1tica) es una peque\u00f1a informaci\u00f3n enviada por un sitio web y almacenada en el navegador del usuario, por lo que el sitio web puede consultar la actividad previa del usuario. Sus principales funciones son: Llevar el control de usuarios: cuando&hellip;<\/p>\n","protected":false},"author":2,"featured_media":0,"parent":0,"menu_order":0,"comment_status":"closed","ping_status":"closed","template":"","meta":{"_joinchat":[],"footnotes":""},"class_list":["post-2767","page","type-page","status-publish","hentry","description-off"],"yoast_head":"<!-- This site is optimized with the Yoast SEO plugin v25.5 - https:\/\/yoast.com\/wordpress\/plugins\/seo\/ -->\n<title>Pol\u00edtica de cookies - Celler La Botera - Terra Alta<\/title>\n<meta name=\"robots\" content=\"index, follow, max-snippet:-1, max-image-preview:large, max-video-preview:-1\" \/>\n<link rel=\"canonical\" href=\"https:\/\/labotera.com\/es\/politica-de-cookies\/\" \/>\n<meta property=\"og:locale\" content=\"es_ES\" \/>\n<meta property=\"og:type\" content=\"article\" \/>\n<meta property=\"og:title\" content=\"Pol\u00edtica de cookies - Celler La Botera - Terra Alta\" \/>\n<meta property=\"og:description\" content=\"[vc_row][vc_column][vc_column_text]Pol\u00edtica de Cookies En relaci\u00f3n a las cookies durante la navegaci\u00f3n. Una cookie (o galleta inform\u00e1tica) es una peque\u00f1a informaci\u00f3n enviada por un sitio web y almacenada en el navegador del usuario, por lo que el sitio web puede consultar la actividad previa del usuario. Sus principales funciones son: Llevar el control de usuarios: cuando&hellip;\" \/>\n<meta property=\"og:url\" content=\"https:\/\/labotera.com\/es\/politica-de-cookies\/\" \/>\n<meta property=\"og:site_name\" content=\"Celler La Botera - Terra Alta\" \/>\n<meta property=\"article:modified_time\" content=\"2019-06-27T07:33:32+00:00\" \/>\n<meta name=\"twitter:card\" content=\"summary_large_image\" \/>\n<meta name=\"twitter:label1\" content=\"Tiempo de lectura\" \/>\n\t<meta name=\"twitter:data1\" content=\"4 minutos\" \/>\n<script type=\"application\/ld+json\" class=\"yoast-schema-graph\">{\"@context\":\"https:\/\/schema.org\",\"@graph\":[{\"@type\":\"WebPage\",\"@id\":\"https:\/\/labotera.com\/es\/politica-de-cookies\/\",\"url\":\"https:\/\/labotera.com\/es\/politica-de-cookies\/\",\"name\":\"Pol\u00edtica de cookies - Celler La Botera - Terra Alta\",\"isPartOf\":{\"@id\":\"https:\/\/labotera.com\/es\/#website\"},\"datePublished\":\"2018-11-16T14:08:23+00:00\",\"dateModified\":\"2019-06-27T07:33:32+00:00\",\"breadcrumb\":{\"@id\":\"https:\/\/labotera.com\/es\/politica-de-cookies\/#breadcrumb\"},\"inLanguage\":\"es\",\"potentialAction\":[{\"@type\":\"ReadAction\",\"target\":[\"https:\/\/labotera.com\/es\/politica-de-cookies\/\"]}]},{\"@type\":\"BreadcrumbList\",\"@id\":\"https:\/\/labotera.com\/es\/politica-de-cookies\/#breadcrumb\",\"itemListElement\":[{\"@type\":\"ListItem\",\"position\":1,\"name\":\"Portada\",\"item\":\"https:\/\/labotera.com\/es\/\"},{\"@type\":\"ListItem\",\"position\":2,\"name\":\"Pol\u00edtica de cookies\"}]},{\"@type\":\"WebSite\",\"@id\":\"https:\/\/labotera.com\/es\/#website\",\"url\":\"https:\/\/labotera.com\/es\/\",\"name\":\"Celler La Botera - Terra Alta\",\"description\":\"\",\"publisher\":{\"@id\":\"https:\/\/labotera.com\/es\/#organization\"},\"potentialAction\":[{\"@type\":\"SearchAction\",\"target\":{\"@type\":\"EntryPoint\",\"urlTemplate\":\"https:\/\/labotera.com\/es\/?s={search_term_string}\"},\"query-input\":{\"@type\":\"PropertyValueSpecification\",\"valueRequired\":true,\"valueName\":\"search_term_string\"}}],\"inLanguage\":\"es\"},{\"@type\":\"Organization\",\"@id\":\"https:\/\/labotera.com\/es\/#organization\",\"name\":\"Celler La Botera\",\"url\":\"https:\/\/labotera.com\/es\/\",\"logo\":{\"@type\":\"ImageObject\",\"inLanguage\":\"es\",\"@id\":\"https:\/\/labotera.com\/es\/#\/schema\/logo\/image\/\",\"url\":\"https:\/\/labotera.com\/wp-content\/uploads\/2019\/07\/logo-labotera-facturas.png\",\"contentUrl\":\"https:\/\/labotera.com\/wp-content\/uploads\/2019\/07\/logo-labotera-facturas.png\",\"width\":208,\"height\":40,\"caption\":\"Celler La Botera\"},\"image\":{\"@id\":\"https:\/\/labotera.com\/es\/#\/schema\/logo\/image\/\"}}]}<\/script>\n<!-- \/ Yoast SEO plugin. -->","yoast_head_json":{"title":"Pol\u00edtica de cookies - Celler La Botera - Terra Alta","robots":{"index":"index","follow":"follow","max-snippet":"max-snippet:-1","max-image-preview":"max-image-preview:large","max-video-preview":"max-video-preview:-1"},"canonical":"https:\/\/labotera.com\/es\/politica-de-cookies\/","og_locale":"es_ES","og_type":"article","og_title":"Pol\u00edtica de cookies - Celler La Botera - Terra Alta","og_description":"[vc_row][vc_column][vc_column_text]Pol\u00edtica de Cookies En relaci\u00f3n a las cookies durante la navegaci\u00f3n. Una cookie (o galleta inform\u00e1tica) es una peque\u00f1a informaci\u00f3n enviada por un sitio web y almacenada en el navegador del usuario, por lo que el sitio web puede consultar la actividad previa del usuario. Sus principales funciones son: Llevar el control de usuarios: cuando&hellip;","og_url":"https:\/\/labotera.com\/es\/politica-de-cookies\/","og_site_name":"Celler La Botera - Terra Alta","article_modified_time":"2019-06-27T07:33:32+00:00","twitter_card":"summary_large_image","twitter_misc":{"Tiempo de lectura":"4 minutos"},"schema":{"@context":"https:\/\/schema.org","@graph":[{"@type":"WebPage","@id":"https:\/\/labotera.com\/es\/politica-de-cookies\/","url":"https:\/\/labotera.com\/es\/politica-de-cookies\/","name":"Pol\u00edtica de cookies - Celler La Botera - Terra Alta","isPartOf":{"@id":"https:\/\/labotera.com\/es\/#website"},"datePublished":"2018-11-16T14:08:23+00:00","dateModified":"2019-06-27T07:33:32+00:00","breadcrumb":{"@id":"https:\/\/labotera.com\/es\/politica-de-cookies\/#breadcrumb"},"inLanguage":"es","potentialAction":[{"@type":"ReadAction","target":["https:\/\/labotera.com\/es\/politica-de-cookies\/"]}]},{"@type":"BreadcrumbList","@id":"https:\/\/labotera.com\/es\/politica-de-cookies\/#breadcrumb","itemListElement":[{"@type":"ListItem","position":1,"name":"Portada","item":"https:\/\/labotera.com\/es\/"},{"@type":"ListItem","position":2,"name":"Pol\u00edtica de cookies"}]},{"@type":"WebSite","@id":"https:\/\/labotera.com\/es\/#website","url":"https:\/\/labotera.com\/es\/","name":"Celler La Botera - Terra Alta","description":"","publisher":{"@id":"https:\/\/labotera.com\/es\/#organization"},"potentialAction":[{"@type":"SearchAction","target":{"@type":"EntryPoint","urlTemplate":"https:\/\/labotera.com\/es\/?s={search_term_string}"},"query-input":{"@type":"PropertyValueSpecification","valueRequired":true,"valueName":"search_term_string"}}],"inLanguage":"es"},{"@type":"Organization","@id":"https:\/\/labotera.com\/es\/#organization","name":"Celler La Botera","url":"https:\/\/labotera.com\/es\/","logo":{"@type":"ImageObject","inLanguage":"es","@id":"https:\/\/labotera.com\/es\/#\/schema\/logo\/image\/","url":"https:\/\/labotera.com\/wp-content\/uploads\/2019\/07\/logo-labotera-facturas.png","contentUrl":"https:\/\/labotera.com\/wp-content\/uploads\/2019\/07\/logo-labotera-facturas.png","width":208,"height":40,"caption":"Celler La Botera"},"image":{"@id":"https:\/\/labotera.com\/es\/#\/schema\/logo\/image\/"}}]}},"jetpack_sharing_enabled":true,"_links":{"self":[{"href":"https:\/\/labotera.com\/es\/wp-json\/wp\/v2\/pages\/2767","targetHints":{"allow":["GET"]}}],"collection":[{"href":"https:\/\/labotera.com\/es\/wp-json\/wp\/v2\/pages"}],"about":[{"href":"https:\/\/labotera.com\/es\/wp-json\/wp\/v2\/types\/page"}],"author":[{"embeddable":true,"href":"https:\/\/labotera.com\/es\/wp-json\/wp\/v2\/users\/2"}],"replies":[{"embeddable":true,"href":"https:\/\/labotera.com\/es\/wp-json\/wp\/v2\/comments?post=2767"}],"version-history":[{"count":3,"href":"https:\/\/labotera.com\/es\/wp-json\/wp\/v2\/pages\/2767\/revisions"}],"predecessor-version":[{"id":2773,"href":"https:\/\/labotera.com\/es\/wp-json\/wp\/v2\/pages\/2767\/revisions\/2773"}],"wp:attachment":[{"href":"https:\/\/labotera.com\/es\/wp-json\/wp\/v2\/media?parent=2767"}],"curies":[{"name":"wp","href":"https:\/\/api.w.org\/{rel}","templated":true}]}}