{"id":3419,"date":"2019-01-25T12:40:55","date_gmt":"2019-01-25T11:40:55","guid":{"rendered":"https:\/\/labotera.com\/cistella\/"},"modified":"2023-12-29T12:30:13","modified_gmt":"2023-12-29T11:30:13","slug":"carrito","status":"publish","type":"page","link":"https:\/\/labotera.com\/es\/carrito\/","title":{"rendered":"Carrito"},"content":{"rendered":"<div class=\"wpb-content-wrapper\"><p>[vc_row][vc_column][\/vc_column][\/vc_row][vc_row][vc_column width=\u00bb2\/3&#8243;][vc_empty_space][vc_column_text]<\/p>\n<ul>\n<li class=\"compra-minima\">Los env\u00edos se realizar\u00e1n una vez formalizada la confirmaci\u00f3n del pedido y la verificaci\u00f3n del pago en un plazo no superior a 72 horas.<\/li>\n<li class=\"compra-minima\">El m\u00e9todo de env\u00edo es a trav\u00e9s de un servicio de mensajer\u00eda urgente y las tarifas aplicables son:<\/li>\n<li class=\"compra-minima\">El coste del env\u00edo nacional (Espa\u00f1a pen\u00ednsula y Baleares). Excluidas Islas Canarias, Ceuta y Melilla.<br \/>\n&#8211; 8.25 \u20ac por caja de 6 unidades (botellas) o por Lotes (botellas)<br \/>\n&#8211; GRATIS para pedidos superiores a 150\u20ac y para Lotes especiales indicados.Precios con impuestos aplicables incluidos.<\/li>\n<\/ul>\n<p>[\/vc_column_text][\/vc_column][vc_column width=\u00bb1\/3&#8243;][vc_empty_space]<style type=\"text\/css\" data-type=\"the7_shortcodes-inline-css\">#default-btn-c9b6a1936c0ef4cf5bb83c7798e570a8.ico-right-side > i {\n  margin-right: 0px;\n  margin-left: 8px;\n}\n#default-btn-c9b6a1936c0ef4cf5bb83c7798e570a8 > i {\n  margin-right: 8px;\n}\n<\/style><div class=\"btn-align-center\"><a href=\"https:\/\/labotera.com\/es\/tienda\/\" class=\"default-btn-shortcode dt-btn dt-btn-m link-hover-off \" id=\"default-btn-c9b6a1936c0ef4cf5bb83c7798e570a8\" title=\"Tienda\"><span>Volver a la tienda<\/span><\/a><\/div>[\/vc_column][\/vc_row]<\/p>\n<\/div>","protected":false},"excerpt":{"rendered":"<p>[vc_row][vc_column][\/vc_column][\/vc_row][vc_row][vc_column width=\u00bb2\/3&#8243;][vc_empty_space][vc_column_text] Los env\u00edos se realizar\u00e1n una vez formalizada la confirmaci\u00f3n del pedido y la verificaci\u00f3n del pago en un plazo no superior a 72 horas. El m\u00e9todo de env\u00edo es a trav\u00e9s de un servicio de mensajer\u00eda urgente y las tarifas aplicables son: El coste del env\u00edo nacional (Espa\u00f1a pen\u00ednsula y Baleares). Excluidas Islas&hellip;<\/p>\n","protected":false},"author":2,"featured_media":0,"parent":0,"menu_order":0,"comment_status":"closed","ping_status":"closed","template":"","meta":{"_joinchat":[],"footnotes":""},"class_list":["post-3419","page","type-page","status-publish","hentry","description-off"],"yoast_head":"<!-- This site is optimized with the Yoast SEO plugin v25.5 - https:\/\/yoast.com\/wordpress\/plugins\/seo\/ -->\n<title>Carrito - Celler La Botera - Terra Alta<\/title>\n<meta name=\"robots\" content=\"index, follow, max-snippet:-1, max-image-preview:large, max-video-preview:-1\" \/>\n<link rel=\"canonical\" href=\"https:\/\/labotera.com\/es\/carrito\/\" \/>\n<meta property=\"og:locale\" content=\"es_ES\" \/>\n<meta property=\"og:type\" content=\"article\" \/>\n<meta property=\"og:title\" content=\"Carrito - Celler La Botera - Terra Alta\" \/>\n<meta property=\"og:description\" content=\"[vc_row][vc_column][\/vc_column][\/vc_row][vc_row][vc_column width=\u00bb2\/3&#8243;][vc_empty_space][vc_column_text] Los env\u00edos se realizar\u00e1n una vez formalizada la confirmaci\u00f3n del pedido y la verificaci\u00f3n del pago en un plazo no superior a 72 horas. El m\u00e9todo de env\u00edo es a trav\u00e9s de un servicio de mensajer\u00eda urgente y las tarifas aplicables son: El coste del env\u00edo nacional (Espa\u00f1a pen\u00ednsula y Baleares). Excluidas Islas&hellip;\" \/>\n<meta property=\"og:url\" content=\"https:\/\/labotera.com\/es\/carrito\/\" \/>\n<meta property=\"og:site_name\" content=\"Celler La Botera - Terra Alta\" \/>\n<meta property=\"article:modified_time\" content=\"2023-12-29T11:30:13+00:00\" \/>\n<meta name=\"twitter:card\" content=\"summary_large_image\" \/>\n<meta name=\"twitter:label1\" content=\"Tiempo de lectura\" \/>\n\t<meta name=\"twitter:data1\" content=\"1 minuto\" \/>\n<script type=\"application\/ld+json\" class=\"yoast-schema-graph\">{\"@context\":\"https:\/\/schema.org\",\"@graph\":[{\"@type\":\"WebPage\",\"@id\":\"https:\/\/labotera.com\/es\/carrito\/\",\"url\":\"https:\/\/labotera.com\/es\/carrito\/\",\"name\":\"Carrito - Celler La Botera - Terra Alta\",\"isPartOf\":{\"@id\":\"https:\/\/labotera.com\/es\/#website\"},\"datePublished\":\"2019-01-25T11:40:55+00:00\",\"dateModified\":\"2023-12-29T11:30:13+00:00\",\"breadcrumb\":{\"@id\":\"https:\/\/labotera.com\/es\/carrito\/#breadcrumb\"},\"inLanguage\":\"es\",\"potentialAction\":[{\"@type\":\"ReadAction\",\"target\":[\"https:\/\/labotera.com\/es\/carrito\/\"]}]},{\"@type\":\"BreadcrumbList\",\"@id\":\"https:\/\/labotera.com\/es\/carrito\/#breadcrumb\",\"itemListElement\":[{\"@type\":\"ListItem\",\"position\":1,\"name\":\"Portada\",\"item\":\"https:\/\/labotera.com\/es\/\"},{\"@type\":\"ListItem\",\"position\":2,\"name\":\"Carrito\"}]},{\"@type\":\"WebSite\",\"@id\":\"https:\/\/labotera.com\/es\/#website\",\"url\":\"https:\/\/labotera.com\/es\/\",\"name\":\"Celler La Botera - Terra Alta\",\"description\":\"\",\"publisher\":{\"@id\":\"https:\/\/labotera.com\/es\/#organization\"},\"potentialAction\":[{\"@type\":\"SearchAction\",\"target\":{\"@type\":\"EntryPoint\",\"urlTemplate\":\"https:\/\/labotera.com\/es\/?s={search_term_string}\"},\"query-input\":{\"@type\":\"PropertyValueSpecification\",\"valueRequired\":true,\"valueName\":\"search_term_string\"}}],\"inLanguage\":\"es\"},{\"@type\":\"Organization\",\"@id\":\"https:\/\/labotera.com\/es\/#organization\",\"name\":\"Celler La Botera\",\"url\":\"https:\/\/labotera.com\/es\/\",\"logo\":{\"@type\":\"ImageObject\",\"inLanguage\":\"es\",\"@id\":\"https:\/\/labotera.com\/es\/#\/schema\/logo\/image\/\",\"url\":\"https:\/\/labotera.com\/wp-content\/uploads\/2019\/07\/logo-labotera-facturas.png\",\"contentUrl\":\"https:\/\/labotera.com\/wp-content\/uploads\/2019\/07\/logo-labotera-facturas.png\",\"width\":208,\"height\":40,\"caption\":\"Celler La Botera\"},\"image\":{\"@id\":\"https:\/\/labotera.com\/es\/#\/schema\/logo\/image\/\"}}]}<\/script>\n<!-- \/ Yoast SEO plugin. -->","yoast_head_json":{"title":"Carrito - Celler La Botera - Terra Alta","robots":{"index":"index","follow":"follow","max-snippet":"max-snippet:-1","max-image-preview":"max-image-preview:large","max-video-preview":"max-video-preview:-1"},"canonical":"https:\/\/labotera.com\/es\/carrito\/","og_locale":"es_ES","og_type":"article","og_title":"Carrito - Celler La Botera - Terra Alta","og_description":"[vc_row][vc_column][\/vc_column][\/vc_row][vc_row][vc_column width=\u00bb2\/3&#8243;][vc_empty_space][vc_column_text] Los env\u00edos se realizar\u00e1n una vez formalizada la confirmaci\u00f3n del pedido y la verificaci\u00f3n del pago en un plazo no superior a 72 horas. El m\u00e9todo de env\u00edo es a trav\u00e9s de un servicio de mensajer\u00eda urgente y las tarifas aplicables son: El coste del env\u00edo nacional (Espa\u00f1a pen\u00ednsula y Baleares). Excluidas Islas&hellip;","og_url":"https:\/\/labotera.com\/es\/carrito\/","og_site_name":"Celler La Botera - Terra Alta","article_modified_time":"2023-12-29T11:30:13+00:00","twitter_card":"summary_large_image","twitter_misc":{"Tiempo de lectura":"1 minuto"},"schema":{"@context":"https:\/\/schema.org","@graph":[{"@type":"WebPage","@id":"https:\/\/labotera.com\/es\/carrito\/","url":"https:\/\/labotera.com\/es\/carrito\/","name":"Carrito - Celler La Botera - Terra Alta","isPartOf":{"@id":"https:\/\/labotera.com\/es\/#website"},"datePublished":"2019-01-25T11:40:55+00:00","dateModified":"2023-12-29T11:30:13+00:00","breadcrumb":{"@id":"https:\/\/labotera.com\/es\/carrito\/#breadcrumb"},"inLanguage":"es","potentialAction":[{"@type":"ReadAction","target":["https:\/\/labotera.com\/es\/carrito\/"]}]},{"@type":"BreadcrumbList","@id":"https:\/\/labotera.com\/es\/carrito\/#breadcrumb","itemListElement":[{"@type":"ListItem","position":1,"name":"Portada","item":"https:\/\/labotera.com\/es\/"},{"@type":"ListItem","position":2,"name":"Carrito"}]},{"@type":"WebSite","@id":"https:\/\/labotera.com\/es\/#website","url":"https:\/\/labotera.com\/es\/","name":"Celler La Botera - Terra Alta","description":"","publisher":{"@id":"https:\/\/labotera.com\/es\/#organization"},"potentialAction":[{"@type":"SearchAction","target":{"@type":"EntryPoint","urlTemplate":"https:\/\/labotera.com\/es\/?s={search_term_string}"},"query-input":{"@type":"PropertyValueSpecification","valueRequired":true,"valueName":"search_term_string"}}],"inLanguage":"es"},{"@type":"Organization","@id":"https:\/\/labotera.com\/es\/#organization","name":"Celler La Botera","url":"https:\/\/labotera.com\/es\/","logo":{"@type":"ImageObject","inLanguage":"es","@id":"https:\/\/labotera.com\/es\/#\/schema\/logo\/image\/","url":"https:\/\/labotera.com\/wp-content\/uploads\/2019\/07\/logo-labotera-facturas.png","contentUrl":"https:\/\/labotera.com\/wp-content\/uploads\/2019\/07\/logo-labotera-facturas.png","width":208,"height":40,"caption":"Celler La Botera"},"image":{"@id":"https:\/\/labotera.com\/es\/#\/schema\/logo\/image\/"}}]}},"jetpack_sharing_enabled":true,"_links":{"self":[{"href":"https:\/\/labotera.com\/es\/wp-json\/wp\/v2\/pages\/3419","targetHints":{"allow":["GET"]}}],"collection":[{"href":"https:\/\/labotera.com\/es\/wp-json\/wp\/v2\/pages"}],"about":[{"href":"https:\/\/labotera.com\/es\/wp-json\/wp\/v2\/types\/page"}],"author":[{"embeddable":true,"href":"https:\/\/labotera.com\/es\/wp-json\/wp\/v2\/users\/2"}],"replies":[{"embeddable":true,"href":"https:\/\/labotera.com\/es\/wp-json\/wp\/v2\/comments?post=3419"}],"version-history":[{"count":9,"href":"https:\/\/labotera.com\/es\/wp-json\/wp\/v2\/pages\/3419\/revisions"}],"predecessor-version":[{"id":48370,"href":"https:\/\/labotera.com\/es\/wp-json\/wp\/v2\/pages\/3419\/revisions\/48370"}],"wp:attachment":[{"href":"https:\/\/labotera.com\/es\/wp-json\/wp\/v2\/media?parent=3419"}],"curies":[{"name":"wp","href":"https:\/\/api.w.org\/{rel}","templated":true}]}}