{"id":4189,"date":"2018-11-21T18:38:35","date_gmt":"2018-11-21T17:38:35","guid":{"rendered":"https:\/\/labotera.com\/contacte\/"},"modified":"2023-10-09T09:43:54","modified_gmt":"2023-10-09T07:43:54","slug":"contacte","status":"publish","type":"page","link":"https:\/\/labotera.com\/es\/contacte\/","title":{"rendered":"Contacta"},"content":{"rendered":"<div class=\"wpb-content-wrapper\"><p>[vc_row content_placement=\u00bbtop\u00bb][vc_column width=\u00bb1\/4&#8243;]<div id=\"ultimate-heading-261269d2abb75644a\" class=\"uvc-heading ult-adjust-bottom-margin ultimate-heading-261269d2abb75644a uvc-1461  uvc-heading-default-font-sizes\" data-hspacer=\"line_only\"  data-halign=\"left\" style=\"text-align:left\"><div class=\"uvc-main-heading ult-responsive\"  data-ultimate-target='.uvc-heading.ultimate-heading-261269d2abb75644a h1'  data-responsive-json-new='{\"font-size\":\"\",\"line-height\":\"\"}' ><h1 style=\"--font-weight:theme;\">Cont\u00e1ctanos<\/h1><\/div><div class=\"uvc-heading-spacer line_only\" style=\"topheight:0.5px;\"><span class=\"uvc-headings-line\" style=\"border-style:solid;border-bottom-width:0.5px;border-color:#000000;width:100px;\"><\/span><\/div><\/div>[vc_column_text]Carretera Maella S\/N<br \/>\n43786 Batea \u00b7 Tarragona<br \/>\nTERRA ALTA<br \/>\nTel. +34 977 430 009<\/p>\n<p><strong>HORARIO<\/strong><br \/>\n<strong>De lunes a viernes:<\/strong><br \/>\nde 9 a 13,30\u202f h y de 15 a 19 \u202fh<br \/>\n<strong>S\u00e1bado:<\/strong><br \/>\nde 10 a 13 \u202fh<br \/>\n<strong>Domingo y festivos:<\/strong><br \/>\nde 10 a 13 h<br \/>\n<strong>Festivos cerrados:<\/strong><br \/>\n25 y 26 de Diciembre<br \/>\n1 y 6 de Enero[\/vc_column_text][\/vc_column][vc_column width=\u00bb3\/4&#8243;]\n<div class=\"wpcf7 no-js\" id=\"wpcf7-f2765-o1\" lang=\"es-ES\" dir=\"ltr\" data-wpcf7-id=\"2765\">\n<div class=\"screen-reader-response\"><p role=\"status\" aria-live=\"polite\" aria-atomic=\"true\"><\/p> <ul><\/ul><\/div>\n<form action=\"\/es\/wp-json\/wp\/v2\/pages\/4189#wpcf7-f2765-o1\" method=\"post\" class=\"wpcf7-form init\" aria-label=\"Formulario de contacto\" novalidate=\"novalidate\" data-status=\"init\">\n<fieldset class=\"hidden-fields-container\"><input type=\"hidden\" name=\"_wpcf7\" value=\"2765\" \/><input type=\"hidden\" name=\"_wpcf7_version\" value=\"6.1\" \/><input type=\"hidden\" name=\"_wpcf7_locale\" value=\"es_ES\" \/><input type=\"hidden\" name=\"_wpcf7_unit_tag\" value=\"wpcf7-f2765-o1\" \/><input type=\"hidden\" name=\"_wpcf7_container_post\" value=\"0\" \/><input type=\"hidden\" name=\"_wpcf7_posted_data_hash\" value=\"\" \/><input type=\"hidden\" name=\"_wpcf7_recaptcha_response\" value=\"\" \/>\n<\/fieldset>\n<p><span class=\"wpcf7-form-control-wrap\" data-name=\"nom\"><input size=\"40\" maxlength=\"400\" class=\"wpcf7-form-control wpcf7-text wpcf7-validates-as-required\" aria-required=\"true\" aria-invalid=\"false\" placeholder=\"NOMBRE*\" value=\"\" type=\"text\" name=\"nom\" \/><\/span>\n<\/p>\n<p><span class=\"wpcf7-form-control-wrap\" data-name=\"email\"><input size=\"40\" maxlength=\"400\" class=\"wpcf7-form-control wpcf7-email wpcf7-validates-as-required wpcf7-text wpcf7-validates-as-email\" aria-required=\"true\" aria-invalid=\"false\" placeholder=\"E-MAIL*\" value=\"\" type=\"email\" name=\"email\" \/><\/span>\n<\/p>\n<p><span class=\"wpcf7-form-control-wrap\" data-name=\"telefon\"><input size=\"40\" maxlength=\"400\" class=\"wpcf7-form-control wpcf7-tel wpcf7-text wpcf7-validates-as-tel\" aria-invalid=\"false\" placeholder=\"TEL\u00c9FONO\" value=\"\" type=\"tel\" name=\"telefon\" \/><\/span>\n<\/p>\n<p><span class=\"wpcf7-form-control-wrap\" data-name=\"Assumpte\"><select class=\"wpcf7-form-control wpcf7-select wpcf7-validates-as-required\" aria-required=\"true\" aria-invalid=\"false\" name=\"Assumpte\"><option value=\"\">ASUNTO<\/option><option value=\"Visita a la bodega\">Visita a la bodega<\/option><option value=\"Cata de vinos\">Cata de vinos<\/option><option value=\"Distribuci\u00f3n de vinos\">Distribuci\u00f3n de vinos<\/option><option value=\"Restauraci\u00f3n\">Restauraci\u00f3n<\/option><option value=\"Presupuesto\">Presupuesto<\/option><option value=\"Lotes de Navidad\">Lotes de Navidad<\/option><\/select><\/span>\n<\/p>\n<p><span class=\"wpcf7-form-control-wrap\" data-name=\"missatge\"><textarea cols=\"40\" rows=\"10\" maxlength=\"2000\" class=\"wpcf7-form-control wpcf7-textarea\" aria-invalid=\"false\" placeholder=\"TU MENSAJE\" name=\"missatge\"><\/textarea><\/span>\n<\/p>\n<div style=\"margin-left:-16px;\">\n\t<p><span class=\"wpcf7-form-control-wrap\" data-name=\"rgpd-accepto\"><span class=\"wpcf7-form-control wpcf7-acceptance\"><span class=\"wpcf7-list-item\"><input type=\"checkbox\" name=\"rgpd-accepto\" value=\"1\" aria-invalid=\"false\" \/><\/span><\/span><\/span> He le\u00eddo y acepto la <a href=\"\/es\/aviso-legal\" target=\"_blank\"> pol\u00edtica de privacidad <\/a>\n\t<\/p>\n<\/div>\n<div style=\"font-size:12px; line-height:13px; text-align:justify;\">\n\t<p>Tratamos los datos que nos facilita con la finalidad de dar respuesta a la consulta sobre nuestros productos y servicios por cualquier medio (postal, email o tel\u00e9fono). Los datos proporcionados se conservar\u00e1n mientras no lo solicite y no se ceder\u00e1n a terceros, salvo en los casos en que se tenga que hacer por una obligaci\u00f3n legal. Usted tiene derecho a obtener confirmaci\u00f3n sobre si en CELLER LA BOTERA estamos tratando sus datos personales, rectificar los datos inexactos o solicitar la eliminaci\u00f3n cuando ya no sean necesarios para los fines que fueron recogidos.\n\t<\/p>\n<\/div>\n<div style=\"margin-left:-16px;\">\n\t<p><span class=\"wpcf7-form-control-wrap\" data-name=\"RGPD-consentiments\"><span class=\"wpcf7-form-control wpcf7-checkbox\"><span class=\"wpcf7-list-item first last\"><label><input type=\"checkbox\" name=\"RGPD-consentiments[]\" value=\"Acepto recibir publicidad\" \/><span class=\"wpcf7-list-item-label\">Acepto recibir publicidad<\/span><\/label><\/span><\/span><\/span>\n\t<\/p>\n<\/div>\n<p><input class=\"wpcf7-form-control wpcf7-submit has-spinner\" type=\"submit\" value=\"Enviar\" \/>\n<\/p><p style=\"display: none !important;\" class=\"akismet-fields-container\" data-prefix=\"_wpcf7_ak_\"><label>&#916;<textarea name=\"_wpcf7_ak_hp_textarea\" cols=\"45\" rows=\"8\" maxlength=\"100\"><\/textarea><\/label><input type=\"hidden\" id=\"ak_js_1\" name=\"_wpcf7_ak_js\" value=\"3\"\/><script>document.getElementById( \"ak_js_1\" ).setAttribute( \"value\", ( new Date() ).getTime() );<\/script><\/p><input type='hidden' class='wpcf7-pum' value='{\"closepopup\":false,\"closedelay\":0,\"openpopup\":false,\"openpopup_id\":0}' \/><div class=\"wpcf7-response-output\" aria-hidden=\"true\"><\/div>\n<\/form>\n<\/div>\n[\/vc_column][\/vc_row][vc_row][vc_column][vc_empty_space height=\u00bb50px\u00bb][\/vc_column][\/vc_row][vc_row content_placement=\u00bbtop\u00bb][vc_column][vc_column_text]<iframe loading=\"lazy\" style=\"border: 0;\" src=\"https:\/\/www.google.com\/maps\/embed?pb=!1m14!1m8!1m3!1d7151.627551113082!2d0.3083918462223582!3d41.093272155421396!3m2!1i1024!2i768!4f13.1!3m3!1m2!1s0x0%3A0xacfa0711dd084e04!2sCeller+la+Botera!5e0!3m2!1ses!2ses!4v1542643417370\" width=\"100%\" height=\"450\" frameborder=\"0\" allowfullscreen=\"allowfullscreen\"><\/iframe>[\/vc_column_text][\/vc_column][\/vc_row]<\/p>\n<\/div>","protected":false},"excerpt":{"rendered":"<p>[vc_row content_placement=\u00bbtop\u00bb][vc_column width=\u00bb1\/4&#8243;][vc_column_text]Carretera Maella S\/N 43786 Batea \u00b7 Tarragona TERRA ALTA Tel. +34 977 430 009 HORARIO De lunes a viernes: de 9 a 13,30\u202f h y de 15 a 19 \u202fh S\u00e1bado: de 10 a 13 \u202fh Domingo y festivos: de 10 a 13 h Festivos cerrados: 25 y 26 de Diciembre 1 y&hellip;<\/p>\n","protected":false},"author":2,"featured_media":0,"parent":0,"menu_order":0,"comment_status":"closed","ping_status":"closed","template":"","meta":{"_joinchat":[],"footnotes":""},"class_list":["post-4189","page","type-page","status-publish","hentry","description-off"],"yoast_head":"<!-- This site is optimized with the Yoast SEO plugin v25.5 - https:\/\/yoast.com\/wordpress\/plugins\/seo\/ -->\n<title>Contacta - Celler La Botera - Terra Alta<\/title>\n<meta name=\"robots\" content=\"index, follow, max-snippet:-1, max-image-preview:large, max-video-preview:-1\" \/>\n<link rel=\"canonical\" href=\"https:\/\/labotera.com\/es\/contacte\/\" \/>\n<meta property=\"og:locale\" content=\"es_ES\" \/>\n<meta property=\"og:type\" content=\"article\" \/>\n<meta property=\"og:title\" content=\"Contacta - Celler La Botera - Terra Alta\" \/>\n<meta property=\"og:description\" content=\"[vc_row content_placement=\u00bbtop\u00bb][vc_column width=\u00bb1\/4&#8243;][vc_column_text]Carretera Maella S\/N 43786 Batea \u00b7 Tarragona TERRA ALTA Tel. +34 977 430 009 HORARIO De lunes a viernes: de 9 a 13,30\u202f h y de 15 a 19 \u202fh S\u00e1bado: de 10 a 13 \u202fh Domingo y festivos: de 10 a 13 h Festivos cerrados: 25 y 26 de Diciembre 1 y&hellip;\" \/>\n<meta property=\"og:url\" content=\"https:\/\/labotera.com\/es\/contacte\/\" \/>\n<meta property=\"og:site_name\" content=\"Celler La Botera - Terra Alta\" \/>\n<meta property=\"article:modified_time\" content=\"2023-10-09T07:43:54+00:00\" \/>\n<meta name=\"twitter:card\" content=\"summary_large_image\" \/>\n<meta name=\"twitter:label1\" content=\"Tiempo de lectura\" \/>\n\t<meta name=\"twitter:data1\" content=\"1 minuto\" \/>\n<script type=\"application\/ld+json\" class=\"yoast-schema-graph\">{\"@context\":\"https:\/\/schema.org\",\"@graph\":[{\"@type\":\"WebPage\",\"@id\":\"https:\/\/labotera.com\/es\/contacte\/\",\"url\":\"https:\/\/labotera.com\/es\/contacte\/\",\"name\":\"Contacta - Celler La Botera - Terra Alta\",\"isPartOf\":{\"@id\":\"https:\/\/labotera.com\/es\/#website\"},\"datePublished\":\"2018-11-21T17:38:35+00:00\",\"dateModified\":\"2023-10-09T07:43:54+00:00\",\"breadcrumb\":{\"@id\":\"https:\/\/labotera.com\/es\/contacte\/#breadcrumb\"},\"inLanguage\":\"es\",\"potentialAction\":[{\"@type\":\"ReadAction\",\"target\":[\"https:\/\/labotera.com\/es\/contacte\/\"]}]},{\"@type\":\"BreadcrumbList\",\"@id\":\"https:\/\/labotera.com\/es\/contacte\/#breadcrumb\",\"itemListElement\":[{\"@type\":\"ListItem\",\"position\":1,\"name\":\"Portada\",\"item\":\"https:\/\/labotera.com\/es\/\"},{\"@type\":\"ListItem\",\"position\":2,\"name\":\"Contacta\"}]},{\"@type\":\"WebSite\",\"@id\":\"https:\/\/labotera.com\/es\/#website\",\"url\":\"https:\/\/labotera.com\/es\/\",\"name\":\"Celler La Botera - Terra Alta\",\"description\":\"\",\"publisher\":{\"@id\":\"https:\/\/labotera.com\/es\/#organization\"},\"potentialAction\":[{\"@type\":\"SearchAction\",\"target\":{\"@type\":\"EntryPoint\",\"urlTemplate\":\"https:\/\/labotera.com\/es\/?s={search_term_string}\"},\"query-input\":{\"@type\":\"PropertyValueSpecification\",\"valueRequired\":true,\"valueName\":\"search_term_string\"}}],\"inLanguage\":\"es\"},{\"@type\":\"Organization\",\"@id\":\"https:\/\/labotera.com\/es\/#organization\",\"name\":\"Celler La Botera\",\"url\":\"https:\/\/labotera.com\/es\/\",\"logo\":{\"@type\":\"ImageObject\",\"inLanguage\":\"es\",\"@id\":\"https:\/\/labotera.com\/es\/#\/schema\/logo\/image\/\",\"url\":\"https:\/\/labotera.com\/wp-content\/uploads\/2019\/07\/logo-labotera-facturas.png\",\"contentUrl\":\"https:\/\/labotera.com\/wp-content\/uploads\/2019\/07\/logo-labotera-facturas.png\",\"width\":208,\"height\":40,\"caption\":\"Celler La Botera\"},\"image\":{\"@id\":\"https:\/\/labotera.com\/es\/#\/schema\/logo\/image\/\"}}]}<\/script>\n<!-- \/ Yoast SEO plugin. -->","yoast_head_json":{"title":"Contacta - Celler La Botera - Terra Alta","robots":{"index":"index","follow":"follow","max-snippet":"max-snippet:-1","max-image-preview":"max-image-preview:large","max-video-preview":"max-video-preview:-1"},"canonical":"https:\/\/labotera.com\/es\/contacte\/","og_locale":"es_ES","og_type":"article","og_title":"Contacta - Celler La Botera - Terra Alta","og_description":"[vc_row content_placement=\u00bbtop\u00bb][vc_column width=\u00bb1\/4&#8243;][vc_column_text]Carretera Maella S\/N 43786 Batea \u00b7 Tarragona TERRA ALTA Tel. +34 977 430 009 HORARIO De lunes a viernes: de 9 a 13,30\u202f h y de 15 a 19 \u202fh S\u00e1bado: de 10 a 13 \u202fh Domingo y festivos: de 10 a 13 h Festivos cerrados: 25 y 26 de Diciembre 1 y&hellip;","og_url":"https:\/\/labotera.com\/es\/contacte\/","og_site_name":"Celler La Botera - Terra Alta","article_modified_time":"2023-10-09T07:43:54+00:00","twitter_card":"summary_large_image","twitter_misc":{"Tiempo de lectura":"1 minuto"},"schema":{"@context":"https:\/\/schema.org","@graph":[{"@type":"WebPage","@id":"https:\/\/labotera.com\/es\/contacte\/","url":"https:\/\/labotera.com\/es\/contacte\/","name":"Contacta - Celler La Botera - Terra Alta","isPartOf":{"@id":"https:\/\/labotera.com\/es\/#website"},"datePublished":"2018-11-21T17:38:35+00:00","dateModified":"2023-10-09T07:43:54+00:00","breadcrumb":{"@id":"https:\/\/labotera.com\/es\/contacte\/#breadcrumb"},"inLanguage":"es","potentialAction":[{"@type":"ReadAction","target":["https:\/\/labotera.com\/es\/contacte\/"]}]},{"@type":"BreadcrumbList","@id":"https:\/\/labotera.com\/es\/contacte\/#breadcrumb","itemListElement":[{"@type":"ListItem","position":1,"name":"Portada","item":"https:\/\/labotera.com\/es\/"},{"@type":"ListItem","position":2,"name":"Contacta"}]},{"@type":"WebSite","@id":"https:\/\/labotera.com\/es\/#website","url":"https:\/\/labotera.com\/es\/","name":"Celler La Botera - Terra Alta","description":"","publisher":{"@id":"https:\/\/labotera.com\/es\/#organization"},"potentialAction":[{"@type":"SearchAction","target":{"@type":"EntryPoint","urlTemplate":"https:\/\/labotera.com\/es\/?s={search_term_string}"},"query-input":{"@type":"PropertyValueSpecification","valueRequired":true,"valueName":"search_term_string"}}],"inLanguage":"es"},{"@type":"Organization","@id":"https:\/\/labotera.com\/es\/#organization","name":"Celler La Botera","url":"https:\/\/labotera.com\/es\/","logo":{"@type":"ImageObject","inLanguage":"es","@id":"https:\/\/labotera.com\/es\/#\/schema\/logo\/image\/","url":"https:\/\/labotera.com\/wp-content\/uploads\/2019\/07\/logo-labotera-facturas.png","contentUrl":"https:\/\/labotera.com\/wp-content\/uploads\/2019\/07\/logo-labotera-facturas.png","width":208,"height":40,"caption":"Celler La Botera"},"image":{"@id":"https:\/\/labotera.com\/es\/#\/schema\/logo\/image\/"}}]}},"jetpack_sharing_enabled":true,"_links":{"self":[{"href":"https:\/\/labotera.com\/es\/wp-json\/wp\/v2\/pages\/4189","targetHints":{"allow":["GET"]}}],"collection":[{"href":"https:\/\/labotera.com\/es\/wp-json\/wp\/v2\/pages"}],"about":[{"href":"https:\/\/labotera.com\/es\/wp-json\/wp\/v2\/types\/page"}],"author":[{"embeddable":true,"href":"https:\/\/labotera.com\/es\/wp-json\/wp\/v2\/users\/2"}],"replies":[{"embeddable":true,"href":"https:\/\/labotera.com\/es\/wp-json\/wp\/v2\/comments?post=4189"}],"version-history":[{"count":14,"href":"https:\/\/labotera.com\/es\/wp-json\/wp\/v2\/pages\/4189\/revisions"}],"predecessor-version":[{"id":43624,"href":"https:\/\/labotera.com\/es\/wp-json\/wp\/v2\/pages\/4189\/revisions\/43624"}],"wp:attachment":[{"href":"https:\/\/labotera.com\/es\/wp-json\/wp\/v2\/media?parent=4189"}],"curies":[{"name":"wp","href":"https:\/\/api.w.org\/{rel}","templated":true}]}}