{"id":28949,"date":"2020-08-07T14:06:36","date_gmt":"2020-08-07T12:06:36","guid":{"rendered":"https:\/\/labotera.com\/?post_type=product&#038;p=28949"},"modified":"2025-06-12T11:17:32","modified_gmt":"2025-06-12T09:17:32","slug":"vila-closa-garnacha-peluda","status":"publish","type":"product","link":"https:\/\/labotera.com\/es\/vins\/vila-closa-garnacha-peluda\/","title":{"rendered":"Vila\u00b7Closa Garnacha Peluda"},"content":{"rendered":"<div class=\"wpb-content-wrapper\"><p>[vc_row css=\u00bb.vc_custom_1548668007479{padding-right: 0px !important;}\u00bb][vc_column width=\u00bb1\/2&#8243;][vc_column_text]<\/p>\n<div id=\"container\">\n<div id=\"row\">\n<div id=\"left\"><img data-recalc-dims=\"1\" decoding=\"async\" class=\"icono\" src=\"https:\/\/i0.wp.com\/labotera.com\/wp-content\/uploads\/2019\/01\/Icon_local.jpg?w=1200&#038;ssl=1\" alt=\"\" \/><\/div>\n<div id=\"middle\">\n<div class=\"texto\">\n<h3><b>LOCALIZACI\u00d3N<\/b><\/h3>\n<\/div>\n<\/div>\n<\/div>\n<\/div>\n<div id=\"container\">\n<div id=\"row\">\n<div id=\"left\" class=\"blanc\"><\/div>\n<div id=\"middle\">\n<div class=\"texto\">\n<p>Pa\u00eds: Espa\u00f1a<br \/>\nDenominaci\u00f3n de origen: Terra Alta<br \/>\nCentro de elaboraci\u00f3n: Batea<\/p>\n<\/div>\n<\/div>\n<\/div>\n<\/div>\n<p>[\/vc_column_text][vc_column_text css=\u00bb.vc_custom_1596804070851{margin-top: -15px !important;}\u00bb]<\/p>\n<div id=\"container\">\n<div id=\"row\">\n<div id=\"left\"><img data-recalc-dims=\"1\" decoding=\"async\" class=\"icono\" src=\"https:\/\/i0.wp.com\/labotera.com\/wp-content\/uploads\/2019\/01\/Icon_Varietats.jpg?w=1200&#038;ssl=1\" alt=\"\" \/><\/div>\n<div id=\"middle\">\n<div class=\"texto\">\n<h3><b>VARIEDADES<\/b><\/h3>\n<\/div>\n<\/div>\n<\/div>\n<\/div>\n<div id=\"container\">\n<div id=\"row\">\n<div id=\"left\" class=\"blanc\"><\/div>\n<div id=\"middle\">\n<div class=\"texto\">Garnacha Peluda 100%<\/div>\n<\/div>\n<\/div>\n<\/div>\n<p>[\/vc_column_text][vc_column_text css=\u00bb.vc_custom_1749719849492{margin-top: -15px !important;}\u00bb]<\/p>\n<div id=\"container\">\n<div id=\"row\">\n<div id=\"left\"><img data-recalc-dims=\"1\" decoding=\"async\" class=\"icono\" src=\"https:\/\/i0.wp.com\/labotera.com\/wp-content\/uploads\/2019\/01\/Icon_Vinificacio.jpg?w=1200&#038;ssl=1\" alt=\"\" \/><\/div>\n<div id=\"middle\">\n<div class=\"texto\">\n<h3><b>VINIFICACI\u00d3N<\/b><\/h3>\n<\/div>\n<\/div>\n<\/div>\n<\/div>\n<div id=\"container\">\n<div id=\"row\">\n<div id=\"left\" class=\"blanc\"><\/div>\n<div id=\"middle\">\n<div class=\"texto\">Maceraci\u00f3n pelicular de 25 d\u00edas y fermentaci\u00f3n alcoh\u00f3lica en dep\u00f3sitos de inox. Posterior crianza con sus lias<\/div>\n<\/div>\n<\/div>\n<\/div>\n<p>[\/vc_column_text][\/vc_column][vc_column width=\u00bb1\/2&#8243;][vc_column_text]<\/p>\n<div id=\"container\">\n<div id=\"row\">\n<div id=\"left\"><img data-recalc-dims=\"1\" decoding=\"async\" class=\"icono\" src=\"https:\/\/i0.wp.com\/labotera.com\/wp-content\/uploads\/2019\/01\/Icon_crian%C3%A7a.jpg?w=1200&#038;ssl=1\" alt=\"\" \/><\/div>\n<div id=\"middle\">\n<div class=\"texto\">\n<h3><b>CRIANZA<\/b><\/h3>\n<\/div>\n<\/div>\n<\/div>\n<\/div>\n<div id=\"container\">\n<div id=\"row\">\n<div id=\"left\" class=\"blanc\"><\/div>\n<div id=\"middle\">\n<div id=\"left\" class=\"blanc\">6\/8 meses de crianza en fudres de roble franc\u00e9s<\/div>\n<\/div>\n<\/div>\n<\/div>\n<p>[\/vc_column_text][vc_column_text css=\u00bb.vc_custom_1596804082362{margin-top: -15px !important;}\u00bb]<\/p>\n<div id=\"container\">\n<div id=\"row\">\n<div id=\"left\"><img data-recalc-dims=\"1\" decoding=\"async\" class=\"icono\" src=\"https:\/\/i0.wp.com\/labotera.com\/wp-content\/uploads\/2019\/01\/Icon_Tast.jpg?w=1200&#038;ssl=1\" alt=\"\" \/><\/div>\n<div id=\"middle\">\n<div class=\"texto\">\n<h3><b>CATA<\/b><\/h3>\n<\/div>\n<\/div>\n<\/div>\n<\/div>\n<div id=\"container\">\n<div id=\"row\">\n<div id=\"left\" class=\"blanc\"><\/div>\n<div id=\"middle\">\n<div class=\"texto\">Color rojo cereza con reflejos viol\u00e1ceos. En nariz, es intenso, con aromas a fruta roja madura con una mezcla de notas especiadas y tostadas gracias al envejecimiento en fudres de roble franc\u00e9s de 2.500 L.<br \/>\nEn boca, es sabroso, aterciopelado y equilibrado, con una buena acidez y un largo retrogusto.<br \/>\nTemperatura de servicio recomendada: 16 \u00b0C<\/div>\n<\/div>\n<\/div>\n<\/div>\n<p>[\/vc_column_text][vc_row_inner][vc_column_inner width=\u00bb1\/2&#8243;]<style type=\"text\/css\" data-type=\"the7_shortcodes-inline-css\">#default-btn-ad7c379896aa1704bc2d81eb34038da6.ico-right-side > i {\n  margin-right: 0px;\n  margin-left: 8px;\n}\n#default-btn-ad7c379896aa1704bc2d81eb34038da6 > i {\n  margin-right: 8px;\n}\n<\/style><div class=\"btn-align-center\"><a href=\"https:\/\/labotera.com\/wp-content\/uploads\/2020\/08\/garnatxa-peluda-la-botera-fitxa-esp.pdf\" class=\"default-btn-shortcode dt-btn dt-btn-m link-hover-off ico-right-side \" target=\"_blank\" id=\"default-btn-ad7c379896aa1704bc2d81eb34038da6\" rel=\"noopener\"><span>Descargar ficha<\/span><i class=\"fas fa-cloud-download-alt\"><\/i><\/a><\/div>[\/vc_column_inner][vc_column_inner width=\u00bb1\/2&#8243;][\/vc_column_inner][\/vc_row_inner][\/vc_column][\/vc_row][vc_row][vc_column][vc_column_text]<\/p>\n<p>[\/vc_column_text][\/vc_column][\/vc_row]<\/p>\n<\/div>","protected":false},"excerpt":{"rendered":"<p>Expresi\u00f3n m\u00e1xima de nuestro \u201cterroir\u201d calc\u00e1reo.<br \/>\nElaboraci\u00f3n con vi\u00f1as viejas de baja producci\u00f3n.<br \/>\nLa producci\u00f3n de este vino es limitada: solo se elaboran un total de 3.500 botellas de 75 cl.<\/p>\n","protected":false},"featured_media":28929,"template":"","meta":{"_joinchat":[]},"product_brand":[],"product_cat":[169,268],"product_tag":[],"class_list":{"0":"post-28949","1":"product","2":"type-product","3":"status-publish","4":"has-post-thumbnail","6":"product_cat-unidades","7":"product_cat-vinos-negros-tienda","8":"product_shipping_class-envios-unidades-standard","9":"description-off","11":"first","12":"instock","13":"taxable","14":"shipping-taxable","15":"purchasable","16":"product-type-simple"},"yoast_head":"<!-- This site is optimized with the Yoast SEO plugin v25.5 - https:\/\/yoast.com\/wordpress\/plugins\/seo\/ -->\n<title>Vila\u00b7Closa Garnacha Peluda - Celler La Botera - Terra Alta<\/title>\n<meta name=\"robots\" content=\"index, follow, max-snippet:-1, max-image-preview:large, max-video-preview:-1\" \/>\n<link rel=\"canonical\" href=\"https:\/\/labotera.com\/es\/vins\/vila-closa-garnacha-peluda\/\" \/>\n<meta property=\"og:locale\" content=\"es_ES\" \/>\n<meta property=\"og:type\" content=\"article\" \/>\n<meta property=\"og:title\" content=\"Vila\u00b7Closa Garnacha Peluda - Celler La Botera - Terra Alta\" \/>\n<meta property=\"og:description\" content=\"Expresi\u00f3n m\u00e1xima de nuestro \u201cterroir\u201d calc\u00e1reo. Elaboraci\u00f3n con vi\u00f1as viejas de baja producci\u00f3n. La producci\u00f3n de este vino es limitada: solo se elaboran un total de 3.500 botellas de 75 cl.\" \/>\n<meta property=\"og:url\" content=\"https:\/\/labotera.com\/es\/vins\/vila-closa-garnacha-peluda\/\" \/>\n<meta property=\"og:site_name\" content=\"Celler La Botera - Terra Alta\" \/>\n<meta property=\"article:modified_time\" content=\"2025-06-12T09:17:32+00:00\" \/>\n<meta property=\"og:image\" content=\"https:\/\/labotera.com\/wp-content\/uploads\/2020\/08\/vila-closa-garnatxa-peluda-la-botera-1080px.jpg\" \/>\n\t<meta property=\"og:image:width\" content=\"1080\" \/>\n\t<meta property=\"og:image:height\" content=\"1080\" \/>\n\t<meta property=\"og:image:type\" content=\"image\/jpeg\" \/>\n<meta name=\"twitter:card\" content=\"summary_large_image\" \/>\n<meta name=\"twitter:label1\" content=\"Tiempo de lectura\" \/>\n\t<meta name=\"twitter:data1\" content=\"2 minutos\" \/>\n<script type=\"application\/ld+json\" class=\"yoast-schema-graph\">{\"@context\":\"https:\/\/schema.org\",\"@graph\":[{\"@type\":\"WebPage\",\"@id\":\"https:\/\/labotera.com\/es\/vins\/vila-closa-garnacha-peluda\/\",\"url\":\"https:\/\/labotera.com\/es\/vins\/vila-closa-garnacha-peluda\/\",\"name\":\"Vila\u00b7Closa Garnacha Peluda - Celler La Botera - Terra Alta\",\"isPartOf\":{\"@id\":\"https:\/\/labotera.com\/es\/#website\"},\"primaryImageOfPage\":{\"@id\":\"https:\/\/labotera.com\/es\/vins\/vila-closa-garnacha-peluda\/#primaryimage\"},\"image\":{\"@id\":\"https:\/\/labotera.com\/es\/vins\/vila-closa-garnacha-peluda\/#primaryimage\"},\"thumbnailUrl\":\"https:\/\/labotera.com\/wp-content\/uploads\/2020\/08\/vila-closa-garnatxa-peluda-la-botera-1080px.jpg\",\"datePublished\":\"2020-08-07T12:06:36+00:00\",\"dateModified\":\"2025-06-12T09:17:32+00:00\",\"breadcrumb\":{\"@id\":\"https:\/\/labotera.com\/es\/vins\/vila-closa-garnacha-peluda\/#breadcrumb\"},\"inLanguage\":\"es\",\"potentialAction\":[{\"@type\":\"ReadAction\",\"target\":[\"https:\/\/labotera.com\/es\/vins\/vila-closa-garnacha-peluda\/\"]}]},{\"@type\":\"ImageObject\",\"inLanguage\":\"es\",\"@id\":\"https:\/\/labotera.com\/es\/vins\/vila-closa-garnacha-peluda\/#primaryimage\",\"url\":\"https:\/\/labotera.com\/wp-content\/uploads\/2020\/08\/vila-closa-garnatxa-peluda-la-botera-1080px.jpg\",\"contentUrl\":\"https:\/\/labotera.com\/wp-content\/uploads\/2020\/08\/vila-closa-garnatxa-peluda-la-botera-1080px.jpg\",\"width\":1080,\"height\":1080},{\"@type\":\"BreadcrumbList\",\"@id\":\"https:\/\/labotera.com\/es\/vins\/vila-closa-garnacha-peluda\/#breadcrumb\",\"itemListElement\":[{\"@type\":\"ListItem\",\"position\":1,\"name\":\"Portada\",\"item\":\"https:\/\/labotera.com\/es\/\"},{\"@type\":\"ListItem\",\"position\":2,\"name\":\"Productos\",\"item\":\"https:\/\/labotera.com\/es\/shop\/\"},{\"@type\":\"ListItem\",\"position\":3,\"name\":\"Vila\u00b7Closa Garnacha Peluda\"}]},{\"@type\":\"WebSite\",\"@id\":\"https:\/\/labotera.com\/es\/#website\",\"url\":\"https:\/\/labotera.com\/es\/\",\"name\":\"Celler La Botera - Terra Alta\",\"description\":\"\",\"publisher\":{\"@id\":\"https:\/\/labotera.com\/es\/#organization\"},\"potentialAction\":[{\"@type\":\"SearchAction\",\"target\":{\"@type\":\"EntryPoint\",\"urlTemplate\":\"https:\/\/labotera.com\/es\/?s={search_term_string}\"},\"query-input\":{\"@type\":\"PropertyValueSpecification\",\"valueRequired\":true,\"valueName\":\"search_term_string\"}}],\"inLanguage\":\"es\"},{\"@type\":\"Organization\",\"@id\":\"https:\/\/labotera.com\/es\/#organization\",\"name\":\"Celler La Botera\",\"url\":\"https:\/\/labotera.com\/es\/\",\"logo\":{\"@type\":\"ImageObject\",\"inLanguage\":\"es\",\"@id\":\"https:\/\/labotera.com\/es\/#\/schema\/logo\/image\/\",\"url\":\"https:\/\/labotera.com\/wp-content\/uploads\/2019\/07\/logo-labotera-facturas.png\",\"contentUrl\":\"https:\/\/labotera.com\/wp-content\/uploads\/2019\/07\/logo-labotera-facturas.png\",\"width\":208,\"height\":40,\"caption\":\"Celler La Botera\"},\"image\":{\"@id\":\"https:\/\/labotera.com\/es\/#\/schema\/logo\/image\/\"}}]}<\/script>\n<!-- \/ Yoast SEO plugin. -->","yoast_head_json":{"title":"Vila\u00b7Closa Garnacha Peluda - Celler La Botera - Terra Alta","robots":{"index":"index","follow":"follow","max-snippet":"max-snippet:-1","max-image-preview":"max-image-preview:large","max-video-preview":"max-video-preview:-1"},"canonical":"https:\/\/labotera.com\/es\/vins\/vila-closa-garnacha-peluda\/","og_locale":"es_ES","og_type":"article","og_title":"Vila\u00b7Closa Garnacha Peluda - Celler La Botera - Terra Alta","og_description":"Expresi\u00f3n m\u00e1xima de nuestro \u201cterroir\u201d calc\u00e1reo. Elaboraci\u00f3n con vi\u00f1as viejas de baja producci\u00f3n. La producci\u00f3n de este vino es limitada: solo se elaboran un total de 3.500 botellas de 75 cl.","og_url":"https:\/\/labotera.com\/es\/vins\/vila-closa-garnacha-peluda\/","og_site_name":"Celler La Botera - Terra Alta","article_modified_time":"2025-06-12T09:17:32+00:00","og_image":[{"width":1080,"height":1080,"url":"https:\/\/labotera.com\/wp-content\/uploads\/2020\/08\/vila-closa-garnatxa-peluda-la-botera-1080px.jpg","type":"image\/jpeg"}],"twitter_card":"summary_large_image","twitter_misc":{"Tiempo de lectura":"2 minutos"},"schema":{"@context":"https:\/\/schema.org","@graph":[{"@type":"WebPage","@id":"https:\/\/labotera.com\/es\/vins\/vila-closa-garnacha-peluda\/","url":"https:\/\/labotera.com\/es\/vins\/vila-closa-garnacha-peluda\/","name":"Vila\u00b7Closa Garnacha Peluda - Celler La Botera - Terra Alta","isPartOf":{"@id":"https:\/\/labotera.com\/es\/#website"},"primaryImageOfPage":{"@id":"https:\/\/labotera.com\/es\/vins\/vila-closa-garnacha-peluda\/#primaryimage"},"image":{"@id":"https:\/\/labotera.com\/es\/vins\/vila-closa-garnacha-peluda\/#primaryimage"},"thumbnailUrl":"https:\/\/labotera.com\/wp-content\/uploads\/2020\/08\/vila-closa-garnatxa-peluda-la-botera-1080px.jpg","datePublished":"2020-08-07T12:06:36+00:00","dateModified":"2025-06-12T09:17:32+00:00","breadcrumb":{"@id":"https:\/\/labotera.com\/es\/vins\/vila-closa-garnacha-peluda\/#breadcrumb"},"inLanguage":"es","potentialAction":[{"@type":"ReadAction","target":["https:\/\/labotera.com\/es\/vins\/vila-closa-garnacha-peluda\/"]}]},{"@type":"ImageObject","inLanguage":"es","@id":"https:\/\/labotera.com\/es\/vins\/vila-closa-garnacha-peluda\/#primaryimage","url":"https:\/\/labotera.com\/wp-content\/uploads\/2020\/08\/vila-closa-garnatxa-peluda-la-botera-1080px.jpg","contentUrl":"https:\/\/labotera.com\/wp-content\/uploads\/2020\/08\/vila-closa-garnatxa-peluda-la-botera-1080px.jpg","width":1080,"height":1080},{"@type":"BreadcrumbList","@id":"https:\/\/labotera.com\/es\/vins\/vila-closa-garnacha-peluda\/#breadcrumb","itemListElement":[{"@type":"ListItem","position":1,"name":"Portada","item":"https:\/\/labotera.com\/es\/"},{"@type":"ListItem","position":2,"name":"Productos","item":"https:\/\/labotera.com\/es\/shop\/"},{"@type":"ListItem","position":3,"name":"Vila\u00b7Closa Garnacha Peluda"}]},{"@type":"WebSite","@id":"https:\/\/labotera.com\/es\/#website","url":"https:\/\/labotera.com\/es\/","name":"Celler La Botera - Terra Alta","description":"","publisher":{"@id":"https:\/\/labotera.com\/es\/#organization"},"potentialAction":[{"@type":"SearchAction","target":{"@type":"EntryPoint","urlTemplate":"https:\/\/labotera.com\/es\/?s={search_term_string}"},"query-input":{"@type":"PropertyValueSpecification","valueRequired":true,"valueName":"search_term_string"}}],"inLanguage":"es"},{"@type":"Organization","@id":"https:\/\/labotera.com\/es\/#organization","name":"Celler La Botera","url":"https:\/\/labotera.com\/es\/","logo":{"@type":"ImageObject","inLanguage":"es","@id":"https:\/\/labotera.com\/es\/#\/schema\/logo\/image\/","url":"https:\/\/labotera.com\/wp-content\/uploads\/2019\/07\/logo-labotera-facturas.png","contentUrl":"https:\/\/labotera.com\/wp-content\/uploads\/2019\/07\/logo-labotera-facturas.png","width":208,"height":40,"caption":"Celler La Botera"},"image":{"@id":"https:\/\/labotera.com\/es\/#\/schema\/logo\/image\/"}}]}},"jetpack_sharing_enabled":true,"_links":{"self":[{"href":"https:\/\/labotera.com\/es\/wp-json\/wp\/v2\/product\/28949","targetHints":{"allow":["GET"]}}],"collection":[{"href":"https:\/\/labotera.com\/es\/wp-json\/wp\/v2\/product"}],"about":[{"href":"https:\/\/labotera.com\/es\/wp-json\/wp\/v2\/types\/product"}],"wp:featuredmedia":[{"embeddable":true,"href":"https:\/\/labotera.com\/es\/wp-json\/wp\/v2\/media\/28929"}],"wp:attachment":[{"href":"https:\/\/labotera.com\/es\/wp-json\/wp\/v2\/media?parent=28949"}],"wp:term":[{"taxonomy":"product_brand","embeddable":true,"href":"https:\/\/labotera.com\/es\/wp-json\/wp\/v2\/product_brand?post=28949"},{"taxonomy":"product_cat","embeddable":true,"href":"https:\/\/labotera.com\/es\/wp-json\/wp\/v2\/product_cat?post=28949"},{"taxonomy":"product_tag","embeddable":true,"href":"https:\/\/labotera.com\/es\/wp-json\/wp\/v2\/product_tag?post=28949"}],"curies":[{"name":"wp","href":"https:\/\/api.w.org\/{rel}","templated":true}]}}