{"id":3038,"date":"2019-06-06T18:17:51","date_gmt":"2019-06-06T16:17:51","guid":{"rendered":"https:\/\/labotera.com\/vins\/creveta-negre-copia\/"},"modified":"2021-10-19T09:30:28","modified_gmt":"2021-10-19T07:30:28","slug":"creveta-negro","status":"publish","type":"product","link":"https:\/\/labotera.com\/es\/vins\/creveta-negro\/","title":{"rendered":"Creveta Negro"},"content":{"rendered":"<div class=\"wpb-content-wrapper\"><p>[vc_row css=\u00bb.vc_custom_1548668007479{padding-right: 0px !important;}\u00bb][vc_column width=\u00bb1\/2&#8243;][vc_column_text]<\/p>\n<div id=\"container\">\n<div id=\"row\">\n<div id=\"left\"><img data-recalc-dims=\"1\" decoding=\"async\" class=\"icono\" src=\"https:\/\/i0.wp.com\/labotera.com\/wp-content\/uploads\/2019\/01\/Icon_local.jpg?w=1200&#038;ssl=1\" alt=\"\" \/><\/div>\n<div id=\"middle\">\n<div class=\"texto\">\n<h3><b>LOCALIZACI\u00d3N<\/b><\/h3>\n<\/div>\n<\/div>\n<\/div>\n<\/div>\n<div id=\"container\">\n<div id=\"row\">\n<div id=\"left\" class=\"blanc\"><\/div>\n<div id=\"middle\">\n<div class=\"texto\">\n<p>Pa\u00eds: Espa\u00f1a<br \/>\nDenominaci\u00f3n de origen: Terra Alta<br \/>\nCentro de elaboraci\u00f3n: Batea<\/p>\n<\/div>\n<\/div>\n<\/div>\n<\/div>\n<p>[\/vc_column_text][vc_column_text css=\u00bb.vc_custom_1548839223233{margin-top: -15px !important;}\u00bb]<\/p>\n<div id=\"container\">\n<div id=\"row\">\n<div id=\"left\"><img data-recalc-dims=\"1\" decoding=\"async\" class=\"icono\" src=\"https:\/\/i0.wp.com\/labotera.com\/wp-content\/uploads\/2019\/01\/Icon_Varietats.jpg?w=1200&#038;ssl=1\" alt=\"\" \/><\/div>\n<div id=\"middle\">\n<div class=\"texto\">\n<h3><b>VARIEDADES<\/b><\/h3>\n<\/div>\n<\/div>\n<\/div>\n<\/div>\n<div id=\"container\">\n<div id=\"row\">\n<div id=\"left\" class=\"blanc\"><\/div>\n<div id=\"middle\">\n<div class=\"texto\">Garnacha negra 50% y syrah 50%<\/div>\n<\/div>\n<\/div>\n<\/div>\n<p>[\/vc_column_text][vc_column_text css=\u00bb.vc_custom_1548839229574{margin-top: -15px !important;}\u00bb]<\/p>\n<div id=\"container\">\n<div id=\"row\">\n<div id=\"left\"><img data-recalc-dims=\"1\" decoding=\"async\" class=\"icono\" src=\"https:\/\/i0.wp.com\/labotera.com\/wp-content\/uploads\/2019\/01\/Icon_Vinificacio.jpg?w=1200&#038;ssl=1\" alt=\"\" \/><\/div>\n<div id=\"middle\">\n<div class=\"texto\">\n<h3><b>VINIFICACI\u00d3N<\/b><\/h3>\n<\/div>\n<\/div>\n<\/div>\n<\/div>\n<div id=\"container\">\n<div id=\"row\">\n<div id=\"left\" class=\"blanc\"><\/div>\n<div id=\"middle\">\n<div class=\"texto\">Fermentaci\u00f3n a temperatura controlada<\/div>\n<\/div>\n<\/div>\n<\/div>\n<p>[\/vc_column_text][\/vc_column][vc_column width=\u00bb1\/2&#8243;][vc_column_text]<\/p>\n<div id=\"container\">\n<div id=\"row\">\n<div id=\"left\"><img data-recalc-dims=\"1\" decoding=\"async\" class=\"icono\" src=\"https:\/\/i0.wp.com\/labotera.com\/wp-content\/uploads\/2019\/01\/Icon_crian%C3%A7a.jpg?w=1200&#038;ssl=1\" alt=\"\" \/><\/div>\n<div id=\"middle\">\n<div class=\"texto\">\n<h3><b>CRIANZA<\/b><\/h3>\n<\/div>\n<\/div>\n<\/div>\n<\/div>\n<div id=\"container\">\n<div id=\"row\">\n<div id=\"left\" class=\"blanc\"><\/div>\n<div id=\"middle\">\n<div class=\"texto\">Vino joven<\/div>\n<\/div>\n<\/div>\n<\/div>\n<p>[\/vc_column_text][vc_column_text css=\u00bb.vc_custom_1548839299346{margin-top: -15px !important;}\u00bb]<\/p>\n<div id=\"container\">\n<div id=\"row\">\n<div id=\"left\"><img data-recalc-dims=\"1\" decoding=\"async\" class=\"icono\" src=\"https:\/\/i0.wp.com\/labotera.com\/wp-content\/uploads\/2019\/01\/Icon_Tast.jpg?w=1200&#038;ssl=1\" alt=\"\" \/><\/div>\n<div id=\"middle\">\n<div class=\"texto\">\n<h3><b>CATA<\/b><\/h3>\n<\/div>\n<\/div>\n<\/div>\n<\/div>\n<div id=\"container\">\n<div id=\"row\">\n<div id=\"left\" class=\"blanc\"><\/div>\n<div id=\"middle\">\n<div class=\"texto\">Equilibrio ideal entre la frescura, el cuerpo en boca y el intenso aroma de frutos silvestres.<\/div>\n<\/div>\n<\/div>\n<\/div>\n<p>[\/vc_column_text][vc_row_inner][vc_column_inner width=\u00bb1\/2&#8243;]<style type=\"text\/css\" data-type=\"the7_shortcodes-inline-css\">#default-btn-930ee9a93f948136fbbf80882c3761f9.ico-right-side > i {\n  margin-right: 0px;\n  margin-left: 8px;\n}\n#default-btn-930ee9a93f948136fbbf80882c3761f9 > i {\n  margin-right: 8px;\n}\n<\/style><div class=\"btn-align-center\"><a href=\"https:\/\/labotera.com\/wp-content\/uploads\/2021\/10\/vino-negro-creveta-terraalta.pdf\" class=\"default-btn-shortcode dt-btn dt-btn-m link-hover-off ico-right-side \" target=\"_blank\" id=\"default-btn-930ee9a93f948136fbbf80882c3761f9\" rel=\"noopener\"><span>Descargar ficha<\/span><i class=\"fas fa-cloud-download-alt\"><\/i><\/a><\/div>[\/vc_column_inner][vc_column_inner width=\u00bb1\/2&#8243;][\/vc_column_inner][\/vc_row_inner][\/vc_column][\/vc_row]<\/p>\n<\/div>","protected":false},"excerpt":{"rendered":"<p>Vino joven elaborado en dep\u00f3sitos de acero inoxidable, prensado despu\u00e9s de tres semanas en contacto con la uva, que le aporta este color tan vivo e intenso. Fermentado con levaduras aut\u00f3ctonas de las fincas. Fermentaci\u00f3n malol\u00e1ctica espont\u00e1nea, que le aporta notas l\u00e1cticas y suavidad.<\/p>\n","protected":false},"featured_media":37644,"template":"","meta":{"_joinchat":[]},"product_brand":[],"product_cat":[169,268],"product_tag":[],"class_list":{"0":"post-3038","1":"product","2":"type-product","3":"status-publish","4":"has-post-thumbnail","6":"product_cat-unidades","7":"product_cat-vinos-negros-tienda","8":"product_shipping_class-envios-unidades-standard","9":"description-off","11":"first","12":"instock","13":"taxable","14":"shipping-taxable","15":"purchasable","16":"product-type-simple"},"yoast_head":"<!-- This site is optimized with the Yoast SEO plugin v25.5 - https:\/\/yoast.com\/wordpress\/plugins\/seo\/ -->\n<title>Creveta Negro - Celler La Botera - Terra Alta<\/title>\n<meta name=\"robots\" content=\"index, follow, max-snippet:-1, max-image-preview:large, max-video-preview:-1\" \/>\n<link rel=\"canonical\" href=\"https:\/\/labotera.com\/es\/vins\/creveta-negro\/\" \/>\n<meta property=\"og:locale\" content=\"es_ES\" \/>\n<meta property=\"og:type\" content=\"article\" \/>\n<meta property=\"og:title\" content=\"Creveta Negro - Celler La Botera - Terra Alta\" \/>\n<meta property=\"og:description\" content=\"Vino joven elaborado en dep\u00f3sitos de acero inoxidable, prensado despu\u00e9s de tres semanas en contacto con la uva, que le aporta este color tan vivo e intenso. Fermentado con levaduras aut\u00f3ctonas de las fincas. Fermentaci\u00f3n malol\u00e1ctica espont\u00e1nea, que le aporta notas l\u00e1cticas y suavidad.\" \/>\n<meta property=\"og:url\" content=\"https:\/\/labotera.com\/es\/vins\/creveta-negro\/\" \/>\n<meta property=\"og:site_name\" content=\"Celler La Botera - Terra Alta\" \/>\n<meta property=\"article:modified_time\" content=\"2021-10-19T07:30:28+00:00\" \/>\n<meta property=\"og:image\" content=\"https:\/\/labotera.com\/wp-content\/uploads\/2019\/06\/creveta-negre-labotera-500px.png\" \/>\n\t<meta property=\"og:image:width\" content=\"500\" \/>\n\t<meta property=\"og:image:height\" content=\"500\" \/>\n\t<meta property=\"og:image:type\" content=\"image\/png\" \/>\n<meta name=\"twitter:card\" content=\"summary_large_image\" \/>\n<meta name=\"twitter:label1\" content=\"Tiempo de lectura\" \/>\n\t<meta name=\"twitter:data1\" content=\"1 minuto\" \/>\n<script type=\"application\/ld+json\" class=\"yoast-schema-graph\">{\"@context\":\"https:\/\/schema.org\",\"@graph\":[{\"@type\":\"WebPage\",\"@id\":\"https:\/\/labotera.com\/es\/vins\/creveta-negro\/\",\"url\":\"https:\/\/labotera.com\/es\/vins\/creveta-negro\/\",\"name\":\"Creveta Negro - Celler La Botera - Terra Alta\",\"isPartOf\":{\"@id\":\"https:\/\/labotera.com\/es\/#website\"},\"primaryImageOfPage\":{\"@id\":\"https:\/\/labotera.com\/es\/vins\/creveta-negro\/#primaryimage\"},\"image\":{\"@id\":\"https:\/\/labotera.com\/es\/vins\/creveta-negro\/#primaryimage\"},\"thumbnailUrl\":\"https:\/\/labotera.com\/wp-content\/uploads\/2019\/06\/creveta-negre-labotera-500px.png\",\"datePublished\":\"2019-06-06T16:17:51+00:00\",\"dateModified\":\"2021-10-19T07:30:28+00:00\",\"breadcrumb\":{\"@id\":\"https:\/\/labotera.com\/es\/vins\/creveta-negro\/#breadcrumb\"},\"inLanguage\":\"es\",\"potentialAction\":[{\"@type\":\"ReadAction\",\"target\":[\"https:\/\/labotera.com\/es\/vins\/creveta-negro\/\"]}]},{\"@type\":\"ImageObject\",\"inLanguage\":\"es\",\"@id\":\"https:\/\/labotera.com\/es\/vins\/creveta-negro\/#primaryimage\",\"url\":\"https:\/\/labotera.com\/wp-content\/uploads\/2019\/06\/creveta-negre-labotera-500px.png\",\"contentUrl\":\"https:\/\/labotera.com\/wp-content\/uploads\/2019\/06\/creveta-negre-labotera-500px.png\",\"width\":500,\"height\":500},{\"@type\":\"BreadcrumbList\",\"@id\":\"https:\/\/labotera.com\/es\/vins\/creveta-negro\/#breadcrumb\",\"itemListElement\":[{\"@type\":\"ListItem\",\"position\":1,\"name\":\"Portada\",\"item\":\"https:\/\/labotera.com\/es\/\"},{\"@type\":\"ListItem\",\"position\":2,\"name\":\"Productos\",\"item\":\"https:\/\/labotera.com\/es\/shop\/\"},{\"@type\":\"ListItem\",\"position\":3,\"name\":\"Creveta Negro\"}]},{\"@type\":\"WebSite\",\"@id\":\"https:\/\/labotera.com\/es\/#website\",\"url\":\"https:\/\/labotera.com\/es\/\",\"name\":\"Celler La Botera - Terra Alta\",\"description\":\"\",\"publisher\":{\"@id\":\"https:\/\/labotera.com\/es\/#organization\"},\"potentialAction\":[{\"@type\":\"SearchAction\",\"target\":{\"@type\":\"EntryPoint\",\"urlTemplate\":\"https:\/\/labotera.com\/es\/?s={search_term_string}\"},\"query-input\":{\"@type\":\"PropertyValueSpecification\",\"valueRequired\":true,\"valueName\":\"search_term_string\"}}],\"inLanguage\":\"es\"},{\"@type\":\"Organization\",\"@id\":\"https:\/\/labotera.com\/es\/#organization\",\"name\":\"Celler La Botera\",\"url\":\"https:\/\/labotera.com\/es\/\",\"logo\":{\"@type\":\"ImageObject\",\"inLanguage\":\"es\",\"@id\":\"https:\/\/labotera.com\/es\/#\/schema\/logo\/image\/\",\"url\":\"https:\/\/labotera.com\/wp-content\/uploads\/2019\/07\/logo-labotera-facturas.png\",\"contentUrl\":\"https:\/\/labotera.com\/wp-content\/uploads\/2019\/07\/logo-labotera-facturas.png\",\"width\":208,\"height\":40,\"caption\":\"Celler La Botera\"},\"image\":{\"@id\":\"https:\/\/labotera.com\/es\/#\/schema\/logo\/image\/\"}}]}<\/script>\n<!-- \/ Yoast SEO plugin. -->","yoast_head_json":{"title":"Creveta Negro - Celler La Botera - Terra Alta","robots":{"index":"index","follow":"follow","max-snippet":"max-snippet:-1","max-image-preview":"max-image-preview:large","max-video-preview":"max-video-preview:-1"},"canonical":"https:\/\/labotera.com\/es\/vins\/creveta-negro\/","og_locale":"es_ES","og_type":"article","og_title":"Creveta Negro - Celler La Botera - Terra Alta","og_description":"Vino joven elaborado en dep\u00f3sitos de acero inoxidable, prensado despu\u00e9s de tres semanas en contacto con la uva, que le aporta este color tan vivo e intenso. Fermentado con levaduras aut\u00f3ctonas de las fincas. Fermentaci\u00f3n malol\u00e1ctica espont\u00e1nea, que le aporta notas l\u00e1cticas y suavidad.","og_url":"https:\/\/labotera.com\/es\/vins\/creveta-negro\/","og_site_name":"Celler La Botera - Terra Alta","article_modified_time":"2021-10-19T07:30:28+00:00","og_image":[{"width":500,"height":500,"url":"https:\/\/labotera.com\/wp-content\/uploads\/2019\/06\/creveta-negre-labotera-500px.png","type":"image\/png"}],"twitter_card":"summary_large_image","twitter_misc":{"Tiempo de lectura":"1 minuto"},"schema":{"@context":"https:\/\/schema.org","@graph":[{"@type":"WebPage","@id":"https:\/\/labotera.com\/es\/vins\/creveta-negro\/","url":"https:\/\/labotera.com\/es\/vins\/creveta-negro\/","name":"Creveta Negro - Celler La Botera - Terra Alta","isPartOf":{"@id":"https:\/\/labotera.com\/es\/#website"},"primaryImageOfPage":{"@id":"https:\/\/labotera.com\/es\/vins\/creveta-negro\/#primaryimage"},"image":{"@id":"https:\/\/labotera.com\/es\/vins\/creveta-negro\/#primaryimage"},"thumbnailUrl":"https:\/\/labotera.com\/wp-content\/uploads\/2019\/06\/creveta-negre-labotera-500px.png","datePublished":"2019-06-06T16:17:51+00:00","dateModified":"2021-10-19T07:30:28+00:00","breadcrumb":{"@id":"https:\/\/labotera.com\/es\/vins\/creveta-negro\/#breadcrumb"},"inLanguage":"es","potentialAction":[{"@type":"ReadAction","target":["https:\/\/labotera.com\/es\/vins\/creveta-negro\/"]}]},{"@type":"ImageObject","inLanguage":"es","@id":"https:\/\/labotera.com\/es\/vins\/creveta-negro\/#primaryimage","url":"https:\/\/labotera.com\/wp-content\/uploads\/2019\/06\/creveta-negre-labotera-500px.png","contentUrl":"https:\/\/labotera.com\/wp-content\/uploads\/2019\/06\/creveta-negre-labotera-500px.png","width":500,"height":500},{"@type":"BreadcrumbList","@id":"https:\/\/labotera.com\/es\/vins\/creveta-negro\/#breadcrumb","itemListElement":[{"@type":"ListItem","position":1,"name":"Portada","item":"https:\/\/labotera.com\/es\/"},{"@type":"ListItem","position":2,"name":"Productos","item":"https:\/\/labotera.com\/es\/shop\/"},{"@type":"ListItem","position":3,"name":"Creveta Negro"}]},{"@type":"WebSite","@id":"https:\/\/labotera.com\/es\/#website","url":"https:\/\/labotera.com\/es\/","name":"Celler La Botera - Terra Alta","description":"","publisher":{"@id":"https:\/\/labotera.com\/es\/#organization"},"potentialAction":[{"@type":"SearchAction","target":{"@type":"EntryPoint","urlTemplate":"https:\/\/labotera.com\/es\/?s={search_term_string}"},"query-input":{"@type":"PropertyValueSpecification","valueRequired":true,"valueName":"search_term_string"}}],"inLanguage":"es"},{"@type":"Organization","@id":"https:\/\/labotera.com\/es\/#organization","name":"Celler La Botera","url":"https:\/\/labotera.com\/es\/","logo":{"@type":"ImageObject","inLanguage":"es","@id":"https:\/\/labotera.com\/es\/#\/schema\/logo\/image\/","url":"https:\/\/labotera.com\/wp-content\/uploads\/2019\/07\/logo-labotera-facturas.png","contentUrl":"https:\/\/labotera.com\/wp-content\/uploads\/2019\/07\/logo-labotera-facturas.png","width":208,"height":40,"caption":"Celler La Botera"},"image":{"@id":"https:\/\/labotera.com\/es\/#\/schema\/logo\/image\/"}}]}},"jetpack_sharing_enabled":true,"_links":{"self":[{"href":"https:\/\/labotera.com\/es\/wp-json\/wp\/v2\/product\/3038","targetHints":{"allow":["GET"]}}],"collection":[{"href":"https:\/\/labotera.com\/es\/wp-json\/wp\/v2\/product"}],"about":[{"href":"https:\/\/labotera.com\/es\/wp-json\/wp\/v2\/types\/product"}],"wp:featuredmedia":[{"embeddable":true,"href":"https:\/\/labotera.com\/es\/wp-json\/wp\/v2\/media\/37644"}],"wp:attachment":[{"href":"https:\/\/labotera.com\/es\/wp-json\/wp\/v2\/media?parent=3038"}],"wp:term":[{"taxonomy":"product_brand","embeddable":true,"href":"https:\/\/labotera.com\/es\/wp-json\/wp\/v2\/product_brand?post=3038"},{"taxonomy":"product_cat","embeddable":true,"href":"https:\/\/labotera.com\/es\/wp-json\/wp\/v2\/product_cat?post=3038"},{"taxonomy":"product_tag","embeddable":true,"href":"https:\/\/labotera.com\/es\/wp-json\/wp\/v2\/product_tag?post=3038"}],"curies":[{"name":"wp","href":"https:\/\/api.w.org\/{rel}","templated":true}]}}