{"id":3068,"date":"2019-06-06T17:42:46","date_gmt":"2019-06-06T15:42:46","guid":{"rendered":"https:\/\/labotera.com\/vins\/mudefer-copia\/"},"modified":"2023-07-11T16:39:50","modified_gmt":"2023-07-11T14:39:50","slug":"mudefer","status":"publish","type":"product","link":"https:\/\/labotera.com\/es\/vins\/mudefer\/","title":{"rendered":"Mud\u00e8fer"},"content":{"rendered":"<div class=\"wpb-content-wrapper\"><p>[vc_row css=\u00bb.vc_custom_1548668007479{padding-right: 0px !important;}\u00bb][vc_column width=\u00bb1\/2&#8243;][vc_column_text]<\/p>\n<div id=\"container\">\n<div id=\"row\">\n<div id=\"left\"><img data-recalc-dims=\"1\" decoding=\"async\" class=\"icono\" src=\"https:\/\/i0.wp.com\/labotera.com\/wp-content\/uploads\/2019\/01\/Icon_local.jpg?w=1200&#038;ssl=1\" alt=\"\" \/><\/div>\n<div id=\"middle\">\n<div class=\"texto\">\n<h3><b>LOCALIZACI\u00d3N<\/b><\/h3>\n<\/div>\n<\/div>\n<\/div>\n<\/div>\n<div id=\"container\">\n<div id=\"row\">\n<div id=\"left\" class=\"blanc\"><\/div>\n<div id=\"middle\">\n<div class=\"texto\">\n<p>Pa\u00eds: Espa\u00f1a<br \/>\nDenominaci\u00f3n de origen: Terra Alta<br \/>\nCentro de elaboraci\u00f3n: Batea<\/p>\n<\/div>\n<\/div>\n<\/div>\n<\/div>\n<p>[\/vc_column_text][vc_column_text css=\u00bb.vc_custom_1548839426111{margin-top: -15px !important;}\u00bb]<\/p>\n<div id=\"container\">\n<div id=\"row\">\n<div id=\"left\"><img data-recalc-dims=\"1\" decoding=\"async\" class=\"icono\" src=\"https:\/\/i0.wp.com\/labotera.com\/wp-content\/uploads\/2019\/01\/Icon_Varietats.jpg?w=1200&#038;ssl=1\" alt=\"\" \/><\/div>\n<div id=\"middle\">\n<div class=\"texto\">\n<h3><b>VARIEDADES<\/b><\/h3>\n<\/div>\n<\/div>\n<\/div>\n<\/div>\n<div id=\"container\">\n<div id=\"row\">\n<div id=\"left\" class=\"blanc\"><\/div>\n<div id=\"middle\">\n<div class=\"texto\">Cari\u00f1ena 75% y garnacha negra 25%<\/div>\n<\/div>\n<\/div>\n<\/div>\n<p>[\/vc_column_text][vc_column_text css=\u00bb.vc_custom_1548839432388{margin-top: -15px !important;}\u00bb]<\/p>\n<div id=\"container\">\n<div id=\"row\">\n<div id=\"left\"><img data-recalc-dims=\"1\" decoding=\"async\" class=\"icono\" src=\"https:\/\/i0.wp.com\/labotera.com\/wp-content\/uploads\/2019\/01\/Icon_Vinificacio.jpg?w=1200&#038;ssl=1\" alt=\"\" \/><\/div>\n<div id=\"middle\">\n<div class=\"texto\">\n<h3><b>VINIFICACI\u00d3N<\/b><\/h3>\n<\/div>\n<\/div>\n<\/div>\n<\/div>\n<div id=\"container\">\n<div id=\"row\">\n<div id=\"left\" class=\"blanc\"><\/div>\n<div id=\"middle\">\n<div class=\"texto\">Fermentaci\u00f3n a temperatura controlada<\/div>\n<\/div>\n<\/div>\n<\/div>\n<p>[\/vc_column_text][vc_column_text css=\u00bb.vc_custom_1689086374814{margin-top: -15px !important;}\u00bb]<\/p>\n<div id=\"container\">\n<div id=\"row\">\n<div id=\"left\"><img data-recalc-dims=\"1\" decoding=\"async\" class=\"icono\" src=\"https:\/\/i0.wp.com\/labotera.com\/wp-content\/uploads\/2019\/01\/Icon_reconeixements.jpg?w=1200&#038;ssl=1\" alt=\"\" \/><\/div>\n<div id=\"middle\">\n<div class=\"texto\">\n<h3><b>RECONOCIMIENTOS<\/b><\/h3>\n<\/div>\n<\/div>\n<\/div>\n<\/div>\n<div id=\"container\">\n<div id=\"row\">\n<div id=\"left\" class=\"blanc\"><\/div>\n<div id=\"middle\">\n<div class=\"texto\">2022 Medalla plata al concurso mundial de vinos decanter<br \/>\n2019 Medalla 0ro+90 Gilbert Gaillard<br \/>\n2018 Medalla oro Gilbert Gaillard<br \/>\n2016 Medalla oro Gilbert Gaillard<br \/>\n2015 Medalla plata Concours Mondial de Bruxelles<\/div>\n<\/div>\n<\/div>\n<\/div>\n<p>[\/vc_column_text][\/vc_column][vc_column width=\u00bb1\/2&#8243;][vc_column_text]<\/p>\n<div id=\"container\">\n<div id=\"row\">\n<div id=\"left\"><img data-recalc-dims=\"1\" decoding=\"async\" class=\"icono\" src=\"https:\/\/i0.wp.com\/labotera.com\/wp-content\/uploads\/2019\/01\/Icon_crian%C3%A7a.jpg?w=1200&#038;ssl=1\" alt=\"\" \/><\/div>\n<div id=\"middle\">\n<div class=\"texto\">\n<h3><b>CRIANZA<\/b><\/h3>\n<\/div>\n<\/div>\n<\/div>\n<\/div>\n<div id=\"container\">\n<div id=\"row\">\n<div id=\"left\" class=\"blanc\"><\/div>\n<div id=\"middle\">\n<div class=\"texto\">De 8 a 10 meses en bota francesa y americana<\/div>\n<\/div>\n<\/div>\n<\/div>\n<p>[\/vc_column_text][vc_column_text css=\u00bb.vc_custom_1548839555934{margin-top: -15px !important;}\u00bb]<\/p>\n<div id=\"container\">\n<div id=\"row\">\n<div id=\"left\"><img data-recalc-dims=\"1\" decoding=\"async\" class=\"icono\" src=\"https:\/\/i0.wp.com\/labotera.com\/wp-content\/uploads\/2019\/01\/Icon_Tast.jpg?w=1200&#038;ssl=1\" alt=\"\" \/><\/div>\n<div id=\"middle\">\n<div class=\"texto\">\n<h3><b>CATA<\/b><\/h3>\n<\/div>\n<\/div>\n<\/div>\n<\/div>\n<div id=\"container\">\n<div id=\"row\">\n<div id=\"left\" class=\"blanc\"><\/div>\n<div id=\"middle\">\n<div class=\"texto\">El vino tiene una superficie brillante y n\u00edtida de un color rojo rub\u00ed. Se recomienda decantarlos o tenerlo media hora abierto antes de consumir, para que pueda expresar su m\u00e1xima intensidad arom\u00e1tica. Tiene una gran variedad de matices delicados, toques de frutos tostados y ahumados, por la crianza en roble franc\u00e9s, sobre un fondo de fruta roja muy madura casi confitada y aportada por la crianza en roble americano. En boca, es amplio y generoso, y se expande en toda la cavidad bucal sin dificultad y transmite sensaci\u00f3n de un vino aterciopelado. A pesar de su profundidad, tiene una frescura encontrada en nariz con frutos rojos, un factor determinante, puesto que nos equilibra la elevada graduaci\u00f3n.<\/div>\n<\/div>\n<\/div>\n<\/div>\n<p>[\/vc_column_text][vc_row_inner][vc_column_inner width=\u00bb1\/2&#8243;]<style type=\"text\/css\" data-type=\"the7_shortcodes-inline-css\">#default-btn-0fdfd92e86a079042ad200d0ffff2edb.ico-right-side > i {\n  margin-right: 0px;\n  margin-left: 8px;\n}\n#default-btn-0fdfd92e86a079042ad200d0ffff2edb > i {\n  margin-right: 8px;\n}\n<\/style><div class=\"btn-align-center\"><a href=\"https:\/\/labotera.com\/wp-content\/uploads\/2023\/07\/mudefer-negre-castella-2023.pdf\" class=\"default-btn-shortcode dt-btn dt-btn-m link-hover-off ico-right-side \" target=\"_blank\" id=\"default-btn-0fdfd92e86a079042ad200d0ffff2edb\" rel=\"noopener\"><span>Descargar ficha<\/span><i class=\"fas fa-cloud-download-alt\"><\/i><\/a><\/div>[\/vc_column_inner][vc_column_inner width=\u00bb1\/2&#8243;][\/vc_column_inner][\/vc_row_inner][\/vc_column][\/vc_row]<\/p>\n<\/div>","protected":false},"excerpt":{"rendered":"<p>Mud\u00e8fer es un vino que proviene de las vi\u00f1as m\u00e1s viejas de la bodega. Situadas en valles muy particulares, rodeados de bosques y entre 400 y 550 m de altitud, donde la pluviometr\u00eda anual no supera los 400 l\/m2 y, por lo que, casi no hay que hacer tratamientos fitosanitarios. Estas vi\u00f1as est\u00e1n cultivadas en terrazas naturales con suelo de tierra \u201cpanal\u201d, que son suelos fuertes, profundos, calc\u00e1reos y permeables.<\/p>\n","protected":false},"featured_media":3025,"template":"","meta":{"_joinchat":[]},"product_brand":[],"product_cat":[169,268],"product_tag":[],"class_list":{"0":"post-3068","1":"product","2":"type-product","3":"status-publish","4":"has-post-thumbnail","6":"product_cat-unidades","7":"product_cat-vinos-negros-tienda","8":"product_shipping_class-envios-unidades-standard","9":"description-off","11":"first","12":"instock","13":"taxable","14":"shipping-taxable","15":"purchasable","16":"product-type-simple"},"yoast_head":"<!-- This site is optimized with the Yoast SEO plugin v25.5 - https:\/\/yoast.com\/wordpress\/plugins\/seo\/ -->\n<title>Mud\u00e8fer - Celler La Botera - Terra Alta<\/title>\n<meta name=\"robots\" content=\"index, follow, max-snippet:-1, max-image-preview:large, max-video-preview:-1\" \/>\n<link rel=\"canonical\" href=\"https:\/\/labotera.com\/es\/vins\/mudefer\/\" \/>\n<meta property=\"og:locale\" content=\"es_ES\" \/>\n<meta property=\"og:type\" content=\"article\" \/>\n<meta property=\"og:title\" content=\"Mud\u00e8fer - Celler La Botera - Terra Alta\" \/>\n<meta property=\"og:description\" content=\"Mud\u00e8fer es un vino que proviene de las vi\u00f1as m\u00e1s viejas de la bodega. Situadas en valles muy particulares, rodeados de bosques y entre 400 y 550 m de altitud, donde la pluviometr\u00eda anual no supera los 400 l\/m2 y, por lo que, casi no hay que hacer tratamientos fitosanitarios. Estas vi\u00f1as est\u00e1n cultivadas en terrazas naturales con suelo de tierra \u201cpanal\u201d, que son suelos fuertes, profundos, calc\u00e1reos y permeables.\" \/>\n<meta property=\"og:url\" content=\"https:\/\/labotera.com\/es\/vins\/mudefer\/\" \/>\n<meta property=\"og:site_name\" content=\"Celler La Botera - Terra Alta\" \/>\n<meta property=\"article:modified_time\" content=\"2023-07-11T14:39:50+00:00\" \/>\n<meta property=\"og:image\" content=\"https:\/\/labotera.com\/wp-content\/uploads\/2019\/06\/mudefer-labotera-2019.jpg\" \/>\n\t<meta property=\"og:image:width\" content=\"500\" \/>\n\t<meta property=\"og:image:height\" content=\"500\" \/>\n\t<meta property=\"og:image:type\" content=\"image\/jpeg\" \/>\n<meta name=\"twitter:card\" content=\"summary_large_image\" \/>\n<meta name=\"twitter:label1\" content=\"Tiempo de lectura\" \/>\n\t<meta name=\"twitter:data1\" content=\"3 minutos\" \/>\n<script type=\"application\/ld+json\" class=\"yoast-schema-graph\">{\"@context\":\"https:\/\/schema.org\",\"@graph\":[{\"@type\":\"WebPage\",\"@id\":\"https:\/\/labotera.com\/es\/vins\/mudefer\/\",\"url\":\"https:\/\/labotera.com\/es\/vins\/mudefer\/\",\"name\":\"Mud\u00e8fer - Celler La Botera - Terra Alta\",\"isPartOf\":{\"@id\":\"https:\/\/labotera.com\/es\/#website\"},\"primaryImageOfPage\":{\"@id\":\"https:\/\/labotera.com\/es\/vins\/mudefer\/#primaryimage\"},\"image\":{\"@id\":\"https:\/\/labotera.com\/es\/vins\/mudefer\/#primaryimage\"},\"thumbnailUrl\":\"https:\/\/labotera.com\/wp-content\/uploads\/2019\/06\/mudefer-labotera-2019.jpg\",\"datePublished\":\"2019-06-06T15:42:46+00:00\",\"dateModified\":\"2023-07-11T14:39:50+00:00\",\"breadcrumb\":{\"@id\":\"https:\/\/labotera.com\/es\/vins\/mudefer\/#breadcrumb\"},\"inLanguage\":\"es\",\"potentialAction\":[{\"@type\":\"ReadAction\",\"target\":[\"https:\/\/labotera.com\/es\/vins\/mudefer\/\"]}]},{\"@type\":\"ImageObject\",\"inLanguage\":\"es\",\"@id\":\"https:\/\/labotera.com\/es\/vins\/mudefer\/#primaryimage\",\"url\":\"https:\/\/labotera.com\/wp-content\/uploads\/2019\/06\/mudefer-labotera-2019.jpg\",\"contentUrl\":\"https:\/\/labotera.com\/wp-content\/uploads\/2019\/06\/mudefer-labotera-2019.jpg\",\"width\":500,\"height\":500},{\"@type\":\"BreadcrumbList\",\"@id\":\"https:\/\/labotera.com\/es\/vins\/mudefer\/#breadcrumb\",\"itemListElement\":[{\"@type\":\"ListItem\",\"position\":1,\"name\":\"Portada\",\"item\":\"https:\/\/labotera.com\/es\/\"},{\"@type\":\"ListItem\",\"position\":2,\"name\":\"Productos\",\"item\":\"https:\/\/labotera.com\/es\/shop\/\"},{\"@type\":\"ListItem\",\"position\":3,\"name\":\"Mud\u00e8fer\"}]},{\"@type\":\"WebSite\",\"@id\":\"https:\/\/labotera.com\/es\/#website\",\"url\":\"https:\/\/labotera.com\/es\/\",\"name\":\"Celler La Botera - Terra Alta\",\"description\":\"\",\"publisher\":{\"@id\":\"https:\/\/labotera.com\/es\/#organization\"},\"potentialAction\":[{\"@type\":\"SearchAction\",\"target\":{\"@type\":\"EntryPoint\",\"urlTemplate\":\"https:\/\/labotera.com\/es\/?s={search_term_string}\"},\"query-input\":{\"@type\":\"PropertyValueSpecification\",\"valueRequired\":true,\"valueName\":\"search_term_string\"}}],\"inLanguage\":\"es\"},{\"@type\":\"Organization\",\"@id\":\"https:\/\/labotera.com\/es\/#organization\",\"name\":\"Celler La Botera\",\"url\":\"https:\/\/labotera.com\/es\/\",\"logo\":{\"@type\":\"ImageObject\",\"inLanguage\":\"es\",\"@id\":\"https:\/\/labotera.com\/es\/#\/schema\/logo\/image\/\",\"url\":\"https:\/\/labotera.com\/wp-content\/uploads\/2019\/07\/logo-labotera-facturas.png\",\"contentUrl\":\"https:\/\/labotera.com\/wp-content\/uploads\/2019\/07\/logo-labotera-facturas.png\",\"width\":208,\"height\":40,\"caption\":\"Celler La Botera\"},\"image\":{\"@id\":\"https:\/\/labotera.com\/es\/#\/schema\/logo\/image\/\"}}]}<\/script>\n<!-- \/ Yoast SEO plugin. -->","yoast_head_json":{"title":"Mud\u00e8fer - Celler La Botera - Terra Alta","robots":{"index":"index","follow":"follow","max-snippet":"max-snippet:-1","max-image-preview":"max-image-preview:large","max-video-preview":"max-video-preview:-1"},"canonical":"https:\/\/labotera.com\/es\/vins\/mudefer\/","og_locale":"es_ES","og_type":"article","og_title":"Mud\u00e8fer - Celler La Botera - Terra Alta","og_description":"Mud\u00e8fer es un vino que proviene de las vi\u00f1as m\u00e1s viejas de la bodega. Situadas en valles muy particulares, rodeados de bosques y entre 400 y 550 m de altitud, donde la pluviometr\u00eda anual no supera los 400 l\/m2 y, por lo que, casi no hay que hacer tratamientos fitosanitarios. Estas vi\u00f1as est\u00e1n cultivadas en terrazas naturales con suelo de tierra \u201cpanal\u201d, que son suelos fuertes, profundos, calc\u00e1reos y permeables.","og_url":"https:\/\/labotera.com\/es\/vins\/mudefer\/","og_site_name":"Celler La Botera - Terra Alta","article_modified_time":"2023-07-11T14:39:50+00:00","og_image":[{"width":500,"height":500,"url":"https:\/\/labotera.com\/wp-content\/uploads\/2019\/06\/mudefer-labotera-2019.jpg","type":"image\/jpeg"}],"twitter_card":"summary_large_image","twitter_misc":{"Tiempo de lectura":"3 minutos"},"schema":{"@context":"https:\/\/schema.org","@graph":[{"@type":"WebPage","@id":"https:\/\/labotera.com\/es\/vins\/mudefer\/","url":"https:\/\/labotera.com\/es\/vins\/mudefer\/","name":"Mud\u00e8fer - Celler La Botera - Terra Alta","isPartOf":{"@id":"https:\/\/labotera.com\/es\/#website"},"primaryImageOfPage":{"@id":"https:\/\/labotera.com\/es\/vins\/mudefer\/#primaryimage"},"image":{"@id":"https:\/\/labotera.com\/es\/vins\/mudefer\/#primaryimage"},"thumbnailUrl":"https:\/\/labotera.com\/wp-content\/uploads\/2019\/06\/mudefer-labotera-2019.jpg","datePublished":"2019-06-06T15:42:46+00:00","dateModified":"2023-07-11T14:39:50+00:00","breadcrumb":{"@id":"https:\/\/labotera.com\/es\/vins\/mudefer\/#breadcrumb"},"inLanguage":"es","potentialAction":[{"@type":"ReadAction","target":["https:\/\/labotera.com\/es\/vins\/mudefer\/"]}]},{"@type":"ImageObject","inLanguage":"es","@id":"https:\/\/labotera.com\/es\/vins\/mudefer\/#primaryimage","url":"https:\/\/labotera.com\/wp-content\/uploads\/2019\/06\/mudefer-labotera-2019.jpg","contentUrl":"https:\/\/labotera.com\/wp-content\/uploads\/2019\/06\/mudefer-labotera-2019.jpg","width":500,"height":500},{"@type":"BreadcrumbList","@id":"https:\/\/labotera.com\/es\/vins\/mudefer\/#breadcrumb","itemListElement":[{"@type":"ListItem","position":1,"name":"Portada","item":"https:\/\/labotera.com\/es\/"},{"@type":"ListItem","position":2,"name":"Productos","item":"https:\/\/labotera.com\/es\/shop\/"},{"@type":"ListItem","position":3,"name":"Mud\u00e8fer"}]},{"@type":"WebSite","@id":"https:\/\/labotera.com\/es\/#website","url":"https:\/\/labotera.com\/es\/","name":"Celler La Botera - Terra Alta","description":"","publisher":{"@id":"https:\/\/labotera.com\/es\/#organization"},"potentialAction":[{"@type":"SearchAction","target":{"@type":"EntryPoint","urlTemplate":"https:\/\/labotera.com\/es\/?s={search_term_string}"},"query-input":{"@type":"PropertyValueSpecification","valueRequired":true,"valueName":"search_term_string"}}],"inLanguage":"es"},{"@type":"Organization","@id":"https:\/\/labotera.com\/es\/#organization","name":"Celler La Botera","url":"https:\/\/labotera.com\/es\/","logo":{"@type":"ImageObject","inLanguage":"es","@id":"https:\/\/labotera.com\/es\/#\/schema\/logo\/image\/","url":"https:\/\/labotera.com\/wp-content\/uploads\/2019\/07\/logo-labotera-facturas.png","contentUrl":"https:\/\/labotera.com\/wp-content\/uploads\/2019\/07\/logo-labotera-facturas.png","width":208,"height":40,"caption":"Celler La Botera"},"image":{"@id":"https:\/\/labotera.com\/es\/#\/schema\/logo\/image\/"}}]}},"jetpack_sharing_enabled":true,"_links":{"self":[{"href":"https:\/\/labotera.com\/es\/wp-json\/wp\/v2\/product\/3068","targetHints":{"allow":["GET"]}}],"collection":[{"href":"https:\/\/labotera.com\/es\/wp-json\/wp\/v2\/product"}],"about":[{"href":"https:\/\/labotera.com\/es\/wp-json\/wp\/v2\/types\/product"}],"wp:featuredmedia":[{"embeddable":true,"href":"https:\/\/labotera.com\/es\/wp-json\/wp\/v2\/media\/3025"}],"wp:attachment":[{"href":"https:\/\/labotera.com\/es\/wp-json\/wp\/v2\/media?parent=3068"}],"wp:term":[{"taxonomy":"product_brand","embeddable":true,"href":"https:\/\/labotera.com\/es\/wp-json\/wp\/v2\/product_brand?post=3068"},{"taxonomy":"product_cat","embeddable":true,"href":"https:\/\/labotera.com\/es\/wp-json\/wp\/v2\/product_cat?post=3068"},{"taxonomy":"product_tag","embeddable":true,"href":"https:\/\/labotera.com\/es\/wp-json\/wp\/v2\/product_tag?post=3068"}],"curies":[{"name":"wp","href":"https:\/\/api.w.org\/{rel}","templated":true}]}}