{"id":3094,"date":"2019-06-06T15:02:37","date_gmt":"2019-06-06T13:02:37","guid":{"rendered":"https:\/\/labotera.com\/vins\/vila-closa-negre-copia\/"},"modified":"2022-06-21T19:18:29","modified_gmt":"2022-06-21T17:18:29","slug":"vila%c2%b7closa-negro","status":"publish","type":"product","link":"https:\/\/labotera.com\/es\/vins\/vila%c2%b7closa-negro\/","title":{"rendered":"Vila\u00b7Closa Negro"},"content":{"rendered":"<div class=\"wpb-content-wrapper\"><p>[vc_row css=\u00bb.vc_custom_1548668007479{padding-right: 0px !important;}\u00bb][vc_column width=\u00bb1\/2&#8243;][vc_column_text]<\/p>\n<div id=\"container\">\n<div id=\"row\">\n<div id=\"left\"><img data-recalc-dims=\"1\" decoding=\"async\" class=\"icono\" src=\"https:\/\/i0.wp.com\/labotera.com\/wp-content\/uploads\/2019\/01\/Icon_local.jpg?w=1200&#038;ssl=1\" alt=\"\" \/><\/div>\n<div id=\"middle\">\n<div class=\"texto\">\n<h3><b>LOCALIZACI\u00d3N<\/b><\/h3>\n<\/div>\n<\/div>\n<\/div>\n<\/div>\n<div id=\"container\">\n<div id=\"row\">\n<div id=\"left\" class=\"blanc\"><\/div>\n<div id=\"middle\">\n<div class=\"texto\">\n<p>Pa\u00eds: Espa\u00f1a<br \/>\nDenominaci\u00f3n de origen: Terra Alta<br \/>\nCentro de elaboraci\u00f3n: Batea<\/p>\n<\/div>\n<\/div>\n<\/div>\n<\/div>\n<p>[\/vc_column_text][vc_column_text css=\u00bb.vc_custom_1548762937496{margin-top: -15px !important;}\u00bb]<\/p>\n<div id=\"container\">\n<div id=\"row\">\n<div id=\"left\"><img data-recalc-dims=\"1\" decoding=\"async\" class=\"icono\" src=\"https:\/\/i0.wp.com\/labotera.com\/wp-content\/uploads\/2019\/01\/Icon_Varietats.jpg?w=1200&#038;ssl=1\" alt=\"\" \/><\/div>\n<div id=\"middle\">\n<div class=\"texto\">\n<h3><b>VARIEDADES<\/b><\/h3>\n<\/div>\n<\/div>\n<\/div>\n<\/div>\n<div id=\"container\">\n<div id=\"row\">\n<div id=\"left\" class=\"blanc\"><\/div>\n<div id=\"middle\">\n<div class=\"texto\">Garnacha negra 100%<\/div>\n<\/div>\n<\/div>\n<\/div>\n<p>[\/vc_column_text][vc_column_text css=\u00bb.vc_custom_1548762954664{margin-top: -15px !important;}\u00bb]<\/p>\n<div id=\"container\">\n<div id=\"row\">\n<div id=\"left\"><img data-recalc-dims=\"1\" decoding=\"async\" class=\"icono\" src=\"https:\/\/i0.wp.com\/labotera.com\/wp-content\/uploads\/2019\/01\/Icon_Vinificacio.jpg?w=1200&#038;ssl=1\" alt=\"\" \/><\/div>\n<div id=\"middle\">\n<div class=\"texto\">\n<h3><b>VINIFICACI\u00d3N<\/b><\/h3>\n<\/div>\n<\/div>\n<\/div>\n<\/div>\n<div id=\"container\">\n<div id=\"row\">\n<div id=\"left\" class=\"blanc\"><\/div>\n<div id=\"middle\">\n<div class=\"texto\">Fermentaci\u00f3n a temperatura controlada<\/div>\n<\/div>\n<\/div>\n<\/div>\n<p>[\/vc_column_text][vc_column_text css=\u00bb.vc_custom_1655831891684{margin-top: -15px !important;}\u00bb]<\/p>\n<div id=\"container\">\n<div id=\"row\">\n<div id=\"left\"><img data-recalc-dims=\"1\" height=\"300\" width=\"300\" decoding=\"async\" class=\"icono\" src=\"https:\/\/i0.wp.com\/labotera.com\/wp-content\/uploads\/2019\/01\/Icon_reconeixements.jpg?resize=300%2C300&#038;ssl=1\" alt=\"\" \/><\/div>\n<div id=\"middle\">\n<div class=\"texto\">\n<h3><b>RECONOCIMIENTOS<\/b><\/h3>\n<\/div>\n<\/div>\n<\/div>\n<\/div>\n<div id=\"container\">\n<div id=\"row\">\n<div id=\"left\" class=\"blanc\"><\/div>\n<div id=\"middle\">\n<div class=\"texto\">2022 Medalla plata Concours Grenaches du Monde<\/div>\n<div class=\"texto\">2019 Medalla oro Concours Grenaches du Monde<br \/>\n2019 Medalla oro+90 Gilbert Gaillard<br \/>\n2018 Medalla oro Concours Grenaches du Monde<\/div>\n<\/div>\n<\/div>\n<\/div>\n<p>[\/vc_column_text][\/vc_column][vc_column width=\u00bb1\/2&#8243;][vc_column_text]<\/p>\n<div id=\"container\">\n<div id=\"row\">\n<div id=\"left\"><img data-recalc-dims=\"1\" decoding=\"async\" class=\"icono\" src=\"https:\/\/i0.wp.com\/labotera.com\/wp-content\/uploads\/2019\/01\/Icon_crian%C3%A7a.jpg?w=1200&#038;ssl=1\" alt=\"\" \/><\/div>\n<div id=\"middle\">\n<div class=\"texto\">\n<h3><b>CRIANZA<\/b><\/h3>\n<\/div>\n<\/div>\n<\/div>\n<\/div>\n<div id=\"container\">\n<div id=\"row\">\n<div id=\"left\" class=\"blanc\"><\/div>\n<div id=\"middle\">\n<div class=\"texto\">3 meses en bota de roble<\/div>\n<\/div>\n<\/div>\n<\/div>\n<p>[\/vc_column_text][vc_column_text css=\u00bb.vc_custom_1548763071995{margin-top: -15px !important;}\u00bb]<\/p>\n<div id=\"container\">\n<div id=\"row\">\n<div id=\"left\"><img data-recalc-dims=\"1\" decoding=\"async\" class=\"icono\" src=\"https:\/\/i0.wp.com\/labotera.com\/wp-content\/uploads\/2019\/01\/Icon_Tast.jpg?w=1200&#038;ssl=1\" alt=\"\" \/><\/div>\n<div id=\"middle\">\n<div class=\"texto\">\n<h3><b>CATA<\/b><\/h3>\n<\/div>\n<\/div>\n<\/div>\n<\/div>\n<div id=\"container\">\n<div id=\"row\">\n<div id=\"left\" class=\"blanc\"><\/div>\n<div id=\"middle\">\n<div class=\"texto\">Denso color viol\u00e1ceo, brillante y fluido en copa, muestra un amplio abanico arom\u00e1tico caracterizado por aromas de frutas del bosque con toques de tomillo. En boca, ofrece un largo recorrido elegante, mineral, con frutas del bosque, toques bals\u00e1micos y notas de cacao. Taninos suaves, frescos y agradables. Largo posgusto. Un vino para disfrutar.<\/div>\n<\/div>\n<\/div>\n<\/div>\n<p>[\/vc_column_text][vc_row_inner][vc_column_inner width=\u00bb1\/2&#8243;]<style type=\"text\/css\" data-type=\"the7_shortcodes-inline-css\">#default-btn-5dca9c91c259b09edb062de70b5af646.ico-right-side > i {\n  margin-right: 0px;\n  margin-left: 8px;\n}\n#default-btn-5dca9c91c259b09edb062de70b5af646 > i {\n  margin-right: 8px;\n}\n<\/style><div class=\"btn-align-center\"><a href=\"https:\/\/labotera.com\/wp-content\/uploads\/2022\/06\/vila-closa-negro-espan\u0303ol-2022.pdf\" class=\"default-btn-shortcode dt-btn dt-btn-m link-hover-off ico-right-side \" target=\"_blank\" id=\"default-btn-5dca9c91c259b09edb062de70b5af646\" rel=\"noopener\"><span>Descargar ficha<\/span><i class=\"fas fa-cloud-download-alt\"><\/i><\/a><\/div>[\/vc_column_inner][vc_column_inner width=\u00bb1\/2&#8243;][\/vc_column_inner][\/vc_row_inner][\/vc_column][\/vc_row]<\/p>\n<\/div>","protected":false},"excerpt":{"rendered":"<p>Nuestro pueblo de Batea todav\u00eda conserva restos de la muralla que lo rodeaba. \u201cVila Closa\u201d, pueblo rodeado, tiene un s\u00edmil en este vino redondo sin puntas. Las fincas est\u00e1n seleccionadas, dentro del terreno \u201cpanal\u201d exclusivo de nuestra zona, muy calc\u00e1reo y que drena f\u00e1cilmente el agua. La edad de estas vi\u00f1as es de entre 15 y 30 a\u00f1os. Vino cultivado en forma de vaso, de forma que todos los trabajos que se efect\u00faan se hacen de forma artesanal. La fermentaci\u00f3n del vino se hace a temperatura controlada, y la posterior maduraci\u00f3n, de dos o tres meses, en botas de roble.<\/p>\n","protected":false},"featured_media":3095,"template":"","meta":{"_joinchat":[]},"product_brand":[],"product_cat":[169,268],"product_tag":[],"class_list":{"0":"post-3094","1":"product","2":"type-product","3":"status-publish","4":"has-post-thumbnail","6":"product_cat-unidades","7":"product_cat-vinos-negros-tienda","8":"product_shipping_class-envios-unidades-standard","9":"description-off","11":"first","12":"instock","13":"taxable","14":"shipping-taxable","15":"purchasable","16":"product-type-simple"},"yoast_head":"<!-- This site is optimized with the Yoast SEO plugin v25.5 - https:\/\/yoast.com\/wordpress\/plugins\/seo\/ -->\n<title>Vila\u00b7Closa Negro - Celler La Botera - Terra Alta<\/title>\n<meta name=\"robots\" content=\"index, follow, max-snippet:-1, max-image-preview:large, max-video-preview:-1\" \/>\n<link rel=\"canonical\" href=\"https:\/\/labotera.com\/es\/vins\/vila%c2%b7closa-negro\/\" \/>\n<meta property=\"og:locale\" content=\"es_ES\" \/>\n<meta property=\"og:type\" content=\"article\" \/>\n<meta property=\"og:title\" content=\"Vila\u00b7Closa Negro - Celler La Botera - Terra Alta\" \/>\n<meta property=\"og:description\" content=\"Nuestro pueblo de Batea todav\u00eda conserva restos de la muralla que lo rodeaba. \u201cVila Closa\u201d, pueblo rodeado, tiene un s\u00edmil en este vino redondo sin puntas. Las fincas est\u00e1n seleccionadas, dentro del terreno \u201cpanal\u201d exclusivo de nuestra zona, muy calc\u00e1reo y que drena f\u00e1cilmente el agua. La edad de estas vi\u00f1as es de entre 15 y 30 a\u00f1os. Vino cultivado en forma de vaso, de forma que todos los trabajos que se efect\u00faan se hacen de forma artesanal. La fermentaci\u00f3n del vino se hace a temperatura controlada, y la posterior maduraci\u00f3n, de dos o tres meses, en botas de roble.\" \/>\n<meta property=\"og:url\" content=\"https:\/\/labotera.com\/es\/vins\/vila%c2%b7closa-negro\/\" \/>\n<meta property=\"og:site_name\" content=\"Celler La Botera - Terra Alta\" \/>\n<meta property=\"article:modified_time\" content=\"2022-06-21T17:18:29+00:00\" \/>\n<meta property=\"og:image\" content=\"https:\/\/labotera.com\/wp-content\/uploads\/2019\/01\/vilaclosa_negre_woocomerce.jpg\" \/>\n\t<meta property=\"og:image:width\" content=\"500\" \/>\n\t<meta property=\"og:image:height\" content=\"500\" \/>\n\t<meta property=\"og:image:type\" content=\"image\/jpeg\" \/>\n<meta name=\"twitter:card\" content=\"summary_large_image\" \/>\n<meta name=\"twitter:label1\" content=\"Tiempo de lectura\" \/>\n\t<meta name=\"twitter:data1\" content=\"2 minutos\" \/>\n<script type=\"application\/ld+json\" class=\"yoast-schema-graph\">{\"@context\":\"https:\/\/schema.org\",\"@graph\":[{\"@type\":\"WebPage\",\"@id\":\"https:\/\/labotera.com\/es\/vins\/vila%c2%b7closa-negro\/\",\"url\":\"https:\/\/labotera.com\/es\/vins\/vila%c2%b7closa-negro\/\",\"name\":\"Vila\u00b7Closa Negro - Celler La Botera - Terra Alta\",\"isPartOf\":{\"@id\":\"https:\/\/labotera.com\/es\/#website\"},\"primaryImageOfPage\":{\"@id\":\"https:\/\/labotera.com\/es\/vins\/vila%c2%b7closa-negro\/#primaryimage\"},\"image\":{\"@id\":\"https:\/\/labotera.com\/es\/vins\/vila%c2%b7closa-negro\/#primaryimage\"},\"thumbnailUrl\":\"https:\/\/labotera.com\/wp-content\/uploads\/2019\/01\/vilaclosa_negre_woocomerce.jpg\",\"datePublished\":\"2019-06-06T13:02:37+00:00\",\"dateModified\":\"2022-06-21T17:18:29+00:00\",\"breadcrumb\":{\"@id\":\"https:\/\/labotera.com\/es\/vins\/vila%c2%b7closa-negro\/#breadcrumb\"},\"inLanguage\":\"es\",\"potentialAction\":[{\"@type\":\"ReadAction\",\"target\":[\"https:\/\/labotera.com\/es\/vins\/vila%c2%b7closa-negro\/\"]}]},{\"@type\":\"ImageObject\",\"inLanguage\":\"es\",\"@id\":\"https:\/\/labotera.com\/es\/vins\/vila%c2%b7closa-negro\/#primaryimage\",\"url\":\"https:\/\/labotera.com\/wp-content\/uploads\/2019\/01\/vilaclosa_negre_woocomerce.jpg\",\"contentUrl\":\"https:\/\/labotera.com\/wp-content\/uploads\/2019\/01\/vilaclosa_negre_woocomerce.jpg\",\"width\":500,\"height\":500,\"caption\":\"Vila\u00b7Closa Negro\"},{\"@type\":\"BreadcrumbList\",\"@id\":\"https:\/\/labotera.com\/es\/vins\/vila%c2%b7closa-negro\/#breadcrumb\",\"itemListElement\":[{\"@type\":\"ListItem\",\"position\":1,\"name\":\"Portada\",\"item\":\"https:\/\/labotera.com\/es\/\"},{\"@type\":\"ListItem\",\"position\":2,\"name\":\"Productos\",\"item\":\"https:\/\/labotera.com\/es\/shop\/\"},{\"@type\":\"ListItem\",\"position\":3,\"name\":\"Vila\u00b7Closa Negro\"}]},{\"@type\":\"WebSite\",\"@id\":\"https:\/\/labotera.com\/es\/#website\",\"url\":\"https:\/\/labotera.com\/es\/\",\"name\":\"Celler La Botera - Terra Alta\",\"description\":\"\",\"publisher\":{\"@id\":\"https:\/\/labotera.com\/es\/#organization\"},\"potentialAction\":[{\"@type\":\"SearchAction\",\"target\":{\"@type\":\"EntryPoint\",\"urlTemplate\":\"https:\/\/labotera.com\/es\/?s={search_term_string}\"},\"query-input\":{\"@type\":\"PropertyValueSpecification\",\"valueRequired\":true,\"valueName\":\"search_term_string\"}}],\"inLanguage\":\"es\"},{\"@type\":\"Organization\",\"@id\":\"https:\/\/labotera.com\/es\/#organization\",\"name\":\"Celler La Botera\",\"url\":\"https:\/\/labotera.com\/es\/\",\"logo\":{\"@type\":\"ImageObject\",\"inLanguage\":\"es\",\"@id\":\"https:\/\/labotera.com\/es\/#\/schema\/logo\/image\/\",\"url\":\"https:\/\/labotera.com\/wp-content\/uploads\/2019\/07\/logo-labotera-facturas.png\",\"contentUrl\":\"https:\/\/labotera.com\/wp-content\/uploads\/2019\/07\/logo-labotera-facturas.png\",\"width\":208,\"height\":40,\"caption\":\"Celler La Botera\"},\"image\":{\"@id\":\"https:\/\/labotera.com\/es\/#\/schema\/logo\/image\/\"}}]}<\/script>\n<!-- \/ Yoast SEO plugin. -->","yoast_head_json":{"title":"Vila\u00b7Closa Negro - Celler La Botera - Terra Alta","robots":{"index":"index","follow":"follow","max-snippet":"max-snippet:-1","max-image-preview":"max-image-preview:large","max-video-preview":"max-video-preview:-1"},"canonical":"https:\/\/labotera.com\/es\/vins\/vila%c2%b7closa-negro\/","og_locale":"es_ES","og_type":"article","og_title":"Vila\u00b7Closa Negro - Celler La Botera - Terra Alta","og_description":"Nuestro pueblo de Batea todav\u00eda conserva restos de la muralla que lo rodeaba. \u201cVila Closa\u201d, pueblo rodeado, tiene un s\u00edmil en este vino redondo sin puntas. Las fincas est\u00e1n seleccionadas, dentro del terreno \u201cpanal\u201d exclusivo de nuestra zona, muy calc\u00e1reo y que drena f\u00e1cilmente el agua. La edad de estas vi\u00f1as es de entre 15 y 30 a\u00f1os. Vino cultivado en forma de vaso, de forma que todos los trabajos que se efect\u00faan se hacen de forma artesanal. La fermentaci\u00f3n del vino se hace a temperatura controlada, y la posterior maduraci\u00f3n, de dos o tres meses, en botas de roble.","og_url":"https:\/\/labotera.com\/es\/vins\/vila%c2%b7closa-negro\/","og_site_name":"Celler La Botera - Terra Alta","article_modified_time":"2022-06-21T17:18:29+00:00","og_image":[{"width":500,"height":500,"url":"https:\/\/labotera.com\/wp-content\/uploads\/2019\/01\/vilaclosa_negre_woocomerce.jpg","type":"image\/jpeg"}],"twitter_card":"summary_large_image","twitter_misc":{"Tiempo de lectura":"2 minutos"},"schema":{"@context":"https:\/\/schema.org","@graph":[{"@type":"WebPage","@id":"https:\/\/labotera.com\/es\/vins\/vila%c2%b7closa-negro\/","url":"https:\/\/labotera.com\/es\/vins\/vila%c2%b7closa-negro\/","name":"Vila\u00b7Closa Negro - Celler La Botera - Terra Alta","isPartOf":{"@id":"https:\/\/labotera.com\/es\/#website"},"primaryImageOfPage":{"@id":"https:\/\/labotera.com\/es\/vins\/vila%c2%b7closa-negro\/#primaryimage"},"image":{"@id":"https:\/\/labotera.com\/es\/vins\/vila%c2%b7closa-negro\/#primaryimage"},"thumbnailUrl":"https:\/\/labotera.com\/wp-content\/uploads\/2019\/01\/vilaclosa_negre_woocomerce.jpg","datePublished":"2019-06-06T13:02:37+00:00","dateModified":"2022-06-21T17:18:29+00:00","breadcrumb":{"@id":"https:\/\/labotera.com\/es\/vins\/vila%c2%b7closa-negro\/#breadcrumb"},"inLanguage":"es","potentialAction":[{"@type":"ReadAction","target":["https:\/\/labotera.com\/es\/vins\/vila%c2%b7closa-negro\/"]}]},{"@type":"ImageObject","inLanguage":"es","@id":"https:\/\/labotera.com\/es\/vins\/vila%c2%b7closa-negro\/#primaryimage","url":"https:\/\/labotera.com\/wp-content\/uploads\/2019\/01\/vilaclosa_negre_woocomerce.jpg","contentUrl":"https:\/\/labotera.com\/wp-content\/uploads\/2019\/01\/vilaclosa_negre_woocomerce.jpg","width":500,"height":500,"caption":"Vila\u00b7Closa Negro"},{"@type":"BreadcrumbList","@id":"https:\/\/labotera.com\/es\/vins\/vila%c2%b7closa-negro\/#breadcrumb","itemListElement":[{"@type":"ListItem","position":1,"name":"Portada","item":"https:\/\/labotera.com\/es\/"},{"@type":"ListItem","position":2,"name":"Productos","item":"https:\/\/labotera.com\/es\/shop\/"},{"@type":"ListItem","position":3,"name":"Vila\u00b7Closa Negro"}]},{"@type":"WebSite","@id":"https:\/\/labotera.com\/es\/#website","url":"https:\/\/labotera.com\/es\/","name":"Celler La Botera - Terra Alta","description":"","publisher":{"@id":"https:\/\/labotera.com\/es\/#organization"},"potentialAction":[{"@type":"SearchAction","target":{"@type":"EntryPoint","urlTemplate":"https:\/\/labotera.com\/es\/?s={search_term_string}"},"query-input":{"@type":"PropertyValueSpecification","valueRequired":true,"valueName":"search_term_string"}}],"inLanguage":"es"},{"@type":"Organization","@id":"https:\/\/labotera.com\/es\/#organization","name":"Celler La Botera","url":"https:\/\/labotera.com\/es\/","logo":{"@type":"ImageObject","inLanguage":"es","@id":"https:\/\/labotera.com\/es\/#\/schema\/logo\/image\/","url":"https:\/\/labotera.com\/wp-content\/uploads\/2019\/07\/logo-labotera-facturas.png","contentUrl":"https:\/\/labotera.com\/wp-content\/uploads\/2019\/07\/logo-labotera-facturas.png","width":208,"height":40,"caption":"Celler La Botera"},"image":{"@id":"https:\/\/labotera.com\/es\/#\/schema\/logo\/image\/"}}]}},"jetpack_sharing_enabled":true,"_links":{"self":[{"href":"https:\/\/labotera.com\/es\/wp-json\/wp\/v2\/product\/3094","targetHints":{"allow":["GET"]}}],"collection":[{"href":"https:\/\/labotera.com\/es\/wp-json\/wp\/v2\/product"}],"about":[{"href":"https:\/\/labotera.com\/es\/wp-json\/wp\/v2\/types\/product"}],"wp:featuredmedia":[{"embeddable":true,"href":"https:\/\/labotera.com\/es\/wp-json\/wp\/v2\/media\/3095"}],"wp:attachment":[{"href":"https:\/\/labotera.com\/es\/wp-json\/wp\/v2\/media?parent=3094"}],"wp:term":[{"taxonomy":"product_brand","embeddable":true,"href":"https:\/\/labotera.com\/es\/wp-json\/wp\/v2\/product_brand?post=3094"},{"taxonomy":"product_cat","embeddable":true,"href":"https:\/\/labotera.com\/es\/wp-json\/wp\/v2\/product_cat?post=3094"},{"taxonomy":"product_tag","embeddable":true,"href":"https:\/\/labotera.com\/es\/wp-json\/wp\/v2\/product_tag?post=3094"}],"curies":[{"name":"wp","href":"https:\/\/api.w.org\/{rel}","templated":true}]}}