{"id":3106,"date":"2019-06-06T14:34:24","date_gmt":"2019-06-06T12:34:24","guid":{"rendered":"https:\/\/labotera.com\/vins\/vila-closa-blanc-copia\/"},"modified":"2025-06-12T11:31:47","modified_gmt":"2025-06-12T09:31:47","slug":"vila%c2%b7closa-blanco","status":"publish","type":"product","link":"https:\/\/labotera.com\/es\/vins\/vila%c2%b7closa-blanco\/","title":{"rendered":"Vila\u00b7Closa Blanco"},"content":{"rendered":"<div class=\"wpb-content-wrapper\"><p>[vc_row css=\u00bb.vc_custom_1548668007479{padding-right: 0px !important;}\u00bb][vc_column width=\u00bb1\/2&#8243;][vc_column_text]<\/p>\n<div id=\"container\">\n<div id=\"row\">\n<div id=\"left\"><img data-recalc-dims=\"1\" decoding=\"async\" class=\"icono\" src=\"https:\/\/i0.wp.com\/labotera.com\/wp-content\/uploads\/2019\/01\/Icon_local.jpg?w=1200&#038;ssl=1\" alt=\"\" \/><\/div>\n<div id=\"middle\">\n<div class=\"texto\">\n<h3><b>LOCALIZACI\u00d3N<\/b><\/h3>\n<\/div>\n<\/div>\n<\/div>\n<\/div>\n<div id=\"container\">\n<div id=\"row\">\n<div id=\"left\" class=\"blanc\"><\/div>\n<div id=\"middle\">\n<div class=\"texto\">\n<p>Pa\u00eds: Espa\u00f1a<br \/>\nDenominaci\u00f3n de origen: Terra Alta<br \/>\nCentro de elaboraci\u00f3n: Batea<\/p>\n<\/div>\n<\/div>\n<\/div>\n<\/div>\n<p>[\/vc_column_text][vc_column_text css=\u00bb.vc_custom_1548836114784{margin-top: -15px !important;}\u00bb]<\/p>\n<div id=\"container\">\n<div id=\"row\">\n<div id=\"left\"><img data-recalc-dims=\"1\" decoding=\"async\" class=\"icono\" src=\"https:\/\/i0.wp.com\/labotera.com\/wp-content\/uploads\/2019\/01\/Icon_Varietats.jpg?w=1200&#038;ssl=1\" alt=\"\" \/><\/div>\n<div id=\"middle\">\n<div class=\"texto\">\n<h3><b>VARIEDADES<\/b><\/h3>\n<\/div>\n<\/div>\n<\/div>\n<\/div>\n<div id=\"container\">\n<div id=\"row\">\n<div id=\"left\" class=\"blanc\"><\/div>\n<div id=\"middle\">\n<div class=\"texto\">Garnacha blanca 100%<\/div>\n<\/div>\n<\/div>\n<\/div>\n<p>[\/vc_column_text][vc_column_text css=\u00bb.vc_custom_1548836133742{margin-top: -15px !important;}\u00bb]<\/p>\n<div id=\"container\">\n<div id=\"row\">\n<div id=\"left\"><img data-recalc-dims=\"1\" decoding=\"async\" class=\"icono\" src=\"https:\/\/i0.wp.com\/labotera.com\/wp-content\/uploads\/2019\/01\/Icon_Vinificacio.jpg?w=1200&#038;ssl=1\" alt=\"\" \/><\/div>\n<div id=\"middle\">\n<div class=\"texto\">\n<h3><b>VINIFICACI\u00d3N<\/b><\/h3>\n<\/div>\n<\/div>\n<\/div>\n<\/div>\n<div id=\"container\">\n<div id=\"row\">\n<div id=\"left\" class=\"blanc\"><\/div>\n<div id=\"middle\">\n<div class=\"texto\">Fermentaci\u00f3n a temperatura controlada<\/div>\n<\/div>\n<\/div>\n<\/div>\n<p>[\/vc_column_text][vc_column_text css=\u00bb.vc_custom_1689067263835{margin-top: -15px !important;}\u00bb]<\/p>\n<div id=\"container\">\n<div id=\"row\">\n<div id=\"left\"><img data-recalc-dims=\"1\" height=\"300\" width=\"300\" decoding=\"async\" class=\"icono\" src=\"https:\/\/i0.wp.com\/labotera.com\/wp-content\/uploads\/2019\/01\/Icon_reconeixements.jpg?resize=300%2C300&#038;ssl=1\" alt=\"\" \/><\/div>\n<div id=\"middle\">\n<div class=\"texto\">\n<div id=\"container\">\n<div id=\"row\">\n<div id=\"middle\">\n<div class=\"texto\"><\/div>\n<\/div>\n<\/div>\n<\/div>\n<div id=\"container\">\n<div id=\"row\">\n<div id=\"left\" class=\"blanc\">\n<div id=\"container\">\n<div id=\"row\">\n<div id=\"middle\">\n<div class=\"texto\">\n<h3><b>RECONOCIMIENTOS<\/b><\/h3>\n<\/div>\n<\/div>\n<\/div>\n<\/div>\n<div id=\"container\">\n<div id=\"row\">\n<div id=\"left\" class=\"blanc\"><\/div>\n<div id=\"middle\">\n<div class=\"texto\">\n<p>2023 Medalla de oro Concours Mondial Bruxelles<br \/>\n2023 Vinari de oro de Vins Blancs Joves<br \/>\n2023 Bronce al Concurs Mundial de vins Decanter<br \/>\n2022 Medalla oro Concours Grenaches du Monde<br \/>\n2020 Vinari de oro<br \/>\n2019 Medalla plata Concours Mondial Bruxelles<br \/>\n2019 Medalla plata Concours Grenaches du Monde<br \/>\n2019 Medalla oro Gilbert Gaillard<br \/>\n2018 Medalla plata Gilbert Gaillard<br \/>\n2018 Medalla bronce Vinaris 2018<br \/>\n2017 Millor vi blanc DO Terra Alta<br \/>\n2017 Medalla plata Concours Mondial de Bruxelles<br \/>\n2017 Mejor vino banco de la Feria de Cretas<br \/>\n2016 Medalla plata Gilbert Gaillard<br \/>\n2016 Medalla bronce Vinari 2016<br \/>\n2015 Medalla plata Concours Mondial de Bruxelles<\/p>\n<\/div>\n<\/div>\n<\/div>\n<\/div>\n<\/div>\n<\/div>\n<\/div>\n<\/div>\n<\/div>\n<\/div>\n<\/div>\n<p>[\/vc_column_text][\/vc_column][vc_column width=\u00bb1\/2&#8243;][vc_column_text]<\/p>\n<div id=\"container\">\n<div id=\"row\">\n<div id=\"left\"><img data-recalc-dims=\"1\" decoding=\"async\" class=\"icono\" src=\"https:\/\/i0.wp.com\/labotera.com\/wp-content\/uploads\/2019\/01\/Icon_crian%C3%A7a.jpg?w=1200&#038;ssl=1\" alt=\"\" \/><\/div>\n<div id=\"middle\">\n<div class=\"texto\">\n<h3><b>CRIANZA<\/b><\/h3>\n<\/div>\n<\/div>\n<\/div>\n<\/div>\n<div id=\"container\">\n<div id=\"row\">\n<div id=\"left\" class=\"blanc\"><\/div>\n<div id=\"middle\">\n<div class=\"texto\">Vino joven<\/div>\n<\/div>\n<\/div>\n<\/div>\n<p>[\/vc_column_text][vc_column_text css=\u00bb.vc_custom_1548836254015{margin-top: -15px !important;}\u00bb]<\/p>\n<div id=\"container\">\n<div id=\"row\">\n<div id=\"left\"><img data-recalc-dims=\"1\" decoding=\"async\" class=\"icono\" src=\"https:\/\/i0.wp.com\/labotera.com\/wp-content\/uploads\/2019\/01\/Icon_Tast.jpg?w=1200&#038;ssl=1\" alt=\"\" \/><\/div>\n<div id=\"middle\">\n<div class=\"texto\">\n<h3><b>CATA<\/b><\/h3>\n<\/div>\n<\/div>\n<\/div>\n<\/div>\n<div id=\"container\">\n<div id=\"row\">\n<div id=\"left\" class=\"blanc\"><\/div>\n<div id=\"middle\">\n<div class=\"texto\">De color amarillo p\u00e1lido con reflejos grises, muy brillante. En nariz, presenta aromas varietales muy finos y delicados pero profundos como los de pomelo, albaricoque, flores blancas y almendra tierna. Muestra un buen equilibrio y mucha frescura en nariz. En boca, es de largo recorrido, muy franco y evocador, con un entramado de fruta blanca y c\u00edtricos muy redondo, carnoso y muy fresco. Es muy limpio, con presencia de hierbas locales y una acidez de lujo. Final de boca profundo y con muy buena persistencia.<\/div>\n<\/div>\n<\/div>\n<\/div>\n<p>[\/vc_column_text][vc_row_inner][vc_column_inner width=\u00bb1\/2&#8243;]<style type=\"text\/css\" data-type=\"the7_shortcodes-inline-css\">#default-btn-1dfbbdf1e4c776ceb6858eb5dae7a09f.ico-right-side > i {\n  margin-right: 0px;\n  margin-left: 8px;\n}\n#default-btn-1dfbbdf1e4c776ceb6858eb5dae7a09f > i {\n  margin-right: 8px;\n}\n<\/style><div class=\"btn-align-center\"><a href=\"https:\/\/labotera.com\/wp-content\/uploads\/2025\/06\/vila-closa-blanc-espanyol-ok.pdf\" class=\"default-btn-shortcode dt-btn dt-btn-m link-hover-off ico-right-side \" target=\"_blank\" id=\"default-btn-1dfbbdf1e4c776ceb6858eb5dae7a09f\" rel=\"noopener\"><span>Descargar ficha<\/span><i class=\"fas fa-cloud-download-alt\"><\/i><\/a><\/div>[\/vc_column_inner][vc_column_inner width=\u00bb1\/2&#8243;][\/vc_column_inner][\/vc_row_inner][\/vc_column][\/vc_row]<\/p>\n<\/div>","protected":false},"excerpt":{"rendered":"<p>Con la convicci\u00f3n de poder ofrecer un producto genuino de la Terra Alta, como es la garnacha blanca, que representa en nuestra comarca 1\/3 de la producci\u00f3n mundial, surge este vino. Una combinaci\u00f3n de fincas viejas que nos aportan la estructura y de j\u00f3venes, que nos aportan la frescura y el nervio. Este vino ofrece una combinaci\u00f3n excelente. Se fermentan por separado y seguidamente se realiza una \u201ccoupage\u201d entre ellas, con una posterior crianza con sus lias para acabar de redondear el vino.<\/p>\n","protected":false},"featured_media":3107,"template":"","meta":{"_joinchat":[]},"product_brand":[],"product_cat":[169,266],"product_tag":[],"class_list":{"0":"post-3106","1":"product","2":"type-product","3":"status-publish","4":"has-post-thumbnail","6":"product_cat-unidades","7":"product_cat-vinos-blancos-tienda","8":"product_shipping_class-envios-unidades-standard","9":"description-off","11":"first","12":"instock","13":"taxable","14":"shipping-taxable","15":"purchasable","16":"product-type-simple"},"yoast_head":"<!-- This site is optimized with the Yoast SEO plugin v25.5 - https:\/\/yoast.com\/wordpress\/plugins\/seo\/ -->\n<title>Vila\u00b7Closa Blanco - Celler La Botera - Terra Alta<\/title>\n<meta name=\"robots\" content=\"index, follow, max-snippet:-1, max-image-preview:large, max-video-preview:-1\" \/>\n<link rel=\"canonical\" href=\"https:\/\/labotera.com\/es\/vins\/vila%c2%b7closa-blanco\/\" \/>\n<meta property=\"og:locale\" content=\"es_ES\" \/>\n<meta property=\"og:type\" content=\"article\" \/>\n<meta property=\"og:title\" content=\"Vila\u00b7Closa Blanco - Celler La Botera - Terra Alta\" \/>\n<meta property=\"og:description\" content=\"Con la convicci\u00f3n de poder ofrecer un producto genuino de la Terra Alta, como es la garnacha blanca, que representa en nuestra comarca 1\/3 de la producci\u00f3n mundial, surge este vino. Una combinaci\u00f3n de fincas viejas que nos aportan la estructura y de j\u00f3venes, que nos aportan la frescura y el nervio. Este vino ofrece una combinaci\u00f3n excelente. Se fermentan por separado y seguidamente se realiza una \u201ccoupage\u201d entre ellas, con una posterior crianza con sus lias para acabar de redondear el vino.\" \/>\n<meta property=\"og:url\" content=\"https:\/\/labotera.com\/es\/vins\/vila%c2%b7closa-blanco\/\" \/>\n<meta property=\"og:site_name\" content=\"Celler La Botera - Terra Alta\" \/>\n<meta property=\"article:modified_time\" content=\"2025-06-12T09:31:47+00:00\" \/>\n<meta property=\"og:image\" content=\"https:\/\/labotera.com\/wp-content\/uploads\/2019\/01\/vilaclosa_blanc_woocomerce.jpg\" \/>\n\t<meta property=\"og:image:width\" content=\"500\" \/>\n\t<meta property=\"og:image:height\" content=\"500\" \/>\n\t<meta property=\"og:image:type\" content=\"image\/jpeg\" \/>\n<meta name=\"twitter:card\" content=\"summary_large_image\" \/>\n<meta name=\"twitter:label1\" content=\"Tiempo de lectura\" \/>\n\t<meta name=\"twitter:data1\" content=\"3 minutos\" \/>\n<script type=\"application\/ld+json\" class=\"yoast-schema-graph\">{\"@context\":\"https:\/\/schema.org\",\"@graph\":[{\"@type\":\"WebPage\",\"@id\":\"https:\/\/labotera.com\/es\/vins\/vila%c2%b7closa-blanco\/\",\"url\":\"https:\/\/labotera.com\/es\/vins\/vila%c2%b7closa-blanco\/\",\"name\":\"Vila\u00b7Closa Blanco - Celler La Botera - Terra Alta\",\"isPartOf\":{\"@id\":\"https:\/\/labotera.com\/es\/#website\"},\"primaryImageOfPage\":{\"@id\":\"https:\/\/labotera.com\/es\/vins\/vila%c2%b7closa-blanco\/#primaryimage\"},\"image\":{\"@id\":\"https:\/\/labotera.com\/es\/vins\/vila%c2%b7closa-blanco\/#primaryimage\"},\"thumbnailUrl\":\"https:\/\/labotera.com\/wp-content\/uploads\/2019\/01\/vilaclosa_blanc_woocomerce.jpg\",\"datePublished\":\"2019-06-06T12:34:24+00:00\",\"dateModified\":\"2025-06-12T09:31:47+00:00\",\"breadcrumb\":{\"@id\":\"https:\/\/labotera.com\/es\/vins\/vila%c2%b7closa-blanco\/#breadcrumb\"},\"inLanguage\":\"es\",\"potentialAction\":[{\"@type\":\"ReadAction\",\"target\":[\"https:\/\/labotera.com\/es\/vins\/vila%c2%b7closa-blanco\/\"]}]},{\"@type\":\"ImageObject\",\"inLanguage\":\"es\",\"@id\":\"https:\/\/labotera.com\/es\/vins\/vila%c2%b7closa-blanco\/#primaryimage\",\"url\":\"https:\/\/labotera.com\/wp-content\/uploads\/2019\/01\/vilaclosa_blanc_woocomerce.jpg\",\"contentUrl\":\"https:\/\/labotera.com\/wp-content\/uploads\/2019\/01\/vilaclosa_blanc_woocomerce.jpg\",\"width\":500,\"height\":500,\"caption\":\"Vila\u00b7Closa Blanco\"},{\"@type\":\"BreadcrumbList\",\"@id\":\"https:\/\/labotera.com\/es\/vins\/vila%c2%b7closa-blanco\/#breadcrumb\",\"itemListElement\":[{\"@type\":\"ListItem\",\"position\":1,\"name\":\"Portada\",\"item\":\"https:\/\/labotera.com\/es\/\"},{\"@type\":\"ListItem\",\"position\":2,\"name\":\"Productos\",\"item\":\"https:\/\/labotera.com\/es\/shop\/\"},{\"@type\":\"ListItem\",\"position\":3,\"name\":\"Vila\u00b7Closa Blanco\"}]},{\"@type\":\"WebSite\",\"@id\":\"https:\/\/labotera.com\/es\/#website\",\"url\":\"https:\/\/labotera.com\/es\/\",\"name\":\"Celler La Botera - Terra Alta\",\"description\":\"\",\"publisher\":{\"@id\":\"https:\/\/labotera.com\/es\/#organization\"},\"potentialAction\":[{\"@type\":\"SearchAction\",\"target\":{\"@type\":\"EntryPoint\",\"urlTemplate\":\"https:\/\/labotera.com\/es\/?s={search_term_string}\"},\"query-input\":{\"@type\":\"PropertyValueSpecification\",\"valueRequired\":true,\"valueName\":\"search_term_string\"}}],\"inLanguage\":\"es\"},{\"@type\":\"Organization\",\"@id\":\"https:\/\/labotera.com\/es\/#organization\",\"name\":\"Celler La Botera\",\"url\":\"https:\/\/labotera.com\/es\/\",\"logo\":{\"@type\":\"ImageObject\",\"inLanguage\":\"es\",\"@id\":\"https:\/\/labotera.com\/es\/#\/schema\/logo\/image\/\",\"url\":\"https:\/\/labotera.com\/wp-content\/uploads\/2019\/07\/logo-labotera-facturas.png\",\"contentUrl\":\"https:\/\/labotera.com\/wp-content\/uploads\/2019\/07\/logo-labotera-facturas.png\",\"width\":208,\"height\":40,\"caption\":\"Celler La Botera\"},\"image\":{\"@id\":\"https:\/\/labotera.com\/es\/#\/schema\/logo\/image\/\"}}]}<\/script>\n<!-- \/ Yoast SEO plugin. -->","yoast_head_json":{"title":"Vila\u00b7Closa Blanco - Celler La Botera - Terra Alta","robots":{"index":"index","follow":"follow","max-snippet":"max-snippet:-1","max-image-preview":"max-image-preview:large","max-video-preview":"max-video-preview:-1"},"canonical":"https:\/\/labotera.com\/es\/vins\/vila%c2%b7closa-blanco\/","og_locale":"es_ES","og_type":"article","og_title":"Vila\u00b7Closa Blanco - Celler La Botera - Terra Alta","og_description":"Con la convicci\u00f3n de poder ofrecer un producto genuino de la Terra Alta, como es la garnacha blanca, que representa en nuestra comarca 1\/3 de la producci\u00f3n mundial, surge este vino. Una combinaci\u00f3n de fincas viejas que nos aportan la estructura y de j\u00f3venes, que nos aportan la frescura y el nervio. Este vino ofrece una combinaci\u00f3n excelente. Se fermentan por separado y seguidamente se realiza una \u201ccoupage\u201d entre ellas, con una posterior crianza con sus lias para acabar de redondear el vino.","og_url":"https:\/\/labotera.com\/es\/vins\/vila%c2%b7closa-blanco\/","og_site_name":"Celler La Botera - Terra Alta","article_modified_time":"2025-06-12T09:31:47+00:00","og_image":[{"width":500,"height":500,"url":"https:\/\/labotera.com\/wp-content\/uploads\/2019\/01\/vilaclosa_blanc_woocomerce.jpg","type":"image\/jpeg"}],"twitter_card":"summary_large_image","twitter_misc":{"Tiempo de lectura":"3 minutos"},"schema":{"@context":"https:\/\/schema.org","@graph":[{"@type":"WebPage","@id":"https:\/\/labotera.com\/es\/vins\/vila%c2%b7closa-blanco\/","url":"https:\/\/labotera.com\/es\/vins\/vila%c2%b7closa-blanco\/","name":"Vila\u00b7Closa Blanco - Celler La Botera - Terra Alta","isPartOf":{"@id":"https:\/\/labotera.com\/es\/#website"},"primaryImageOfPage":{"@id":"https:\/\/labotera.com\/es\/vins\/vila%c2%b7closa-blanco\/#primaryimage"},"image":{"@id":"https:\/\/labotera.com\/es\/vins\/vila%c2%b7closa-blanco\/#primaryimage"},"thumbnailUrl":"https:\/\/labotera.com\/wp-content\/uploads\/2019\/01\/vilaclosa_blanc_woocomerce.jpg","datePublished":"2019-06-06T12:34:24+00:00","dateModified":"2025-06-12T09:31:47+00:00","breadcrumb":{"@id":"https:\/\/labotera.com\/es\/vins\/vila%c2%b7closa-blanco\/#breadcrumb"},"inLanguage":"es","potentialAction":[{"@type":"ReadAction","target":["https:\/\/labotera.com\/es\/vins\/vila%c2%b7closa-blanco\/"]}]},{"@type":"ImageObject","inLanguage":"es","@id":"https:\/\/labotera.com\/es\/vins\/vila%c2%b7closa-blanco\/#primaryimage","url":"https:\/\/labotera.com\/wp-content\/uploads\/2019\/01\/vilaclosa_blanc_woocomerce.jpg","contentUrl":"https:\/\/labotera.com\/wp-content\/uploads\/2019\/01\/vilaclosa_blanc_woocomerce.jpg","width":500,"height":500,"caption":"Vila\u00b7Closa Blanco"},{"@type":"BreadcrumbList","@id":"https:\/\/labotera.com\/es\/vins\/vila%c2%b7closa-blanco\/#breadcrumb","itemListElement":[{"@type":"ListItem","position":1,"name":"Portada","item":"https:\/\/labotera.com\/es\/"},{"@type":"ListItem","position":2,"name":"Productos","item":"https:\/\/labotera.com\/es\/shop\/"},{"@type":"ListItem","position":3,"name":"Vila\u00b7Closa Blanco"}]},{"@type":"WebSite","@id":"https:\/\/labotera.com\/es\/#website","url":"https:\/\/labotera.com\/es\/","name":"Celler La Botera - Terra Alta","description":"","publisher":{"@id":"https:\/\/labotera.com\/es\/#organization"},"potentialAction":[{"@type":"SearchAction","target":{"@type":"EntryPoint","urlTemplate":"https:\/\/labotera.com\/es\/?s={search_term_string}"},"query-input":{"@type":"PropertyValueSpecification","valueRequired":true,"valueName":"search_term_string"}}],"inLanguage":"es"},{"@type":"Organization","@id":"https:\/\/labotera.com\/es\/#organization","name":"Celler La Botera","url":"https:\/\/labotera.com\/es\/","logo":{"@type":"ImageObject","inLanguage":"es","@id":"https:\/\/labotera.com\/es\/#\/schema\/logo\/image\/","url":"https:\/\/labotera.com\/wp-content\/uploads\/2019\/07\/logo-labotera-facturas.png","contentUrl":"https:\/\/labotera.com\/wp-content\/uploads\/2019\/07\/logo-labotera-facturas.png","width":208,"height":40,"caption":"Celler La Botera"},"image":{"@id":"https:\/\/labotera.com\/es\/#\/schema\/logo\/image\/"}}]}},"jetpack_sharing_enabled":true,"_links":{"self":[{"href":"https:\/\/labotera.com\/es\/wp-json\/wp\/v2\/product\/3106","targetHints":{"allow":["GET"]}}],"collection":[{"href":"https:\/\/labotera.com\/es\/wp-json\/wp\/v2\/product"}],"about":[{"href":"https:\/\/labotera.com\/es\/wp-json\/wp\/v2\/types\/product"}],"wp:featuredmedia":[{"embeddable":true,"href":"https:\/\/labotera.com\/es\/wp-json\/wp\/v2\/media\/3107"}],"wp:attachment":[{"href":"https:\/\/labotera.com\/es\/wp-json\/wp\/v2\/media?parent=3106"}],"wp:term":[{"taxonomy":"product_brand","embeddable":true,"href":"https:\/\/labotera.com\/es\/wp-json\/wp\/v2\/product_brand?post=3106"},{"taxonomy":"product_cat","embeddable":true,"href":"https:\/\/labotera.com\/es\/wp-json\/wp\/v2\/product_cat?post=3106"},{"taxonomy":"product_tag","embeddable":true,"href":"https:\/\/labotera.com\/es\/wp-json\/wp\/v2\/product_tag?post=3106"}],"curies":[{"name":"wp","href":"https:\/\/api.w.org\/{rel}","templated":true}]}}