{"id":33435,"date":"2020-12-21T10:13:26","date_gmt":"2020-12-21T09:13:26","guid":{"rendered":"https:\/\/labotera.com\/?post_type=product&#038;p=33435"},"modified":"2025-06-18T17:23:04","modified_gmt":"2025-06-18T15:23:04","slug":"samfora-mudefer-blanco","status":"publish","type":"product","link":"https:\/\/labotera.com\/es\/vins\/samfora-mudefer-blanco\/","title":{"rendered":"S&#8217;\u00c0mfora Mud\u00e8fer Blanco"},"content":{"rendered":"<div class=\"wpb-content-wrapper\"><p>[vc_row css=\u00bb.vc_custom_1548668007479{padding-right: 0px !important;}\u00bb][vc_column width=\u00bb1\/2&#8243;][vc_column_text]<\/p>\n<div id=\"container\">\n<div id=\"row\">\n<div id=\"left\"><img data-recalc-dims=\"1\" decoding=\"async\" class=\"icono\" src=\"https:\/\/i0.wp.com\/labotera.com\/wp-content\/uploads\/2019\/01\/Icon_local.jpg?w=1200&#038;ssl=1\" alt=\"\" \/><\/div>\n<div id=\"middle\">\n<div class=\"texto\">\n<h3><b>LOCALIZACI\u00d3N<\/b><\/h3>\n<\/div>\n<\/div>\n<\/div>\n<\/div>\n<div id=\"container\">\n<div id=\"row\">\n<div id=\"left\" class=\"blanc\"><\/div>\n<div id=\"middle\">\n<div class=\"texto\">\n<p>Pa\u00eds: Espa\u00f1a<br \/>\nDenominaci\u00f3n de origen: Terra Alta<br \/>\nCentro de elaboraci\u00f3n: Batea<\/p>\n<\/div>\n<\/div>\n<\/div>\n<\/div>\n<p>[\/vc_column_text][vc_column_text css=\u00bb.vc_custom_1608638647307{margin-top: -15px !important;}\u00bb]<\/p>\n<div id=\"container\">\n<div id=\"row\">\n<div id=\"left\"><img data-recalc-dims=\"1\" decoding=\"async\" class=\"icono\" src=\"https:\/\/i0.wp.com\/labotera.com\/wp-content\/uploads\/2019\/01\/Icon_Varietats.jpg?w=1200&#038;ssl=1\" alt=\"\" \/><\/div>\n<div id=\"middle\">\n<div class=\"texto\">\n<h3><b>VARIEDADES<\/b><\/h3>\n<\/div>\n<\/div>\n<\/div>\n<\/div>\n<div id=\"container\">\n<div id=\"row\">\n<div id=\"left\" class=\"blanc\"><\/div>\n<div id=\"middle\">\n<div class=\"texto\">Garnacha blanca 100%<\/div>\n<div class=\"texto\">Verema setembre 2018<\/div>\n<div class=\"texto\">Agricultura sostenible<\/div>\n<\/div>\n<\/div>\n<\/div>\n<p>[\/vc_column_text][vc_column_text css=\u00bb.vc_custom_1749720136159{margin-top: -15px !important;}\u00bb]<\/p>\n<div id=\"container\">\n<div id=\"row\">\n<div id=\"left\"><img data-recalc-dims=\"1\" decoding=\"async\" class=\"icono\" src=\"https:\/\/i0.wp.com\/labotera.com\/wp-content\/uploads\/2019\/01\/Icon_Vinificacio.jpg?w=1200&#038;ssl=1\" alt=\"\" \/><\/div>\n<div id=\"middle\">\n<div class=\"texto\">\n<h3><b>VINIFICACI\u00d3N<\/b><\/h3>\n<\/div>\n<\/div>\n<\/div>\n<\/div>\n<div id=\"container\">\n<div id=\"row\">\n<div id=\"left\" class=\"blanc\"><\/div>\n<div id=\"middle\">\n<div class=\"texto\">Fermentaci\u00f3n a temperatura controlada<\/div>\n<div class=\"texto\">Viticultura sostenible<\/div>\n<\/div>\n<\/div>\n<\/div>\n<p>[\/vc_column_text][vc_column_text css=\u00bb\u00bb]<\/p>\n<div id=\"container\">\n<div id=\"row\">\n<div id=\"left\"><img data-recalc-dims=\"1\" decoding=\"async\" class=\"icono\" src=\"https:\/\/i0.wp.com\/labotera.com\/wp-content\/uploads\/2019\/01\/Icon_crian%C3%A7a.jpg?w=1200&#038;ssl=1\" alt=\"\" \/><\/div>\n<div id=\"middle\">\n<div class=\"texto\">\n<h3><b>CRIANZA<\/b><\/h3>\n<\/div>\n<\/div>\n<\/div>\n<\/div>\n<div id=\"container\">\n<div id=\"row\">\n<div id=\"left\" class=\"blanc\"><\/div>\n<div id=\"middle\">\n<div class=\"texto\">De 8 a 10 meses en barrica de roble franc\u00e9s y americano, 12 meses en \u00e1nfora, de los cuales 6, sumergidas bajo el mar.<\/div>\n<div class=\"texto\">Producci\u00f3n limitada de 300 \u00e1nforas<\/div>\n<\/div>\n<\/div>\n<\/div>\n<p>[\/vc_column_text][\/vc_column][vc_column width=\u00bb1\/2&#8243;][vc_column_text css=\u00bb.vc_custom_1749720117236{margin-top: -15px !important;}\u00bb]<\/p>\n<div id=\"container\">\n<div id=\"row\">\n<div id=\"left\"><img data-recalc-dims=\"1\" decoding=\"async\" class=\"icono\" src=\"https:\/\/i0.wp.com\/labotera.com\/wp-content\/uploads\/2019\/01\/Icon_Tast.jpg?w=1200&#038;ssl=1\" alt=\"\" \/><\/div>\n<div id=\"middle\">\n<div class=\"texto\">\n<h3><b>CATA<\/b><\/h3>\n<\/div>\n<\/div>\n<\/div>\n<\/div>\n<div id=\"container\">\n<div id=\"row\">\n<div id=\"left\" class=\"blanc\"><\/div>\n<div id=\"middle\">\n<div class=\"texto\">El vino tiene una superficie color amarillo p\u00e1lido con reflejos grises, muy brillante. Se recomienda decantarlos o tenerlo media hora abierto antes de consumir, para que pueda expresar su m\u00e1xima intensidad arom\u00e1tica. Presenta aromas varietales muy finos y delicados pero profundos como los de pomelo, albaricoque, flores blancas y almendra tierna. Buen equilibrio y mucho frescor en nariz. En boca, de largo recorrido, toque de tostado, muy franco y evocador, con un entramado de fruta blanca, c\u00edtricos, pomelo y lim\u00f3n, muy redondo, carnoso y muy fresco. Limpio, con presencia de hierbas locales y una acidez de lujo. Final de boca profundo y con buena persistencia, suavemente amargo t\u00edpico de esta variedad.<\/div>\n<\/div>\n<\/div>\n<\/div>\n<p>[\/vc_column_text][vc_row_inner][vc_column_inner width=\u00bb1\/2&#8243;]<style type=\"text\/css\" data-type=\"the7_shortcodes-inline-css\">#default-btn-aab36146416206c71587e3401cfedbfb.ico-right-side > i {\n  margin-right: 0px;\n  margin-left: 8px;\n}\n#default-btn-aab36146416206c71587e3401cfedbfb > i {\n  margin-right: 8px;\n}\n<\/style><div class=\"btn-align-center\"><a href=\"https:\/\/labotera.com\/wp-content\/uploads\/2020\/12\/samfora-mudefer-labotera-blanco-esp.pdf\" class=\"default-btn-shortcode dt-btn dt-btn-m link-hover-off ico-right-side \" target=\"_blank\" id=\"default-btn-aab36146416206c71587e3401cfedbfb\" rel=\"noopener\"><span>Descargar ficha<\/span><i class=\"fas fa-cloud-download-alt\"><\/i><\/a><\/div>[\/vc_column_inner][vc_column_inner width=\u00bb1\/2&#8243;][\/vc_column_inner][\/vc_row_inner][\/vc_column][\/vc_row]<\/p>\n<\/div>","protected":false},"excerpt":{"rendered":"<p>Mud\u00e8fer es un vino que proviene de las vi\u00f1as m\u00e1s viejas de la bodega. Situadas en valles muy particulares, rodeados de bosques y entre 400 y 550 m de altitud, donde la pluviometr\u00eda anual no supera los 400 l\/m2 y, por lo que, casi no hay que hacer tratamientos fitosanitarios. Estas vi\u00f1as est\u00e1n cultivadas en terrazas naturales con suelo de tierra \u201cpanal\u201d, que son suelos fuertes, profundos, calc\u00e1reos y permeables.<\/p>\n","protected":false},"featured_media":33449,"template":"","meta":{"_joinchat":[]},"product_brand":[],"product_cat":[607,263,266],"product_tag":[],"class_list":{"0":"post-33435","1":"product","2":"type-product","3":"status-publish","4":"has-post-thumbnail","6":"product_cat-samfora-tienda","7":"product_cat-tienda","8":"product_cat-vinos-blancos-tienda","9":"product_shipping_class-gratis-es","10":"description-off","12":"first","13":"instock","14":"taxable","15":"shipping-taxable","16":"purchasable","17":"product-type-simple"},"yoast_head":"<!-- This site is optimized with the Yoast SEO plugin v25.5 - https:\/\/yoast.com\/wordpress\/plugins\/seo\/ -->\n<title>S&#039;\u00c0mfora Mud\u00e8fer Blanco - Celler La Botera - Terra Alta<\/title>\n<meta name=\"robots\" content=\"index, follow, max-snippet:-1, max-image-preview:large, max-video-preview:-1\" \/>\n<link rel=\"canonical\" href=\"https:\/\/labotera.com\/es\/vins\/samfora-mudefer-blanco\/\" \/>\n<meta property=\"og:locale\" content=\"es_ES\" \/>\n<meta property=\"og:type\" content=\"article\" \/>\n<meta property=\"og:title\" content=\"S&#039;\u00c0mfora Mud\u00e8fer Blanco - Celler La Botera - Terra Alta\" \/>\n<meta property=\"og:description\" content=\"Mud\u00e8fer es un vino que proviene de las vi\u00f1as m\u00e1s viejas de la bodega. Situadas en valles muy particulares, rodeados de bosques y entre 400 y 550 m de altitud, donde la pluviometr\u00eda anual no supera los 400 l\/m2 y, por lo que, casi no hay que hacer tratamientos fitosanitarios. Estas vi\u00f1as est\u00e1n cultivadas en terrazas naturales con suelo de tierra \u201cpanal\u201d, que son suelos fuertes, profundos, calc\u00e1reos y permeables.\" \/>\n<meta property=\"og:url\" content=\"https:\/\/labotera.com\/es\/vins\/samfora-mudefer-blanco\/\" \/>\n<meta property=\"og:site_name\" content=\"Celler La Botera - Terra Alta\" \/>\n<meta property=\"article:modified_time\" content=\"2025-06-18T15:23:04+00:00\" \/>\n<meta property=\"og:image\" content=\"https:\/\/labotera.com\/wp-content\/uploads\/2020\/12\/samfora-mudefer-blanc-labotera.jpg\" \/>\n\t<meta property=\"og:image:width\" content=\"1080\" \/>\n\t<meta property=\"og:image:height\" content=\"1080\" \/>\n\t<meta property=\"og:image:type\" content=\"image\/jpeg\" \/>\n<meta name=\"twitter:card\" content=\"summary_large_image\" \/>\n<meta name=\"twitter:label1\" content=\"Tiempo de lectura\" \/>\n\t<meta name=\"twitter:data1\" content=\"3 minutos\" \/>\n<script type=\"application\/ld+json\" class=\"yoast-schema-graph\">{\"@context\":\"https:\/\/schema.org\",\"@graph\":[{\"@type\":\"WebPage\",\"@id\":\"https:\/\/labotera.com\/es\/vins\/samfora-mudefer-blanco\/\",\"url\":\"https:\/\/labotera.com\/es\/vins\/samfora-mudefer-blanco\/\",\"name\":\"S'\u00c0mfora Mud\u00e8fer Blanco - Celler La Botera - Terra Alta\",\"isPartOf\":{\"@id\":\"https:\/\/labotera.com\/es\/#website\"},\"primaryImageOfPage\":{\"@id\":\"https:\/\/labotera.com\/es\/vins\/samfora-mudefer-blanco\/#primaryimage\"},\"image\":{\"@id\":\"https:\/\/labotera.com\/es\/vins\/samfora-mudefer-blanco\/#primaryimage\"},\"thumbnailUrl\":\"https:\/\/labotera.com\/wp-content\/uploads\/2020\/12\/samfora-mudefer-blanc-labotera.jpg\",\"datePublished\":\"2020-12-21T09:13:26+00:00\",\"dateModified\":\"2025-06-18T15:23:04+00:00\",\"breadcrumb\":{\"@id\":\"https:\/\/labotera.com\/es\/vins\/samfora-mudefer-blanco\/#breadcrumb\"},\"inLanguage\":\"es\",\"potentialAction\":[{\"@type\":\"ReadAction\",\"target\":[\"https:\/\/labotera.com\/es\/vins\/samfora-mudefer-blanco\/\"]}]},{\"@type\":\"ImageObject\",\"inLanguage\":\"es\",\"@id\":\"https:\/\/labotera.com\/es\/vins\/samfora-mudefer-blanco\/#primaryimage\",\"url\":\"https:\/\/labotera.com\/wp-content\/uploads\/2020\/12\/samfora-mudefer-blanc-labotera.jpg\",\"contentUrl\":\"https:\/\/labotera.com\/wp-content\/uploads\/2020\/12\/samfora-mudefer-blanc-labotera.jpg\",\"width\":1080,\"height\":1080},{\"@type\":\"BreadcrumbList\",\"@id\":\"https:\/\/labotera.com\/es\/vins\/samfora-mudefer-blanco\/#breadcrumb\",\"itemListElement\":[{\"@type\":\"ListItem\",\"position\":1,\"name\":\"Portada\",\"item\":\"https:\/\/labotera.com\/es\/\"},{\"@type\":\"ListItem\",\"position\":2,\"name\":\"Productos\",\"item\":\"https:\/\/labotera.com\/es\/shop\/\"},{\"@type\":\"ListItem\",\"position\":3,\"name\":\"S&#8217;\u00c0mfora Mud\u00e8fer Blanco\"}]},{\"@type\":\"WebSite\",\"@id\":\"https:\/\/labotera.com\/es\/#website\",\"url\":\"https:\/\/labotera.com\/es\/\",\"name\":\"Celler La Botera - Terra Alta\",\"description\":\"\",\"publisher\":{\"@id\":\"https:\/\/labotera.com\/es\/#organization\"},\"potentialAction\":[{\"@type\":\"SearchAction\",\"target\":{\"@type\":\"EntryPoint\",\"urlTemplate\":\"https:\/\/labotera.com\/es\/?s={search_term_string}\"},\"query-input\":{\"@type\":\"PropertyValueSpecification\",\"valueRequired\":true,\"valueName\":\"search_term_string\"}}],\"inLanguage\":\"es\"},{\"@type\":\"Organization\",\"@id\":\"https:\/\/labotera.com\/es\/#organization\",\"name\":\"Celler La Botera\",\"url\":\"https:\/\/labotera.com\/es\/\",\"logo\":{\"@type\":\"ImageObject\",\"inLanguage\":\"es\",\"@id\":\"https:\/\/labotera.com\/es\/#\/schema\/logo\/image\/\",\"url\":\"https:\/\/labotera.com\/wp-content\/uploads\/2019\/07\/logo-labotera-facturas.png\",\"contentUrl\":\"https:\/\/labotera.com\/wp-content\/uploads\/2019\/07\/logo-labotera-facturas.png\",\"width\":208,\"height\":40,\"caption\":\"Celler La Botera\"},\"image\":{\"@id\":\"https:\/\/labotera.com\/es\/#\/schema\/logo\/image\/\"}}]}<\/script>\n<!-- \/ Yoast SEO plugin. -->","yoast_head_json":{"title":"S'\u00c0mfora Mud\u00e8fer Blanco - Celler La Botera - Terra Alta","robots":{"index":"index","follow":"follow","max-snippet":"max-snippet:-1","max-image-preview":"max-image-preview:large","max-video-preview":"max-video-preview:-1"},"canonical":"https:\/\/labotera.com\/es\/vins\/samfora-mudefer-blanco\/","og_locale":"es_ES","og_type":"article","og_title":"S'\u00c0mfora Mud\u00e8fer Blanco - Celler La Botera - Terra Alta","og_description":"Mud\u00e8fer es un vino que proviene de las vi\u00f1as m\u00e1s viejas de la bodega. Situadas en valles muy particulares, rodeados de bosques y entre 400 y 550 m de altitud, donde la pluviometr\u00eda anual no supera los 400 l\/m2 y, por lo que, casi no hay que hacer tratamientos fitosanitarios. Estas vi\u00f1as est\u00e1n cultivadas en terrazas naturales con suelo de tierra \u201cpanal\u201d, que son suelos fuertes, profundos, calc\u00e1reos y permeables.","og_url":"https:\/\/labotera.com\/es\/vins\/samfora-mudefer-blanco\/","og_site_name":"Celler La Botera - Terra Alta","article_modified_time":"2025-06-18T15:23:04+00:00","og_image":[{"width":1080,"height":1080,"url":"https:\/\/labotera.com\/wp-content\/uploads\/2020\/12\/samfora-mudefer-blanc-labotera.jpg","type":"image\/jpeg"}],"twitter_card":"summary_large_image","twitter_misc":{"Tiempo de lectura":"3 minutos"},"schema":{"@context":"https:\/\/schema.org","@graph":[{"@type":"WebPage","@id":"https:\/\/labotera.com\/es\/vins\/samfora-mudefer-blanco\/","url":"https:\/\/labotera.com\/es\/vins\/samfora-mudefer-blanco\/","name":"S'\u00c0mfora Mud\u00e8fer Blanco - Celler La Botera - Terra Alta","isPartOf":{"@id":"https:\/\/labotera.com\/es\/#website"},"primaryImageOfPage":{"@id":"https:\/\/labotera.com\/es\/vins\/samfora-mudefer-blanco\/#primaryimage"},"image":{"@id":"https:\/\/labotera.com\/es\/vins\/samfora-mudefer-blanco\/#primaryimage"},"thumbnailUrl":"https:\/\/labotera.com\/wp-content\/uploads\/2020\/12\/samfora-mudefer-blanc-labotera.jpg","datePublished":"2020-12-21T09:13:26+00:00","dateModified":"2025-06-18T15:23:04+00:00","breadcrumb":{"@id":"https:\/\/labotera.com\/es\/vins\/samfora-mudefer-blanco\/#breadcrumb"},"inLanguage":"es","potentialAction":[{"@type":"ReadAction","target":["https:\/\/labotera.com\/es\/vins\/samfora-mudefer-blanco\/"]}]},{"@type":"ImageObject","inLanguage":"es","@id":"https:\/\/labotera.com\/es\/vins\/samfora-mudefer-blanco\/#primaryimage","url":"https:\/\/labotera.com\/wp-content\/uploads\/2020\/12\/samfora-mudefer-blanc-labotera.jpg","contentUrl":"https:\/\/labotera.com\/wp-content\/uploads\/2020\/12\/samfora-mudefer-blanc-labotera.jpg","width":1080,"height":1080},{"@type":"BreadcrumbList","@id":"https:\/\/labotera.com\/es\/vins\/samfora-mudefer-blanco\/#breadcrumb","itemListElement":[{"@type":"ListItem","position":1,"name":"Portada","item":"https:\/\/labotera.com\/es\/"},{"@type":"ListItem","position":2,"name":"Productos","item":"https:\/\/labotera.com\/es\/shop\/"},{"@type":"ListItem","position":3,"name":"S&#8217;\u00c0mfora Mud\u00e8fer Blanco"}]},{"@type":"WebSite","@id":"https:\/\/labotera.com\/es\/#website","url":"https:\/\/labotera.com\/es\/","name":"Celler La Botera - Terra Alta","description":"","publisher":{"@id":"https:\/\/labotera.com\/es\/#organization"},"potentialAction":[{"@type":"SearchAction","target":{"@type":"EntryPoint","urlTemplate":"https:\/\/labotera.com\/es\/?s={search_term_string}"},"query-input":{"@type":"PropertyValueSpecification","valueRequired":true,"valueName":"search_term_string"}}],"inLanguage":"es"},{"@type":"Organization","@id":"https:\/\/labotera.com\/es\/#organization","name":"Celler La Botera","url":"https:\/\/labotera.com\/es\/","logo":{"@type":"ImageObject","inLanguage":"es","@id":"https:\/\/labotera.com\/es\/#\/schema\/logo\/image\/","url":"https:\/\/labotera.com\/wp-content\/uploads\/2019\/07\/logo-labotera-facturas.png","contentUrl":"https:\/\/labotera.com\/wp-content\/uploads\/2019\/07\/logo-labotera-facturas.png","width":208,"height":40,"caption":"Celler La Botera"},"image":{"@id":"https:\/\/labotera.com\/es\/#\/schema\/logo\/image\/"}}]}},"jetpack_sharing_enabled":true,"_links":{"self":[{"href":"https:\/\/labotera.com\/es\/wp-json\/wp\/v2\/product\/33435","targetHints":{"allow":["GET"]}}],"collection":[{"href":"https:\/\/labotera.com\/es\/wp-json\/wp\/v2\/product"}],"about":[{"href":"https:\/\/labotera.com\/es\/wp-json\/wp\/v2\/types\/product"}],"wp:featuredmedia":[{"embeddable":true,"href":"https:\/\/labotera.com\/es\/wp-json\/wp\/v2\/media\/33449"}],"wp:attachment":[{"href":"https:\/\/labotera.com\/es\/wp-json\/wp\/v2\/media?parent=33435"}],"wp:term":[{"taxonomy":"product_brand","embeddable":true,"href":"https:\/\/labotera.com\/es\/wp-json\/wp\/v2\/product_brand?post=33435"},{"taxonomy":"product_cat","embeddable":true,"href":"https:\/\/labotera.com\/es\/wp-json\/wp\/v2\/product_cat?post=33435"},{"taxonomy":"product_tag","embeddable":true,"href":"https:\/\/labotera.com\/es\/wp-json\/wp\/v2\/product_tag?post=33435"}],"curies":[{"name":"wp","href":"https:\/\/api.w.org\/{rel}","templated":true}]}}