{"id":41114,"date":"2022-06-14T12:04:56","date_gmt":"2022-06-14T10:37:36","guid":{"rendered":"https:\/\/labotera.com\/?post_type=product&#038;p=41114"},"modified":"2022-06-15T09:19:28","modified_gmt":"2022-06-15T07:19:28","slug":"lote-de-anfora-cata","status":"publish","type":"product","link":"https:\/\/labotera.com\/es\/vins\/lote-de-anfora-cata\/","title":{"rendered":"Lote de \u00e1nfora + cata"},"content":{"rendered":"","protected":false},"excerpt":{"rendered":"<p>Lote formado por:<\/p>\n<ul>\n<li>2 \u00c1nforas Mud\u00e8fer, de vino blanco o negro (175 \u20ac\/\u00e1nfora)<\/li>\n<li>Una degustaci\u00f3n de 3 vinos en la bodega para dos personas (7 \u20ac\/persona)<\/li>\n<\/ul>\n","protected":false},"featured_media":41132,"template":"","meta":{"_joinchat":[]},"product_brand":[],"product_cat":[630,248],"product_tag":[],"class_list":{"0":"post-41114","1":"product","2":"type-product","3":"status-publish","4":"has-post-thumbnail","6":"product_cat-packs-especiales","7":"product_cat-productos","8":"product_shipping_class-lotes","9":"description-off","11":"first","12":"instock","13":"taxable","14":"shipping-taxable","15":"purchasable","16":"product-type-simple"},"yoast_head":"<!-- This site is optimized with the Yoast SEO plugin v25.5 - https:\/\/yoast.com\/wordpress\/plugins\/seo\/ -->\n<title>Lote de \u00e1nfora + cata - Celler La Botera - Terra Alta<\/title>\n<meta name=\"robots\" content=\"index, follow, max-snippet:-1, max-image-preview:large, max-video-preview:-1\" \/>\n<link rel=\"canonical\" href=\"https:\/\/labotera.com\/es\/vins\/lote-de-anfora-cata\/\" \/>\n<meta property=\"og:locale\" content=\"es_ES\" \/>\n<meta property=\"og:type\" content=\"article\" \/>\n<meta property=\"og:title\" content=\"Lote de \u00e1nfora + cata - Celler La Botera - Terra Alta\" \/>\n<meta property=\"og:description\" content=\"Lote formado por:   2 \u00c1nforas Mud\u00e8fer, de vino blanco o negro (175 \u20ac\/\u00e1nfora)  Una degustaci\u00f3n de 3 vinos en la bodega para dos personas (7 \u20ac\/persona)\" \/>\n<meta property=\"og:url\" content=\"https:\/\/labotera.com\/es\/vins\/lote-de-anfora-cata\/\" \/>\n<meta property=\"og:site_name\" content=\"Celler La Botera - Terra Alta\" \/>\n<meta property=\"article:modified_time\" content=\"2022-06-15T07:19:28+00:00\" \/>\n<meta property=\"og:image\" content=\"https:\/\/labotera.com\/wp-content\/uploads\/2022\/06\/lot-samfora-mudefer-la-botera.jpg\" \/>\n\t<meta property=\"og:image:width\" content=\"500\" \/>\n\t<meta property=\"og:image:height\" content=\"500\" \/>\n\t<meta property=\"og:image:type\" content=\"image\/jpeg\" \/>\n<meta name=\"twitter:card\" content=\"summary_large_image\" \/>\n<script type=\"application\/ld+json\" class=\"yoast-schema-graph\">{\"@context\":\"https:\/\/schema.org\",\"@graph\":[{\"@type\":\"WebPage\",\"@id\":\"https:\/\/labotera.com\/es\/vins\/lote-de-anfora-cata\/\",\"url\":\"https:\/\/labotera.com\/es\/vins\/lote-de-anfora-cata\/\",\"name\":\"Lote de \u00e1nfora + cata - Celler La Botera - Terra Alta\",\"isPartOf\":{\"@id\":\"https:\/\/labotera.com\/es\/#website\"},\"primaryImageOfPage\":{\"@id\":\"https:\/\/labotera.com\/es\/vins\/lote-de-anfora-cata\/#primaryimage\"},\"image\":{\"@id\":\"https:\/\/labotera.com\/es\/vins\/lote-de-anfora-cata\/#primaryimage\"},\"thumbnailUrl\":\"https:\/\/labotera.com\/wp-content\/uploads\/2022\/06\/lot-samfora-mudefer-la-botera.jpg\",\"datePublished\":\"2022-06-14T10:37:36+00:00\",\"dateModified\":\"2022-06-15T07:19:28+00:00\",\"breadcrumb\":{\"@id\":\"https:\/\/labotera.com\/es\/vins\/lote-de-anfora-cata\/#breadcrumb\"},\"inLanguage\":\"es\",\"potentialAction\":[{\"@type\":\"ReadAction\",\"target\":[\"https:\/\/labotera.com\/es\/vins\/lote-de-anfora-cata\/\"]}]},{\"@type\":\"ImageObject\",\"inLanguage\":\"es\",\"@id\":\"https:\/\/labotera.com\/es\/vins\/lote-de-anfora-cata\/#primaryimage\",\"url\":\"https:\/\/labotera.com\/wp-content\/uploads\/2022\/06\/lot-samfora-mudefer-la-botera.jpg\",\"contentUrl\":\"https:\/\/labotera.com\/wp-content\/uploads\/2022\/06\/lot-samfora-mudefer-la-botera.jpg\",\"width\":500,\"height\":500},{\"@type\":\"BreadcrumbList\",\"@id\":\"https:\/\/labotera.com\/es\/vins\/lote-de-anfora-cata\/#breadcrumb\",\"itemListElement\":[{\"@type\":\"ListItem\",\"position\":1,\"name\":\"Portada\",\"item\":\"https:\/\/labotera.com\/es\/\"},{\"@type\":\"ListItem\",\"position\":2,\"name\":\"Productos\",\"item\":\"https:\/\/labotera.com\/es\/shop\/\"},{\"@type\":\"ListItem\",\"position\":3,\"name\":\"Lote de \u00e1nfora + cata\"}]},{\"@type\":\"WebSite\",\"@id\":\"https:\/\/labotera.com\/es\/#website\",\"url\":\"https:\/\/labotera.com\/es\/\",\"name\":\"Celler La Botera - Terra Alta\",\"description\":\"\",\"publisher\":{\"@id\":\"https:\/\/labotera.com\/es\/#organization\"},\"potentialAction\":[{\"@type\":\"SearchAction\",\"target\":{\"@type\":\"EntryPoint\",\"urlTemplate\":\"https:\/\/labotera.com\/es\/?s={search_term_string}\"},\"query-input\":{\"@type\":\"PropertyValueSpecification\",\"valueRequired\":true,\"valueName\":\"search_term_string\"}}],\"inLanguage\":\"es\"},{\"@type\":\"Organization\",\"@id\":\"https:\/\/labotera.com\/es\/#organization\",\"name\":\"Celler La Botera\",\"url\":\"https:\/\/labotera.com\/es\/\",\"logo\":{\"@type\":\"ImageObject\",\"inLanguage\":\"es\",\"@id\":\"https:\/\/labotera.com\/es\/#\/schema\/logo\/image\/\",\"url\":\"https:\/\/labotera.com\/wp-content\/uploads\/2019\/07\/logo-labotera-facturas.png\",\"contentUrl\":\"https:\/\/labotera.com\/wp-content\/uploads\/2019\/07\/logo-labotera-facturas.png\",\"width\":208,\"height\":40,\"caption\":\"Celler La Botera\"},\"image\":{\"@id\":\"https:\/\/labotera.com\/es\/#\/schema\/logo\/image\/\"}}]}<\/script>\n<!-- \/ Yoast SEO plugin. -->","yoast_head_json":{"title":"Lote de \u00e1nfora + cata - Celler La Botera - Terra Alta","robots":{"index":"index","follow":"follow","max-snippet":"max-snippet:-1","max-image-preview":"max-image-preview:large","max-video-preview":"max-video-preview:-1"},"canonical":"https:\/\/labotera.com\/es\/vins\/lote-de-anfora-cata\/","og_locale":"es_ES","og_type":"article","og_title":"Lote de \u00e1nfora + cata - Celler La Botera - Terra Alta","og_description":"Lote formado por:   2 \u00c1nforas Mud\u00e8fer, de vino blanco o negro (175 \u20ac\/\u00e1nfora)  Una degustaci\u00f3n de 3 vinos en la bodega para dos personas (7 \u20ac\/persona)","og_url":"https:\/\/labotera.com\/es\/vins\/lote-de-anfora-cata\/","og_site_name":"Celler La Botera - Terra Alta","article_modified_time":"2022-06-15T07:19:28+00:00","og_image":[{"width":500,"height":500,"url":"https:\/\/labotera.com\/wp-content\/uploads\/2022\/06\/lot-samfora-mudefer-la-botera.jpg","type":"image\/jpeg"}],"twitter_card":"summary_large_image","schema":{"@context":"https:\/\/schema.org","@graph":[{"@type":"WebPage","@id":"https:\/\/labotera.com\/es\/vins\/lote-de-anfora-cata\/","url":"https:\/\/labotera.com\/es\/vins\/lote-de-anfora-cata\/","name":"Lote de \u00e1nfora + cata - Celler La Botera - Terra Alta","isPartOf":{"@id":"https:\/\/labotera.com\/es\/#website"},"primaryImageOfPage":{"@id":"https:\/\/labotera.com\/es\/vins\/lote-de-anfora-cata\/#primaryimage"},"image":{"@id":"https:\/\/labotera.com\/es\/vins\/lote-de-anfora-cata\/#primaryimage"},"thumbnailUrl":"https:\/\/labotera.com\/wp-content\/uploads\/2022\/06\/lot-samfora-mudefer-la-botera.jpg","datePublished":"2022-06-14T10:37:36+00:00","dateModified":"2022-06-15T07:19:28+00:00","breadcrumb":{"@id":"https:\/\/labotera.com\/es\/vins\/lote-de-anfora-cata\/#breadcrumb"},"inLanguage":"es","potentialAction":[{"@type":"ReadAction","target":["https:\/\/labotera.com\/es\/vins\/lote-de-anfora-cata\/"]}]},{"@type":"ImageObject","inLanguage":"es","@id":"https:\/\/labotera.com\/es\/vins\/lote-de-anfora-cata\/#primaryimage","url":"https:\/\/labotera.com\/wp-content\/uploads\/2022\/06\/lot-samfora-mudefer-la-botera.jpg","contentUrl":"https:\/\/labotera.com\/wp-content\/uploads\/2022\/06\/lot-samfora-mudefer-la-botera.jpg","width":500,"height":500},{"@type":"BreadcrumbList","@id":"https:\/\/labotera.com\/es\/vins\/lote-de-anfora-cata\/#breadcrumb","itemListElement":[{"@type":"ListItem","position":1,"name":"Portada","item":"https:\/\/labotera.com\/es\/"},{"@type":"ListItem","position":2,"name":"Productos","item":"https:\/\/labotera.com\/es\/shop\/"},{"@type":"ListItem","position":3,"name":"Lote de \u00e1nfora + cata"}]},{"@type":"WebSite","@id":"https:\/\/labotera.com\/es\/#website","url":"https:\/\/labotera.com\/es\/","name":"Celler La Botera - Terra Alta","description":"","publisher":{"@id":"https:\/\/labotera.com\/es\/#organization"},"potentialAction":[{"@type":"SearchAction","target":{"@type":"EntryPoint","urlTemplate":"https:\/\/labotera.com\/es\/?s={search_term_string}"},"query-input":{"@type":"PropertyValueSpecification","valueRequired":true,"valueName":"search_term_string"}}],"inLanguage":"es"},{"@type":"Organization","@id":"https:\/\/labotera.com\/es\/#organization","name":"Celler La Botera","url":"https:\/\/labotera.com\/es\/","logo":{"@type":"ImageObject","inLanguage":"es","@id":"https:\/\/labotera.com\/es\/#\/schema\/logo\/image\/","url":"https:\/\/labotera.com\/wp-content\/uploads\/2019\/07\/logo-labotera-facturas.png","contentUrl":"https:\/\/labotera.com\/wp-content\/uploads\/2019\/07\/logo-labotera-facturas.png","width":208,"height":40,"caption":"Celler La Botera"},"image":{"@id":"https:\/\/labotera.com\/es\/#\/schema\/logo\/image\/"}}]}},"jetpack_sharing_enabled":true,"_links":{"self":[{"href":"https:\/\/labotera.com\/es\/wp-json\/wp\/v2\/product\/41114","targetHints":{"allow":["GET"]}}],"collection":[{"href":"https:\/\/labotera.com\/es\/wp-json\/wp\/v2\/product"}],"about":[{"href":"https:\/\/labotera.com\/es\/wp-json\/wp\/v2\/types\/product"}],"wp:featuredmedia":[{"embeddable":true,"href":"https:\/\/labotera.com\/es\/wp-json\/wp\/v2\/media\/41132"}],"wp:attachment":[{"href":"https:\/\/labotera.com\/es\/wp-json\/wp\/v2\/media?parent=41114"}],"wp:term":[{"taxonomy":"product_brand","embeddable":true,"href":"https:\/\/labotera.com\/es\/wp-json\/wp\/v2\/product_brand?post=41114"},{"taxonomy":"product_cat","embeddable":true,"href":"https:\/\/labotera.com\/es\/wp-json\/wp\/v2\/product_cat?post=41114"},{"taxonomy":"product_tag","embeddable":true,"href":"https:\/\/labotera.com\/es\/wp-json\/wp\/v2\/product_tag?post=41114"}],"curies":[{"name":"wp","href":"https:\/\/api.w.org\/{rel}","templated":true}]}}